{"id":6712,"date":"2021-05-21T10:00:00","date_gmt":"2021-05-21T10:00:00","guid":{"rendered":"https:\/\/www.web-rr.de\/GHS-Buecherei\/?page_id=6712"},"modified":"2021-05-21T23:00:00","modified_gmt":"2021-05-21T23:00:00","slug":"p9783944102344","status":"publish","type":"page","link":"https:\/\/www.web-rr.de\/GHS-Buecherei\/index.php\/p9783944102344\/","title":{"rendered":"L\u00e4nder &#8211; Europa 16"},"content":{"rendered":"<table><tbody><tr><td class='rDTitel' colspan='2'>Naturf\u00fchrer f\u00fcr Kinder - Natur- und Landschaftsf\u00fchrer Mecklenburg-Vorpommern<\/td><\/tr><tr><td><span class='rDLabel1'>Status: <\/span><span class='rDText1Gruen'>vorhanden<\/span><\/td><td><span class='rDLabel1'>Antolin: <\/span><span class='rDText1Rot'>Quiz nicht vorhanden.<\/span><\/td><\/tr><tr><td width=50%><img src='https:\/\/www.web-rr.de\/GHS-Buecherei\/wp-content\/uploads\/9783944102344.jpg' alt=''><\/td><td><p class='rDLabel2'>von <span class='rDText2'>Antonia Stefer<\/span><\/p><p class='rDLabel2'>Verlag: <span class='rDText2'>Demmler Verlag GmbH,  2021,  17.50 \u20ac<\/span><\/p><p class='rDLabel2'>B\u00fccherei-Barcode: <span class='rDText2'>9783944102344<\/span><\/p><p class='rDLabel2'>In der B\u00fccherei erfasst am: <span class='rDText2'>14.10.2021<\/span><\/p><p class='rDLabel2'>Stichw\u00f6rter: <span class='rDText2'>Tier- und Pflanzenwelt, Naturschutz, \u00d6kologie,  Kulturlandschaften<\/span><\/p><p class='rDLabel2'>Lesealter ca. <span class='rDText2'>8<\/span><span class='rDLabel2'> Jahre<\/span><\/p><p class='rDLabel2'>Das Buch wurde <span class='rDText2'>0<\/span><span class='rDLabel2'> mal gelesen.<\/span><\/p><\/td><\/tr><tr><td colspan='2'><p class='rDLabel1'>Inhalt:<\/p><span class='rDText2'>Der Naturf\u00fchrer f\u00fcr Kinder gibt einen reich bebilderten Einblick in die faszinierenden Land-schaften Mecklenburg-Vorpommerns, in seine Tier- und Pflanzenwelt, seine Kulturlandschaften und \u00f6kologischen Biotope. Kinder und Erwachsenen werden verbreitete und seltene Arten mit ihren speziellen Bed\u00fcrfnissen und besonderen Erscheinungsformen vorgestellt. Dar\u00fcber hinaus zeigen die Autoren das fragile Zusammenleben der Bewohner in den vom Menschen stark ge-pr\u00e4gten Kulturlandschaften und in den gesch\u00fctzten Biotopen. Das Buch f\u00fchrt ein in Fragen von Naturschutz und \u00d6kologie und erkl\u00e4rt gut verst\u00e4ndlich Zusammenh\u00e4nge und Schwierigkeiten bei der L\u00f6sung der \u00f6kologischen Probleme, die auch in Mecklenburg-Vorpommern sichtbar werden.\n\r\n\r<\/span><\/td><\/tr><tr><td colspan='2'><a href='#' onclick='history.back(); return false'>Zur\u00fcck<\/a><\/td><\/tr><\/tbody><\/table>\n","protected":false},"excerpt":{"rendered":"<p>&#8211;<\/p>\n","protected":false},"author":1,"featured_media":0,"parent":0,"menu_order":0,"comment_status":"closed","ping_status":"closed","template":"","meta":[],"_links":{"self":[{"href":"https:\/\/www.web-rr.de\/GHS-Buecherei\/index.php\/wp-json\/wp\/v2\/pages\/6712"}],"collection":[{"href":"https:\/\/www.web-rr.de\/GHS-Buecherei\/index.php\/wp-json\/wp\/v2\/pages"}],"about":[{"href":"https:\/\/www.web-rr.de\/GHS-Buecherei\/index.php\/wp-json\/wp\/v2\/types\/page"}],"author":[{"embeddable":true,"href":"https:\/\/www.web-rr.de\/GHS-Buecherei\/index.php\/wp-json\/wp\/v2\/users\/1"}],"replies":[{"embeddable":true,"href":"https:\/\/www.web-rr.de\/GHS-Buecherei\/index.php\/wp-json\/wp\/v2\/comments?post=6712"}],"version-history":[{"count":0,"href":"https:\/\/www.web-rr.de\/GHS-Buecherei\/index.php\/wp-json\/wp\/v2\/pages\/6712\/revisions"}],"wp:attachment":[{"href":"https:\/\/www.web-rr.de\/GHS-Buecherei\/index.php\/wp-json\/wp\/v2\/media?parent=6712"}],"curies":[{"name":"wp","href":"https:\/\/api.w.org\/{rel}","templated":true}]}}