{"id":6711,"date":"2021-05-21T10:00:00","date_gmt":"2021-05-21T10:00:00","guid":{"rendered":"https:\/\/www.web-rr.de\/GHS-Buecherei\/?page_id=6711"},"modified":"2021-05-21T23:00:00","modified_gmt":"2021-05-21T23:00:00","slug":"p9783899558364","status":"publish","type":"page","link":"https:\/\/www.web-rr.de\/GHS-Buecherei\/index.php\/p9783899558364\/","title":{"rendered":"Erde &#8211; Planet 13"},"content":{"rendered":"<table><tbody><tr><td class='rDTitel' colspan='2'>So geht Planet! - Wissenswertes f\u00fcr junge Erdbewohner<\/td><\/tr><tr><td><span class='rDLabel1'>Status: <\/span><span class='rDText1Gruen'>vorhanden<\/span><\/td><td><span class='rDLabel1'>Antolin: <\/span><span class='rDText1Rot'>Quiz nicht vorhanden.<\/span><\/td><\/tr><tr><td width=50%><img src='https:\/\/www.web-rr.de\/GHS-Buecherei\/wp-content\/uploads\/9783899558364.jpg' alt=''><\/td><td><p class='rDLabel2'>von <span class='rDText2'>Emmanuelle Figueras<\/span><\/p><p class='rDLabel2'>Verlag: <span class='rDText2'>Die Gestalten,  2019,  22.90 \u20ac<\/span><\/p><p class='rDLabel2'>B\u00fccherei-Barcode: <span class='rDText2'>9783899558364<\/span><\/p><p class='rDLabel2'>In der B\u00fccherei erfasst am: <span class='rDText2'>14.10.2021<\/span><\/p><p class='rDLabel2'>Stichw\u00f6rter: <span class='rDText2'>Umwelt, Weltall, Bewohner, Aufbau, Mensch, Nachhaltigkeit, Umweltschutz<\/span><\/p><p class='rDLabel2'>Lesealter ca. <span class='rDText2'>8<\/span><span class='rDLabel2'> Jahre<\/span><\/p><p class='rDLabel2'>Das Buch wurde <span class='rDText2'>0<\/span><span class='rDLabel2'> mal gelesen.<\/span><\/p><\/td><\/tr><tr><td colspan='2'><p class='rDLabel1'>Inhalt:<\/p><span class='rDText2'>So geht Planet! nimmt seine Leser mit auf eine spannende Reise rund um unseren Planeten und sensibilisiert f\u00fcr Themen wie Nachhaltigkeit und Umweltschutz.\n\r\n\rWas kann man gegen Klimaerw\u00e4rmung tun, wie ist die Erde entstanden und gibt es eigentlich auch Leben jenseits unseres Planeten? Mit So geht Planet! lernen junge Leser die Erde besser kennen erfahren Wissenswertes \u00fcber ihren Aufbau und ihre Bewohner. Anhand eindrucksvoller Illustrationen und spannender Info-Texten erkl\u00e4rt dieses gro\u00dfformatige Sachbuch, wie unser Planet funktioniert und welche Rolle der Mensch als Mieter im gro\u00dfen Haus Erde einnimmt. So geht Planet! nimmt seine Leser mit auf eine spannende Reise rund um unseren Planeten und sensibilisiert f\u00fcr Themen wie Nachhaltigkeit und Umweltschutz.\n\r\n\r<\/span><\/td><\/tr><tr><td colspan='2'><a href='#' onclick='history.back(); return false'>Zur\u00fcck<\/a><\/td><\/tr><\/tbody><\/table>\n","protected":false},"excerpt":{"rendered":"<p>&#8211;<\/p>\n","protected":false},"author":1,"featured_media":0,"parent":0,"menu_order":0,"comment_status":"closed","ping_status":"closed","template":"","meta":[],"_links":{"self":[{"href":"https:\/\/www.web-rr.de\/GHS-Buecherei\/index.php\/wp-json\/wp\/v2\/pages\/6711"}],"collection":[{"href":"https:\/\/www.web-rr.de\/GHS-Buecherei\/index.php\/wp-json\/wp\/v2\/pages"}],"about":[{"href":"https:\/\/www.web-rr.de\/GHS-Buecherei\/index.php\/wp-json\/wp\/v2\/types\/page"}],"author":[{"embeddable":true,"href":"https:\/\/www.web-rr.de\/GHS-Buecherei\/index.php\/wp-json\/wp\/v2\/users\/1"}],"replies":[{"embeddable":true,"href":"https:\/\/www.web-rr.de\/GHS-Buecherei\/index.php\/wp-json\/wp\/v2\/comments?post=6711"}],"version-history":[{"count":0,"href":"https:\/\/www.web-rr.de\/GHS-Buecherei\/index.php\/wp-json\/wp\/v2\/pages\/6711\/revisions"}],"wp:attachment":[{"href":"https:\/\/www.web-rr.de\/GHS-Buecherei\/index.php\/wp-json\/wp\/v2\/media?parent=6711"}],"curies":[{"name":"wp","href":"https:\/\/api.w.org\/{rel}","templated":true}]}}