{"id":6706,"date":"2021-05-21T10:00:00","date_gmt":"2021-05-21T10:00:00","guid":{"rendered":"https:\/\/www.web-rr.de\/GHS-Buecherei\/?page_id=6706"},"modified":"2021-05-21T23:00:00","modified_gmt":"2021-05-21T23:00:00","slug":"p9783570176177","status":"publish","type":"page","link":"https:\/\/www.web-rr.de\/GHS-Buecherei\/index.php\/p9783570176177\/","title":{"rendered":"Natur &#8211; Lexika 31"},"content":{"rendered":"<table><tbody><tr><td class='rDTitel' colspan='2'>Komm mit raus, Entdeckermaus - Ein Bilderbuch \u00fcber die Wunder der Natur<\/td><\/tr><tr><td><span class='rDLabel1'>Status: <\/span><span class='rDText1Gruen'>vorhanden<\/span><\/td><td><span class='rDLabel1'>Antolin: <\/span><span class='rDText1Gruen'>ja, Empfehlung Klasse 3<\/span><\/td><\/tr><tr><td width=50%><img src='https:\/\/www.web-rr.de\/GHS-Buecherei\/wp-content\/uploads\/9783570176177.jpg' alt=''><\/td><td><p class='rDLabel2'>von <span class='rDText2'>Tereza Vostradovsk\u00e1<\/span><\/p><p class='rDLabel2'>Verlag: <span class='rDText2'>cbj Kinderbuch,  2019,  15.00 \u20ac<\/span><\/p><p class='rDLabel2'>B\u00fccherei-Barcode: <span class='rDText2'>9783570176177<\/span><\/p><p class='rDLabel2'>In der B\u00fccherei erfasst am: <span class='rDText2'>14.10.2021<\/span><\/p><p class='rDLabel2'>Stichw\u00f6rter: <span class='rDText2'>Wld, Wiese, Feld, Teich, Gartern, Natur<\/span><\/p><p class='rDLabel2'>Lesealter ca. <span class='rDText2'>7<\/span><span class='rDLabel2'> Jahre<\/span><\/p><p class='rDLabel2'>Das Buch wurde <span class='rDText2'>1<\/span><span class='rDLabel2'> mal gelesen.<\/span><\/p><\/td><\/tr><tr><td colspan='2'><p class='rDLabel1'>Inhalt:<\/p><span class='rDText2'>\u00bbDie Entdeckermaus erkundet Wald und Wiese\u00ab \n\r \n\rNeugierig erkundet die Entdeckermaus die Welt rund um ihren gem\u00fctlichen Mausbau. Dabei lernt sie die verschiedenen Tiere und Pflanzen im Wald, am Teich und im Garten kennen und erf\u00e4hrt viel Wissenswertes \u00fcber den Kreislauf der Natur. In wundersch\u00f6nen Illustrationen erz\u00e4hlt dieses Sachbilderbuch von all den kleinen und gro\u00dfen Wundern der Natur, die es direkt vor unserer Haust\u00fcr zu entdecken gilt. Viele kleine Experimente und Mitmach-Tipps laden Kindergarten- und Grundschulkinder zum Ausprobieren und Nachmachen ein. Ein tolles Geschenk f\u00fcr kleine Natur-Entdecker.<\/span><\/td><\/tr><tr><td colspan='2'><a href='#' onclick='history.back(); return false'>Zur\u00fcck<\/a><\/td><\/tr><\/tbody><\/table>\n","protected":false},"excerpt":{"rendered":"<p>&#8211;<\/p>\n","protected":false},"author":1,"featured_media":0,"parent":0,"menu_order":0,"comment_status":"closed","ping_status":"closed","template":"","meta":[],"_links":{"self":[{"href":"https:\/\/www.web-rr.de\/GHS-Buecherei\/index.php\/wp-json\/wp\/v2\/pages\/6706"}],"collection":[{"href":"https:\/\/www.web-rr.de\/GHS-Buecherei\/index.php\/wp-json\/wp\/v2\/pages"}],"about":[{"href":"https:\/\/www.web-rr.de\/GHS-Buecherei\/index.php\/wp-json\/wp\/v2\/types\/page"}],"author":[{"embeddable":true,"href":"https:\/\/www.web-rr.de\/GHS-Buecherei\/index.php\/wp-json\/wp\/v2\/users\/1"}],"replies":[{"embeddable":true,"href":"https:\/\/www.web-rr.de\/GHS-Buecherei\/index.php\/wp-json\/wp\/v2\/comments?post=6706"}],"version-history":[{"count":0,"href":"https:\/\/www.web-rr.de\/GHS-Buecherei\/index.php\/wp-json\/wp\/v2\/pages\/6706\/revisions"}],"wp:attachment":[{"href":"https:\/\/www.web-rr.de\/GHS-Buecherei\/index.php\/wp-json\/wp\/v2\/media?parent=6706"}],"curies":[{"name":"wp","href":"https:\/\/api.w.org\/{rel}","templated":true}]}}