{"id":6700,"date":"2021-05-21T10:00:00","date_gmt":"2021-05-21T10:00:00","guid":{"rendered":"https:\/\/www.web-rr.de\/GHS-Buecherei\/?page_id=6700"},"modified":"2021-05-21T23:00:00","modified_gmt":"2021-05-21T23:00:00","slug":"p9783841505699","status":"publish","type":"page","link":"https:\/\/www.web-rr.de\/GHS-Buecherei\/index.php\/p9783841505699\/","title":{"rendered":"M\u00e4dchen 09"},"content":{"rendered":"<table><tbody><tr><td class='rDTitel' colspan='2'>100 funkelnde Zauberkleider 1<\/td><\/tr><tr><td><span class='rDLabel1'>Status: <\/span><span class='rDText1Gruen'>vorhanden<\/span><\/td><td><span class='rDLabel1'>Antolin: <\/span><span class='rDText1Gruen'>ja, Empfehlung Klasse 4<\/span><\/td><\/tr><tr><td width=50%><img src='https:\/\/www.web-rr.de\/GHS-Buecherei\/wp-content\/uploads\/9783841505699.jpg' alt=''><\/td><td><p class='rDLabel2'>von <span class='rDText2'>Susan Maupin Schmid<\/span><\/p><p class='rDLabel2'>Verlag: <span class='rDText2'>Oetinger Taschenbuch,  2019,  6.00 \u20ac<\/span><\/p><p class='rDLabel2'>B\u00fccherei-Barcode: <span class='rDText2'>9783841505699<\/span><\/p><p class='rDLabel2'>In der B\u00fccherei erfasst am: <span class='rDText2'>14.10.2021<\/span><\/p><p class='rDLabel2'>Stichw\u00f6rter: <span class='rDText2'>Schloss, Geheimnis, Zauber, Prinzen<\/span><\/p><p class='rDLabel2'>Lesealter ca. <span class='rDText2'>8<\/span><span class='rDLabel2'> Jahre<\/span><\/p><p class='rDLabel2'>Das Buch wurde <span class='rDText2'>0<\/span><span class='rDLabel2'> mal gelesen.<\/span><\/p><\/td><\/tr><tr><td colspan='2'><p class='rDLabel1'>Inhalt:<\/p><span class='rDText2'>Zieht magisch an: Lesezauber f\u00fcr M\u00e4dchen. Der Stoff, aus dem M\u00e4dchentr\u00e4ume sind! Ein Schloss mit magischen Geheimnissen, ein vergessenes Ankleidezimmer und einhundert wundersch\u00f6ne Kleider, die es in sich haben. Denn jedes dieser Kleider verwandelt Darling Dimple in eine andere Person! Ein Zauber, der sich als \u00fcberaus praktisch erweist, wenn man eine Prinzessin vor einem hinterh\u00e4ltigen Prinzen besch\u00fctzen und mithin ein ganzes K\u00f6nigreich vor Drachen bewahren muss. Der perfekte Mix f\u00fcr M\u00e4dchen: Glitzerkleider und eine funkelnde Prise Magie. Modern, witzig und mit vielen zauberhaften Momenten!\n\r\n\rGro\u00dfe Magie zum kleinen Preis. Topaktueller Titel erstmals im Taschenbuch. Nur f\u00fcr kurze Zeit: Eyecatcher in exklusiver Reihengestaltung. Weitere B\u00e4nde der Reihe: Der zauberhafte Wunschbuchladen (Katja Frixe)Club der Heldinnen. Entf\u00fchrung im Internat (Nina Weger), Club der Heldinnen. Entf\u00fchrung im Internat (Nina Weger), Das magische Zaubertandem (Andrea Sch\u00fctze)\n\r\n\r<\/span><\/td><\/tr><tr><td colspan='2'><a href='#' onclick='history.back(); return false'>Zur\u00fcck<\/a><\/td><\/tr><\/tbody><\/table>\n","protected":false},"excerpt":{"rendered":"<p>&#8211;<\/p>\n","protected":false},"author":1,"featured_media":0,"parent":0,"menu_order":0,"comment_status":"closed","ping_status":"closed","template":"","meta":[],"_links":{"self":[{"href":"https:\/\/www.web-rr.de\/GHS-Buecherei\/index.php\/wp-json\/wp\/v2\/pages\/6700"}],"collection":[{"href":"https:\/\/www.web-rr.de\/GHS-Buecherei\/index.php\/wp-json\/wp\/v2\/pages"}],"about":[{"href":"https:\/\/www.web-rr.de\/GHS-Buecherei\/index.php\/wp-json\/wp\/v2\/types\/page"}],"author":[{"embeddable":true,"href":"https:\/\/www.web-rr.de\/GHS-Buecherei\/index.php\/wp-json\/wp\/v2\/users\/1"}],"replies":[{"embeddable":true,"href":"https:\/\/www.web-rr.de\/GHS-Buecherei\/index.php\/wp-json\/wp\/v2\/comments?post=6700"}],"version-history":[{"count":0,"href":"https:\/\/www.web-rr.de\/GHS-Buecherei\/index.php\/wp-json\/wp\/v2\/pages\/6700\/revisions"}],"wp:attachment":[{"href":"https:\/\/www.web-rr.de\/GHS-Buecherei\/index.php\/wp-json\/wp\/v2\/media?parent=6700"}],"curies":[{"name":"wp","href":"https:\/\/api.w.org\/{rel}","templated":true}]}}