{"id":6697,"date":"2021-05-21T10:00:00","date_gmt":"2021-05-21T10:00:00","guid":{"rendered":"https:\/\/www.web-rr.de\/GHS-Buecherei\/?page_id=6697"},"modified":"2021-05-21T23:00:00","modified_gmt":"2021-05-21T23:00:00","slug":"p9783946100775","status":"publish","type":"page","link":"https:\/\/www.web-rr.de\/GHS-Buecherei\/index.php\/p9783946100775\/","title":{"rendered":"Diverse 20"},"content":{"rendered":"<table><tbody><tr><td class='rDTitel' colspan='2'>Miss Prinzessin und die Erbse<\/td><\/tr><tr><td><span class='rDLabel1'>Status: <\/span><span class='rDText1Gruen'>vorhanden<\/span><\/td><td><span class='rDLabel1'>Antolin: <\/span><span class='rDText1Rot'>Quiz nicht vorhanden.<\/span><\/td><\/tr><tr><td width=50%><img src='https:\/\/www.web-rr.de\/GHS-Buecherei\/wp-content\/uploads\/9783946100775.jpg' alt=''><\/td><td><p class='rDLabel2'>von <span class='rDText2'>Roger Hargreaves<\/span><\/p><p class='rDLabel2'>Verlag: <span class='rDText2'>Rieder, Susanna Verlag,  2019,  3.50 \u20ac<\/span><\/p><p class='rDLabel2'>B\u00fccherei-Barcode: <span class='rDText2'>9783946100775<\/span><\/p><p class='rDLabel2'>In der B\u00fccherei erfasst am: <span class='rDText2'>14.10.2021<\/span><\/p><p class='rDLabel2'>Stichw\u00f6rter: <span class='rDText2'>Lustig<\/span><\/p><p class='rDLabel2'>Lesealter ca. <span class='rDText2'>6<\/span><span class='rDLabel2'> Jahre<\/span><\/p><p class='rDLabel2'>Das Buch wurde <span class='rDText2'>1<\/span><span class='rDLabel2'> mal gelesen.<\/span><\/p><\/td><\/tr><tr><td colspan='2'><p class='rDLabel1'>Inhalt:<\/p><span class='rDText2'>Ein weiterer Titel der beliebten Mr. Men Little Miss Reihe. F\u00fcr den Buchhandel stehen verschiedene Thekendisplays und Tischdrehst\u00e4nder als Pr\u00e4sentationsm\u00f6glichkeiten zur Verf\u00fcgung. Die Reihe wurde mit dem German Design Award 2018 in der Kategorie Books and Calendars ausgezeichnet. Die Kultserie entstand im Jahr 1971. Ihr Sch\u00f6pfer ist Roger Hargreaves, der bis zu seinem fr\u00fchen Tod \u00fcber 80 verschiedene Charaktere schuf. Inzwischen f\u00fchrt Sohn Adam die Reihe fort, bis heute entstehen laufend neue Titel. Die Figuren sind genial einfach und doch unglaublich ausdrucksstark, ansprechend, witzig und pointiert, ein h\u00f6chst humorvoller Kosmos der verschiedensten menschlichen Eigenschaften und Charakterz\u00fcge. Mr. Men Little Miss ist eine der erfolgreichsten Kinderbuchreihen der letzten Jahrzehnte und erscheint seit 2010 im Susanna Rieder Verlag in neuer deutscher \u00dcbersetzung.\n\r\n\r<\/span><\/td><\/tr><tr><td colspan='2'><a href='#' onclick='history.back(); return false'>Zur\u00fcck<\/a><\/td><\/tr><\/tbody><\/table>\n","protected":false},"excerpt":{"rendered":"<p>&#8211;<\/p>\n","protected":false},"author":1,"featured_media":0,"parent":0,"menu_order":0,"comment_status":"closed","ping_status":"closed","template":"","meta":[],"_links":{"self":[{"href":"https:\/\/www.web-rr.de\/GHS-Buecherei\/index.php\/wp-json\/wp\/v2\/pages\/6697"}],"collection":[{"href":"https:\/\/www.web-rr.de\/GHS-Buecherei\/index.php\/wp-json\/wp\/v2\/pages"}],"about":[{"href":"https:\/\/www.web-rr.de\/GHS-Buecherei\/index.php\/wp-json\/wp\/v2\/types\/page"}],"author":[{"embeddable":true,"href":"https:\/\/www.web-rr.de\/GHS-Buecherei\/index.php\/wp-json\/wp\/v2\/users\/1"}],"replies":[{"embeddable":true,"href":"https:\/\/www.web-rr.de\/GHS-Buecherei\/index.php\/wp-json\/wp\/v2\/comments?post=6697"}],"version-history":[{"count":0,"href":"https:\/\/www.web-rr.de\/GHS-Buecherei\/index.php\/wp-json\/wp\/v2\/pages\/6697\/revisions"}],"wp:attachment":[{"href":"https:\/\/www.web-rr.de\/GHS-Buecherei\/index.php\/wp-json\/wp\/v2\/media?parent=6697"}],"curies":[{"name":"wp","href":"https:\/\/api.w.org\/{rel}","templated":true}]}}