{"id":6695,"date":"2021-05-21T10:00:00","date_gmt":"2021-05-21T10:00:00","guid":{"rendered":"https:\/\/www.web-rr.de\/GHS-Buecherei\/?page_id=6695"},"modified":"2021-05-21T23:00:00","modified_gmt":"2021-05-21T23:00:00","slug":"p9783956143274","status":"publish","type":"page","link":"https:\/\/www.web-rr.de\/GHS-Buecherei\/index.php\/p9783956143274\/","title":{"rendered":"Kunst 28"},"content":{"rendered":"<table><tbody><tr><td class='rDTitel' colspan='2'>Bl\u00f6des Bild!<\/td><\/tr><tr><td><span class='rDLabel1'>Status: <\/span><span class='rDText1Gruen'>vorhanden<\/span><\/td><td><span class='rDLabel1'>Antolin: <\/span><span class='rDText1Rot'>Quiz nicht vorhanden.<\/span><\/td><\/tr><tr><td width=50%><img src='https:\/\/www.web-rr.de\/GHS-Buecherei\/wp-content\/uploads\/9783956143274.jpg' alt=''><\/td><td><p class='rDLabel2'>von <span class='rDText2'>Johanna Thydell<\/span><\/p><p class='rDLabel2'>Verlag: <span class='rDText2'>Kunstmann,  2019,  15.00 \u20ac<\/span><\/p><p class='rDLabel2'>B\u00fccherei-Barcode: <span class='rDText2'>9783956143274<\/span><\/p><p class='rDLabel2'>In der B\u00fccherei erfasst am: <span class='rDText2'>14.10.2021<\/span><\/p><p class='rDLabel2'>Stichw\u00f6rter: <span class='rDText2'>Malen, Bilder, Familie, Gef\u00fchle, Entwicklung<\/span><\/p><p class='rDLabel2'>Lesealter ca. <span class='rDText2'>6<\/span><span class='rDLabel2'> Jahre<\/span><\/p><p class='rDLabel2'>Das Buch wurde <span class='rDText2'>0<\/span><span class='rDLabel2'> mal gelesen.<\/span><\/p><\/td><\/tr><tr><td colspan='2'><p class='rDLabel1'>Inhalt:<\/p><span class='rDText2'>Ein herzerw\u00e4rmendes, humorvolles Buch f\u00fcr kleine Schwestern, gro\u00dfe Br\u00fcder  und alle anderen, die manchmal alles bl\u00f6d finden. Der gro\u00dfe Bruder kann so toll malen! Mini w\u00fcrde es gerne genauso gut k\u00f6nnen, oder am besten noch viel besser. Das Problem ist, dass sie drei Jahre j\u00fcnger ist als er. Das Problem ist, dass sie nicht einmal eine Idee hat, was sie malen k\u00f6nnte. Irgendwann f\u00e4llt ihr was ein: Schnee! Eine tolle Idee, doch leider ist auch das ein Problem: Wei\u00df auf Wei\u00df, das klappt nicht. \u00dcberhaupt gar nicht. Bl\u00f6des Bild! Bl\u00f6der Bruder, der alles besser wei\u00df. Und bl\u00f6de Katze, die dann auch noch die Vase umwirft und das Bild durchn\u00e4sst Bl\u00f6des Bild ist nicht nur eine herzerw\u00e4rmend erz\u00e4hlte und humorvoll illustrierte Geschichte \u00fcber Lust und Frust des kreativen Schaffens, sondern auch das wunderbare Portr\u00e4t einer kleinen Schwester, die gerne alles so gut k\u00f6nnen m\u00f6chte wie ihr Bruder  und die sehr, sehr w\u00fctend wird, wenn nichts so gelingt, wie sie sich das vorstellt. Und eines \u00e4lteren Bruders, der seine Schwester sehr lieb hat und ihr am Ende ein gro\u00dfe Freude macht, indem er ihr zeigt, dass sie viel mehr kann, als sie glaubt.\n\r\n\r<\/span><\/td><\/tr><tr><td colspan='2'><a href='#' onclick='history.back(); return false'>Zur\u00fcck<\/a><\/td><\/tr><\/tbody><\/table>\n","protected":false},"excerpt":{"rendered":"<p>&#8211;<\/p>\n","protected":false},"author":1,"featured_media":0,"parent":0,"menu_order":0,"comment_status":"closed","ping_status":"closed","template":"","meta":[],"_links":{"self":[{"href":"https:\/\/www.web-rr.de\/GHS-Buecherei\/index.php\/wp-json\/wp\/v2\/pages\/6695"}],"collection":[{"href":"https:\/\/www.web-rr.de\/GHS-Buecherei\/index.php\/wp-json\/wp\/v2\/pages"}],"about":[{"href":"https:\/\/www.web-rr.de\/GHS-Buecherei\/index.php\/wp-json\/wp\/v2\/types\/page"}],"author":[{"embeddable":true,"href":"https:\/\/www.web-rr.de\/GHS-Buecherei\/index.php\/wp-json\/wp\/v2\/users\/1"}],"replies":[{"embeddable":true,"href":"https:\/\/www.web-rr.de\/GHS-Buecherei\/index.php\/wp-json\/wp\/v2\/comments?post=6695"}],"version-history":[{"count":0,"href":"https:\/\/www.web-rr.de\/GHS-Buecherei\/index.php\/wp-json\/wp\/v2\/pages\/6695\/revisions"}],"wp:attachment":[{"href":"https:\/\/www.web-rr.de\/GHS-Buecherei\/index.php\/wp-json\/wp\/v2\/media?parent=6695"}],"curies":[{"name":"wp","href":"https:\/\/api.w.org\/{rel}","templated":true}]}}