{"id":6687,"date":"2021-05-21T10:00:00","date_gmt":"2021-05-21T10:00:00","guid":{"rendered":"https:\/\/www.web-rr.de\/GHS-Buecherei\/?page_id=6687"},"modified":"2021-05-21T23:00:00","modified_gmt":"2021-05-21T23:00:00","slug":"p9783946807360","status":"publish","type":"page","link":"https:\/\/www.web-rr.de\/GHS-Buecherei\/index.php\/p9783946807360\/","title":{"rendered":"Natur &#8211; Pflanzen 15"},"content":{"rendered":"<table><tbody><tr><td class='rDTitel' colspan='2'>Die Tulpe l\u00e4dt zum Riechen ein: Gezeichnete Gedichte - f\u00fcr Kinder<\/td><\/tr><tr><td><span class='rDLabel1'>Status: <\/span><span class='rDText1Gruen'>vorhanden<\/span><\/td><td><span class='rDLabel1'>Antolin: <\/span><span class='rDText1Rot'>Quiz nicht vorhanden.<\/span><\/td><\/tr><tr><td width=50%><img src='https:\/\/www.web-rr.de\/GHS-Buecherei\/wp-content\/uploads\/9783946807360.jpg' alt=''><\/td><td><p class='rDLabel2'>von <span class='rDText2'>Sebastian Polmans<\/span><\/p><p class='rDLabel2'>Verlag: <span class='rDText2'>B\u00fcb\u00fcl Verlag,  2019,  10.00 \u20ac<\/span><\/p><p class='rDLabel2'>B\u00fccherei-Barcode: <span class='rDText2'>9783946807360<\/span><\/p><p class='rDLabel2'>In der B\u00fccherei erfasst am: <span class='rDText2'>14.10.2021<\/span><\/p><p class='rDLabel2'>Stichw\u00f6rter: <span class='rDText2'>Tanzradieschen, Sch\u00fcttelreime, Mehl und Mandeln, wilde Schweine, Sprachwitz<\/span><\/p><p class='rDLabel2'>Lesealter ca. <span class='rDText2'>7<\/span><span class='rDLabel2'> Jahre<\/span><\/p><p class='rDLabel2'>Das Buch wurde <span class='rDText2'>0<\/span><span class='rDLabel2'> mal gelesen.<\/span><\/p><\/td><\/tr><tr><td colspan='2'><p class='rDLabel1'>Inhalt:<\/p><span class='rDText2'>Tanzradieschen, Sch\u00fcttelreime, Mehl und Mandeln, wilde Schweine - Mit viel Liebe und Humor l\u00e4dt Sebastian Polmans mit seinen Gedichten f\u00fcr Kinder und seinen Zeichnungen - seinen gezeichneten Gedichten - Kinder und Erwachsene dazu ein, ins Gespr\u00e4ch zu kommen: \u00fcber Pflanzen und Tiere, Freundschaft und Gewitter, \u00fcber das Leben auf unserem Planeten.\r\nEs ist ein liebevoller, achtsamer Blick, den er damit auch bei den betrachtenden Kindern und Erwachsenen weckt, zugleich bringt er mit seinem Sprachwitz zum Schmunzeln: Die Tulpe l\u00e4dt zum Riechen ein, zu einer Riesenriecherei!\r\nDie Kinder werden angeregt, selbst einen \"Liebesbrief an die Erde\" zu verfassen und ein Vexierleporello mit einer L\u00f6wenfamilie zu basteln (eingelegter Bastelbogen).\r\nDer K\u00fcnstler bietet dazu Workshops an.\r\nMit dem Kuli in der Hand entf\u00fchrt er uns in seine Welt. Mit dem Kuli? Ja, denn alle Zeichnungen hat er mit einfachen Kugelschreibern gemacht, Kulis, die er gefunden hat oder geschenkt bekam. Ob L\u00f6wen oder Pinguine, Blumen oder Kinder, seine Zeichnungen wirken auf den ersten Blick, aber auch auf den dritten und vierten: so viel gibt es in ihnen zu sehen, wenn man nur genau hinschaut.\r\nDas Buch eignet sich daher f\u00fcr kleine Kinder wie \u00e4ltere, aber auch erwachsene werden Freude an den k\u00fcnstlerisch feinen Zeichnungen haben.<\/span><\/td><\/tr><tr><td colspan='2'><a href='#' onclick='history.back(); return false'>Zur\u00fcck<\/a><\/td><\/tr><\/tbody><\/table>\n","protected":false},"excerpt":{"rendered":"<p>&#8211;<\/p>\n","protected":false},"author":1,"featured_media":0,"parent":0,"menu_order":0,"comment_status":"closed","ping_status":"closed","template":"","meta":[],"_links":{"self":[{"href":"https:\/\/www.web-rr.de\/GHS-Buecherei\/index.php\/wp-json\/wp\/v2\/pages\/6687"}],"collection":[{"href":"https:\/\/www.web-rr.de\/GHS-Buecherei\/index.php\/wp-json\/wp\/v2\/pages"}],"about":[{"href":"https:\/\/www.web-rr.de\/GHS-Buecherei\/index.php\/wp-json\/wp\/v2\/types\/page"}],"author":[{"embeddable":true,"href":"https:\/\/www.web-rr.de\/GHS-Buecherei\/index.php\/wp-json\/wp\/v2\/users\/1"}],"replies":[{"embeddable":true,"href":"https:\/\/www.web-rr.de\/GHS-Buecherei\/index.php\/wp-json\/wp\/v2\/comments?post=6687"}],"version-history":[{"count":0,"href":"https:\/\/www.web-rr.de\/GHS-Buecherei\/index.php\/wp-json\/wp\/v2\/pages\/6687\/revisions"}],"wp:attachment":[{"href":"https:\/\/www.web-rr.de\/GHS-Buecherei\/index.php\/wp-json\/wp\/v2\/media?parent=6687"}],"curies":[{"name":"wp","href":"https:\/\/api.w.org\/{rel}","templated":true}]}}