{"id":6683,"date":"2021-05-21T10:00:00","date_gmt":"2021-05-21T10:00:00","guid":{"rendered":"https:\/\/www.web-rr.de\/GHS-Buecherei\/?page_id=6683"},"modified":"2021-05-21T23:00:00","modified_gmt":"2021-05-21T23:00:00","slug":"p9783866593985","status":"publish","type":"page","link":"https:\/\/www.web-rr.de\/GHS-Buecherei\/index.php\/p9783866593985\/","title":{"rendered":"Natur &#8211; V\u00f6gel 12"},"content":{"rendered":"<table><tbody><tr><td class='rDTitel' colspan='2'>Entdecke die Meisen<\/td><\/tr><tr><td><span class='rDLabel1'>Status: <\/span><span class='rDText1Gruen'>vorhanden<\/span><\/td><td><span class='rDLabel1'>Antolin: <\/span><span class='rDText1Rot'>Quiz nicht vorhanden.<\/span><\/td><\/tr><tr><td width=50%><img src='https:\/\/www.web-rr.de\/GHS-Buecherei\/wp-content\/uploads\/9783866593985.jpg' alt=''><\/td><td><p class='rDLabel2'>von <span class='rDText2'>Thomas Schmidt<\/span><\/p><p class='rDLabel2'>Verlag: <span class='rDText2'>Natur und Tier,  2018,  12.80 \u20ac<\/span><\/p><p class='rDLabel2'>B\u00fccherei-Barcode: <span class='rDText2'>9783866593985<\/span><\/p><p class='rDLabel2'>In der B\u00fccherei erfasst am: <span class='rDText2'>14.10.2021<\/span><\/p><p class='rDLabel2'>Stichw\u00f6rter: <span class='rDText2'> L\u00e4ndern, Speisezette, Familienleben, Meisen, Mensch, Lebensweise, Nistkasten<\/span><\/p><p class='rDLabel2'>Lesealter ca. <span class='rDText2'>8<\/span><span class='rDLabel2'> Jahre<\/span><\/p><p class='rDLabel2'>Das Buch wurde <span class='rDText2'>3<\/span><span class='rDLabel2'> mal gelesen.<\/span><\/p><\/td><\/tr><tr><td colspan='2'><p class='rDLabel1'>Inhalt:<\/p><span class='rDText2'>Meisen z\u00e4hlen zu unseren buntesten heimischen V\u00f6geln. Ob im Garten am Futterh\u00e4uschen, am Nistkasten im Park oder zwischen Fichtenzweigen im Wald  die sympathischen Balancek\u00fcnstler sind allgegenw\u00e4rtig und lassen sich auch von Kindern leicht beobachten. Vogelexperte Thomas Schmidt stellt Dir in diesem Band der Reihe mit der Eule nicht nur s\u00e4mtliche heimischen Arten mit ihrer Lebensweise vor, sondern Du lernst auch Meisen fremder L\u00e4nder kennen. Aus dem Inhalt: Immer in Bewegung  die Lebensweise der Meisen, Meisen in anderen L\u00e4ndern, Speisezette, Familienleben, Meisen und Mensch, Meisen beobachten. Alle heimischen Meisen im Portr\u00e4t, Einen Meisenkasten selbst bauen\r\nExtra: Meisen, die gar keine sind: Schwanzmeise, Bartmeise, Beutelmeise \r\nExtra: Gro\u00dfes Meisen-Quiz<\/span><\/td><\/tr><tr><td colspan='2'><a href='#' onclick='history.back(); return false'>Zur\u00fcck<\/a><\/td><\/tr><\/tbody><\/table>\n","protected":false},"excerpt":{"rendered":"<p>&#8211;<\/p>\n","protected":false},"author":1,"featured_media":0,"parent":0,"menu_order":0,"comment_status":"closed","ping_status":"closed","template":"","meta":[],"_links":{"self":[{"href":"https:\/\/www.web-rr.de\/GHS-Buecherei\/index.php\/wp-json\/wp\/v2\/pages\/6683"}],"collection":[{"href":"https:\/\/www.web-rr.de\/GHS-Buecherei\/index.php\/wp-json\/wp\/v2\/pages"}],"about":[{"href":"https:\/\/www.web-rr.de\/GHS-Buecherei\/index.php\/wp-json\/wp\/v2\/types\/page"}],"author":[{"embeddable":true,"href":"https:\/\/www.web-rr.de\/GHS-Buecherei\/index.php\/wp-json\/wp\/v2\/users\/1"}],"replies":[{"embeddable":true,"href":"https:\/\/www.web-rr.de\/GHS-Buecherei\/index.php\/wp-json\/wp\/v2\/comments?post=6683"}],"version-history":[{"count":0,"href":"https:\/\/www.web-rr.de\/GHS-Buecherei\/index.php\/wp-json\/wp\/v2\/pages\/6683\/revisions"}],"wp:attachment":[{"href":"https:\/\/www.web-rr.de\/GHS-Buecherei\/index.php\/wp-json\/wp\/v2\/media?parent=6683"}],"curies":[{"name":"wp","href":"https:\/\/api.w.org\/{rel}","templated":true}]}}