{"id":6674,"date":"2021-05-21T10:00:00","date_gmt":"2021-05-21T10:00:00","guid":{"rendered":"https:\/\/www.web-rr.de\/GHS-Buecherei\/?page_id=6674"},"modified":"2021-05-21T23:00:00","modified_gmt":"2021-05-21T23:00:00","slug":"p9783837870572","status":"publish","type":"page","link":"https:\/\/www.web-rr.de\/GHS-Buecherei\/index.php\/p9783837870572\/","title":{"rendered":"Fremdsprachen 10"},"content":{"rendered":"<table><tbody><tr><td class='rDTitel' colspan='2'>De musicis Bremensibus: Die Bremer Stadtmusikanten, lateinisch<\/td><\/tr><tr><td><span class='rDLabel1'>Status: <\/span><span class='rDText1Gruen'>vorhanden<\/span><\/td><td><span class='rDLabel1'>Antolin: <\/span><span class='rDText1Rot'>Quiz nicht vorhanden.<\/span><\/td><\/tr><tr><td width=50%><img src='https:\/\/www.web-rr.de\/GHS-Buecherei\/wp-content\/uploads\/9783837870572.jpg' alt=''><\/td><td><p class='rDLabel2'>von <span class='rDText2'>von Janosch<\/span><\/p><p class='rDLabel2'>Verlag: <span class='rDText2'>Edition Temmen,  2019,  12.90 \u20ac<\/span><\/p><p class='rDLabel2'>B\u00fccherei-Barcode: <span class='rDText2'>9783837870572<\/span><\/p><p class='rDLabel2'>In der B\u00fccherei erfasst am: <span class='rDText2'>14.10.2021<\/span><\/p><p class='rDLabel2'>Stichw\u00f6rter: <span class='rDText2'>lateinisch<\/span><\/p><p class='rDLabel2'>Lesealter ca. <span class='rDText2'>10<\/span><span class='rDLabel2'> Jahre<\/span><\/p><p class='rDLabel2'>Das Buch wurde <span class='rDText2'>0<\/span><span class='rDLabel2'> mal gelesen.<\/span><\/p><\/td><\/tr><tr><td colspan='2'><p class='rDLabel1'>Inhalt:<\/p><span class='rDText2'>\"Ei was\", sagte der Esel, \"zieh lieber mit uns fort, wir gehen nach Bremen, etwas besseres als den Tod findest du \u00fcberall.\" Diese Aufforderung des Esels befolgt der Hahn, wie wir alle wissen, ebenso eifrig wie vor ihm der Hund und die Katze. Gemeinsam ziehen die Vier in die sch\u00f6ne Hansestadt, um dort das R\u00e4uberhaus in Beschlag zu nehmen. Das M\u00e4rchen ist bekannt und beliebt - nicht nur in Bremen! Aber SO haben Sie die Stadtmusikanten noch nicht gesehen: Die \"Bremer Stadtmusikanten\" by JANOSCH mit zahlreichen neuen Zeichnungen zu einem der bekanntesten M\u00e4rchen der Welt. Janosch, der beliebte Illustrator und Kinderbuchautor, gibt dem M\u00e4rchen mit seinen frech-ironischen Illustrationen neuen Schwung. Grund genug also, die Geschichte von den Vieren, \"die auszogen, das Gl\u00fcck zu suchen\" noch einmal zur Hand zu nehmen.<\/span><\/td><\/tr><tr><td colspan='2'><a href='#' onclick='history.back(); return false'>Zur\u00fcck<\/a><\/td><\/tr><\/tbody><\/table>\n","protected":false},"excerpt":{"rendered":"<p>&#8211;<\/p>\n","protected":false},"author":1,"featured_media":0,"parent":0,"menu_order":0,"comment_status":"closed","ping_status":"closed","template":"","meta":[],"_links":{"self":[{"href":"https:\/\/www.web-rr.de\/GHS-Buecherei\/index.php\/wp-json\/wp\/v2\/pages\/6674"}],"collection":[{"href":"https:\/\/www.web-rr.de\/GHS-Buecherei\/index.php\/wp-json\/wp\/v2\/pages"}],"about":[{"href":"https:\/\/www.web-rr.de\/GHS-Buecherei\/index.php\/wp-json\/wp\/v2\/types\/page"}],"author":[{"embeddable":true,"href":"https:\/\/www.web-rr.de\/GHS-Buecherei\/index.php\/wp-json\/wp\/v2\/users\/1"}],"replies":[{"embeddable":true,"href":"https:\/\/www.web-rr.de\/GHS-Buecherei\/index.php\/wp-json\/wp\/v2\/comments?post=6674"}],"version-history":[{"count":0,"href":"https:\/\/www.web-rr.de\/GHS-Buecherei\/index.php\/wp-json\/wp\/v2\/pages\/6674\/revisions"}],"wp:attachment":[{"href":"https:\/\/www.web-rr.de\/GHS-Buecherei\/index.php\/wp-json\/wp\/v2\/media?parent=6674"}],"curies":[{"name":"wp","href":"https:\/\/api.w.org\/{rel}","templated":true}]}}