{"id":6669,"date":"2021-05-21T10:00:00","date_gmt":"2021-05-21T10:00:00","guid":{"rendered":"https:\/\/www.web-rr.de\/GHS-Buecherei\/?page_id=6669"},"modified":"2021-05-21T23:00:00","modified_gmt":"2021-05-21T23:00:00","slug":"p9783895653735","status":"publish","type":"page","link":"https:\/\/www.web-rr.de\/GHS-Buecherei\/index.php\/p9783895653735\/","title":{"rendered":"Fr\u00fcher + Heute 55"},"content":{"rendered":"<table><tbody><tr><td class='rDTitel' colspan='2'>Peter in Gefahr - Mut und Hoffnung im Zweiten Weltkrieg<\/td><\/tr><tr><td><span class='rDLabel1'>Status: <\/span><span class='rDText1Gruen'>vorhanden<\/span><\/td><td><span class='rDLabel1'>Antolin: <\/span><span class='rDText1Gruen'>ja, Empfehlung Klasse 4<\/span><\/td><\/tr><tr><td width=50%><img src='https:\/\/www.web-rr.de\/GHS-Buecherei\/wp-content\/uploads\/9783895653735.jpg' alt=''><\/td><td><p class='rDLabel2'>von <span class='rDText2'>Helen Bate<\/span><\/p><p class='rDLabel2'>Verlag: <span class='rDText2'>Moritz Verlag-GmbH,  2019,  12.00 \u20ac<\/span><\/p><p class='rDLabel2'>B\u00fccherei-Barcode: <span class='rDText2'>9783895653735<\/span><\/p><p class='rDLabel2'>In der B\u00fccherei erfasst am: <span class='rDText2'>13.10.2021<\/span><\/p><p class='rDLabel2'>Stichw\u00f6rter: <span class='rDText2'>Jude, Budapest, Krieg,<\/span><\/p><p class='rDLabel2'>Lesealter ca. <span class='rDText2'>8<\/span><span class='rDLabel2'> Jahre<\/span><\/p><p class='rDLabel2'>Das Buch wurde <span class='rDText2'>0<\/span><span class='rDLabel2'> mal gelesen.<\/span><\/p><\/td><\/tr><tr><td colspan='2'><p class='rDLabel1'>Inhalt:<\/p><span class='rDText2'>Budapest 1944: Ein j\u00fcdischer Junge erz\u00e4hlt seine Geschichte.\n\r\n\rPeter, ein j\u00fcdischer Junge, w\u00e4chst w\u00e4hrend des Zweiten Weltkriegs im besetzten Budapest auf. Er erz\u00e4hlt uns seine Geschichte: Sein ganz normales Kinderleben mit Schlittenfahren und Knopffu\u00dfball ger\u00e4t pl\u00f6tzlich aus den Fugen: Erst ist es ein gelber Stern auf der Jacke, dann die Vertreibung aus dem eigenen Haus. Nur knapp Peter entgeht mit seiner Familie der Deportation und muss untertauchen. Wir erfahren von Angst, Hunger, erfrorenen Zehen  aber auch von einem Alltag im Krieg, von gro\u00dfer Langweile und einem immens wichtigen M\u00e4rchenbuch. Peter \u00fcberlebt. Die Britin Helen Bate erz\u00e4hlt und zeichnet die wahre Geschichte eines j\u00fcdischen Kinds w\u00e4hrend des Zweiten Weltkriegs. Damit schlie\u00dft sie eine L\u00fccke in der bisherigen Kinder- und Jugendliteratur \u00fcber den Holocaust: Peter in Gefahr ist ein Buch f\u00fcr Kinder ab dem Grundschulalter.<\/span><\/td><\/tr><tr><td colspan='2'><a href='#' onclick='history.back(); return false'>Zur\u00fcck<\/a><\/td><\/tr><\/tbody><\/table>\n","protected":false},"excerpt":{"rendered":"<p>&#8211;<\/p>\n","protected":false},"author":1,"featured_media":0,"parent":0,"menu_order":0,"comment_status":"closed","ping_status":"closed","template":"","meta":[],"_links":{"self":[{"href":"https:\/\/www.web-rr.de\/GHS-Buecherei\/index.php\/wp-json\/wp\/v2\/pages\/6669"}],"collection":[{"href":"https:\/\/www.web-rr.de\/GHS-Buecherei\/index.php\/wp-json\/wp\/v2\/pages"}],"about":[{"href":"https:\/\/www.web-rr.de\/GHS-Buecherei\/index.php\/wp-json\/wp\/v2\/types\/page"}],"author":[{"embeddable":true,"href":"https:\/\/www.web-rr.de\/GHS-Buecherei\/index.php\/wp-json\/wp\/v2\/users\/1"}],"replies":[{"embeddable":true,"href":"https:\/\/www.web-rr.de\/GHS-Buecherei\/index.php\/wp-json\/wp\/v2\/comments?post=6669"}],"version-history":[{"count":0,"href":"https:\/\/www.web-rr.de\/GHS-Buecherei\/index.php\/wp-json\/wp\/v2\/pages\/6669\/revisions"}],"wp:attachment":[{"href":"https:\/\/www.web-rr.de\/GHS-Buecherei\/index.php\/wp-json\/wp\/v2\/media?parent=6669"}],"curies":[{"name":"wp","href":"https:\/\/api.w.org\/{rel}","templated":true}]}}