{"id":6667,"date":"2021-05-21T10:00:00","date_gmt":"2021-05-21T10:00:00","guid":{"rendered":"https:\/\/www.web-rr.de\/GHS-Buecherei\/?page_id=6667"},"modified":"2021-05-21T23:00:00","modified_gmt":"2021-05-21T23:00:00","slug":"p9783990560747","status":"publish","type":"page","link":"https:\/\/www.web-rr.de\/GHS-Buecherei\/index.php\/p9783990560747\/","title":{"rendered":"Bilderbuch A-139"},"content":{"rendered":"<table><tbody><tr><td class='rDTitel' colspan='2'>Der blaue Tiger<\/td><\/tr><tr><td><span class='rDLabel1'>Status: <\/span><span class='rDText1Gruen'>vorhanden<\/span><\/td><td><span class='rDLabel1'>Antolin: <\/span><span class='rDText1Gruen'>ja, Empfehlung Klasse 2<\/span><\/td><\/tr><tr><td width=50%><img src='https:\/\/www.web-rr.de\/GHS-Buecherei\/wp-content\/uploads\/9783990560747.jpg' alt=''><\/td><td><p class='rDLabel2'>von <span class='rDText2'>Nicolas Barreau<\/span><\/p><p class='rDLabel2'>Verlag: <span class='rDText2'>Thiele Verlag,  2018,  16.00 \u20ac<\/span><\/p><p class='rDLabel2'>B\u00fccherei-Barcode: <span class='rDText2'>9783990560747<\/span><\/p><p class='rDLabel2'>In der B\u00fccherei erfasst am: <span class='rDText2'>13.10.2021<\/span><\/p><p class='rDLabel2'>Stichw\u00f6rter: <span class='rDText2'>Fantasie, Abenteuer, Zauber, Klassenausflug<\/span><\/p><p class='rDLabel2'>Lesealter ca. <span class='rDText2'>6<\/span><span class='rDLabel2'> Jahre<\/span><\/p><p class='rDLabel2'>Das Buch wurde <span class='rDText2'>0<\/span><span class='rDLabel2'> mal gelesen.<\/span><\/p><\/td><\/tr><tr><td colspan='2'><p class='rDLabel1'>Inhalt:<\/p><span class='rDText2'>H\u00e9loise ist ein sehr phantasievolles kleines M\u00e4dchen. Sie ist davon \u00fcberzeugt, dass Teppiche fliegen k\u00f6nnen, wenn man das Zauberwort kennt, und dass ihre Stofftiere sich nachts heimlich unterhalten. Als sie an ihrem achten Geburtstag bei einem Klassenausflug in die Jardins des Bagatelles einen blauen Tiger mit silbernen Streifen malt, wird sie von allen ausgelacht. Verlegen behauptet H\u00e9loise, dies sei ein Wolkentiger, und vergisst vor lauter Aufregung ihren Zeichenblock. Als sie am Abend heimlich in den Park zur\u00fcck schleicht, ist das Bild verschwunden. Doch pl\u00f6tzlich steht vor der Grotte der vier Winde ein blauer Tiger mit Silberstreifen, der sich als Wolkentiger vorstellt. Er erz\u00e4hlt ihr von dem blauen Land, wo Farbkleckse das Wichtigste im Leben sind und Himmelskiesel eine Kostbarkeit. Und dann l\u00e4dt er die staunende H\u00e9loise zu einem unvergesslichen Nachtflug \u00fcber Paris ein  Ein wunderbares Buch voller Magie und Weisheit, bezaubernd illustriert von Simona Mulazzani. F\u00fcr Kinder ab f\u00fcnf Jahren und f\u00fcr Erwachsene, die manchmal auch noch Sehnsucht haben nach dem blauen Land.<\/span><\/td><\/tr><tr><td colspan='2'><a href='#' onclick='history.back(); return false'>Zur\u00fcck<\/a><\/td><\/tr><\/tbody><\/table>\n","protected":false},"excerpt":{"rendered":"<p>&#8211;<\/p>\n","protected":false},"author":1,"featured_media":0,"parent":0,"menu_order":0,"comment_status":"closed","ping_status":"closed","template":"","meta":[],"_links":{"self":[{"href":"https:\/\/www.web-rr.de\/GHS-Buecherei\/index.php\/wp-json\/wp\/v2\/pages\/6667"}],"collection":[{"href":"https:\/\/www.web-rr.de\/GHS-Buecherei\/index.php\/wp-json\/wp\/v2\/pages"}],"about":[{"href":"https:\/\/www.web-rr.de\/GHS-Buecherei\/index.php\/wp-json\/wp\/v2\/types\/page"}],"author":[{"embeddable":true,"href":"https:\/\/www.web-rr.de\/GHS-Buecherei\/index.php\/wp-json\/wp\/v2\/users\/1"}],"replies":[{"embeddable":true,"href":"https:\/\/www.web-rr.de\/GHS-Buecherei\/index.php\/wp-json\/wp\/v2\/comments?post=6667"}],"version-history":[{"count":0,"href":"https:\/\/www.web-rr.de\/GHS-Buecherei\/index.php\/wp-json\/wp\/v2\/pages\/6667\/revisions"}],"wp:attachment":[{"href":"https:\/\/www.web-rr.de\/GHS-Buecherei\/index.php\/wp-json\/wp\/v2\/media?parent=6667"}],"curies":[{"name":"wp","href":"https:\/\/api.w.org\/{rel}","templated":true}]}}