{"id":6661,"date":"2021-05-21T10:00:00","date_gmt":"2021-05-21T10:00:00","guid":{"rendered":"https:\/\/www.web-rr.de\/GHS-Buecherei\/?page_id=6661"},"modified":"2021-05-21T23:00:00","modified_gmt":"2021-05-21T23:00:00","slug":"p9783865591050","status":"publish","type":"page","link":"https:\/\/www.web-rr.de\/GHS-Buecherei\/index.php\/p9783865591050\/","title":{"rendered":"Bilderbuch A-133"},"content":{"rendered":"<table><tbody><tr><td class='rDTitel' colspan='2'>Mein Schatz. Nein, meiner!<\/td><\/tr><tr><td><span class='rDLabel1'>Status: <\/span><span class='rDText1Gruen'>vorhanden<\/span><\/td><td><span class='rDLabel1'>Antolin: <\/span><span class='rDText1Gruen'>ja, Empfehlung Klasse 3<\/span><\/td><\/tr><tr><td width=50%><img src='https:\/\/www.web-rr.de\/GHS-Buecherei\/wp-content\/uploads\/9783865591050.jpg' alt=''><\/td><td><p class='rDLabel2'>von <span class='rDText2'>Julia Volmert, Susanne Szesny<\/span><\/p><p class='rDLabel2'>Verlag: <span class='rDText2'>Albarello Verlag GmbH,  2019,  12.90 \u20ac<\/span><\/p><p class='rDLabel2'>B\u00fccherei-Barcode: <span class='rDText2'>9783865591050<\/span><\/p><p class='rDLabel2'>In der B\u00fccherei erfasst am: <span class='rDText2'>13.10.2021<\/span><\/p><p class='rDLabel2'>Stichw\u00f6rter: <span class='rDText2'>Abenteuer, piraten, Teilen, Schatz, Gef\u00fchle, Feindschaft<\/span><\/p><p class='rDLabel2'>Lesealter ca. <span class='rDText2'>7<\/span><span class='rDLabel2'> Jahre<\/span><\/p><p class='rDLabel2'>Das Buch wurde <span class='rDText2'>0<\/span><span class='rDLabel2'> mal gelesen.<\/span><\/p><\/td><\/tr><tr><td colspan='2'><p class='rDLabel1'>Inhalt:<\/p><span class='rDText2'>Zwei Bilderb\u00fccher dar\u00fcber, wie man gemeinsam seine F\u00e4higkeiten einsetzt und dadurch stark wird, gerecht teilt und zusammen mehr erreichen kann. Der Piraten-Sammelband enth\u00e4lt die Bilderb\u00fccher: Mein Schatz. Nein, meiner! Sieben Piraten finden eine Flaschenpost mit einer Schatzkarte. Der Schatz ist schwer zu finden. Nur gemeinsam k\u00f6nnen sie den Schatz heben, denn jeder bringt seine besonderen F\u00e4higkeiten ein, um den Schatz zu bergen. Als die Schatzkiste gehoben ist, beansprucht der Kapit\u00e4n den Schatz f\u00fcr sich alleine. Die Mannschaft ist kurz vor der Meuterei, doch der kleine Malte hat die richtige Idee und der Schatz wird gerecht geteilt! Komm, wir halten zusammen! Tom ist ein Piratenkind auf der Kokosnussinsel. Als er am Strand spielt, entdeckt er auf der benachbarten Felseninsel einen anderen Jungen. Doch zwischen den Kokos-Piraten und den Felsen-Piraten herrscht Feindschaft. Trotzdem ist Tom neugierig auf den anderen Jungen. Nach einem schrecklichen Sturm ger\u00e4t Tom in Gefahr. Zum Gl\u00fcck ist Max, der fremde Piratenjunge, in der N\u00e4he und rettet ihn. Klar, dass die beiden von nun an zusammenhalten! Gemeinsam entdecken sie, dass die Feindschaft zwischen den Piraten auf einem alten Missverst\u00e4ndnis beruht und k\u00f6nnen so dazu beitragen, dass wieder Frieden herrscht.<\/span><\/td><\/tr><tr><td colspan='2'><a href='#' onclick='history.back(); return false'>Zur\u00fcck<\/a><\/td><\/tr><\/tbody><\/table>\n","protected":false},"excerpt":{"rendered":"<p>&#8211;<\/p>\n","protected":false},"author":1,"featured_media":0,"parent":0,"menu_order":0,"comment_status":"closed","ping_status":"closed","template":"","meta":[],"_links":{"self":[{"href":"https:\/\/www.web-rr.de\/GHS-Buecherei\/index.php\/wp-json\/wp\/v2\/pages\/6661"}],"collection":[{"href":"https:\/\/www.web-rr.de\/GHS-Buecherei\/index.php\/wp-json\/wp\/v2\/pages"}],"about":[{"href":"https:\/\/www.web-rr.de\/GHS-Buecherei\/index.php\/wp-json\/wp\/v2\/types\/page"}],"author":[{"embeddable":true,"href":"https:\/\/www.web-rr.de\/GHS-Buecherei\/index.php\/wp-json\/wp\/v2\/users\/1"}],"replies":[{"embeddable":true,"href":"https:\/\/www.web-rr.de\/GHS-Buecherei\/index.php\/wp-json\/wp\/v2\/comments?post=6661"}],"version-history":[{"count":0,"href":"https:\/\/www.web-rr.de\/GHS-Buecherei\/index.php\/wp-json\/wp\/v2\/pages\/6661\/revisions"}],"wp:attachment":[{"href":"https:\/\/www.web-rr.de\/GHS-Buecherei\/index.php\/wp-json\/wp\/v2\/media?parent=6661"}],"curies":[{"name":"wp","href":"https:\/\/api.w.org\/{rel}","templated":true}]}}