{"id":6649,"date":"2021-05-21T10:00:00","date_gmt":"2021-05-21T10:00:00","guid":{"rendered":"https:\/\/www.web-rr.de\/GHS-Buecherei\/?page_id=6649"},"modified":"2021-05-21T23:00:00","modified_gmt":"2021-05-21T23:00:00","slug":"p9783895653728","status":"publish","type":"page","link":"https:\/\/www.web-rr.de\/GHS-Buecherei\/index.php\/p9783895653728\/","title":{"rendered":"Bilderbuch A-73"},"content":{"rendered":"<table><tbody><tr><td class='rDTitel' colspan='2'>Bist Du der Fr\u00fchling?<\/td><\/tr><tr><td><span class='rDLabel1'>Status: <\/span><span class='rDText1Gruen'>vorhanden<\/span><\/td><td><span class='rDLabel1'>Antolin: <\/span><span class='rDText1Gruen'>ja, Empfehlung Klasse 2<\/span><\/td><\/tr><tr><td width=50%><img src='https:\/\/www.web-rr.de\/GHS-Buecherei\/wp-content\/uploads\/9783895653728.jpg' alt=''><\/td><td><p class='rDLabel2'>von <span class='rDText2'>Chiaki Okada, Ko Okada<\/span><\/p><p class='rDLabel2'>Verlag: <span class='rDText2'>Moritz,  2019,  14.00 \u20ac<\/span><\/p><p class='rDLabel2'>B\u00fccherei-Barcode: <span class='rDText2'>9783895653728<\/span><\/p><p class='rDLabel2'>In der B\u00fccherei erfasst am: <span class='rDText2'>13.10.2021<\/span><\/p><p class='rDLabel2'>Stichw\u00f6rter: <span class='rDText2'>Fr\u00fchling, Jahreszeiten, Tiere, B\u00e4r<\/span><\/p><p class='rDLabel2'>Lesealter ca. <span class='rDText2'>6<\/span><span class='rDLabel2'> Jahre<\/span><\/p><p class='rDLabel2'>Das Buch wurde <span class='rDText2'>1<\/span><span class='rDLabel2'> mal gelesen.<\/span><\/p><\/td><\/tr><tr><td colspan='2'><p class='rDLabel1'>Inhalt:<\/p><span class='rDText2'>Erst wenn der Fr\u00fchling gekommen ist, soll sich alles \u00e4ndern.\n\r\n\rIm Winterwald lebt eine Hasenfamilie, deren J\u00fcngster noch nie den Fr\u00fchling gesehen hat. Er erwartet ihn dringlichst, denn erst mit ihm soll es Anderes zu essen geben als immer nur Bucheckernsuppe. Au\u00dferdem sagt seine Mama zu ihm: \u00bbDer Fr\u00fchling, wei\u00dft du, l\u00e4sst den Schnee schmelzen und die Bl\u00e4tter sprie\u00dfen. Dann wird alles gr\u00fcn.\u00ab Doch wie mag er blo\u00df aussehen, dieser Fr\u00fchling? Eines Morgens, als alle noch schlafen, h\u00f6rt Hasenjunge Schritte vor der T\u00fcr. Wer sonst als der Fr\u00fchling kann das sein? Also geht er nach drau\u00dfen und trifft auf eine riesige wei\u00dfe Gestalt mit gro\u00dfen weichen Tatzen, die ihn freundlich durch den Wald f\u00fchrt ... Bist du der Fr\u00fchling? Mit diesem zart-sch\u00f6nen Bilderbuch gibt das Paar Chiaki und Ko Okada aus Japan sein Deb\u00fct auf dem deutschen Buchmarkt.<\/span><\/td><\/tr><tr><td colspan='2'><a href='#' onclick='history.back(); return false'>Zur\u00fcck<\/a><\/td><\/tr><\/tbody><\/table>\n","protected":false},"excerpt":{"rendered":"<p>&#8211;<\/p>\n","protected":false},"author":1,"featured_media":0,"parent":0,"menu_order":0,"comment_status":"closed","ping_status":"closed","template":"","meta":[],"_links":{"self":[{"href":"https:\/\/www.web-rr.de\/GHS-Buecherei\/index.php\/wp-json\/wp\/v2\/pages\/6649"}],"collection":[{"href":"https:\/\/www.web-rr.de\/GHS-Buecherei\/index.php\/wp-json\/wp\/v2\/pages"}],"about":[{"href":"https:\/\/www.web-rr.de\/GHS-Buecherei\/index.php\/wp-json\/wp\/v2\/types\/page"}],"author":[{"embeddable":true,"href":"https:\/\/www.web-rr.de\/GHS-Buecherei\/index.php\/wp-json\/wp\/v2\/users\/1"}],"replies":[{"embeddable":true,"href":"https:\/\/www.web-rr.de\/GHS-Buecherei\/index.php\/wp-json\/wp\/v2\/comments?post=6649"}],"version-history":[{"count":0,"href":"https:\/\/www.web-rr.de\/GHS-Buecherei\/index.php\/wp-json\/wp\/v2\/pages\/6649\/revisions"}],"wp:attachment":[{"href":"https:\/\/www.web-rr.de\/GHS-Buecherei\/index.php\/wp-json\/wp\/v2\/media?parent=6649"}],"curies":[{"name":"wp","href":"https:\/\/api.w.org\/{rel}","templated":true}]}}