{"id":6643,"date":"2021-05-21T10:00:00","date_gmt":"2021-05-21T10:00:00","guid":{"rendered":"https:\/\/www.web-rr.de\/GHS-Buecherei\/?page_id=6643"},"modified":"2021-05-21T23:00:00","modified_gmt":"2021-05-21T23:00:00","slug":"p9783946328179","status":"publish","type":"page","link":"https:\/\/www.web-rr.de\/GHS-Buecherei\/index.php\/p9783946328179\/","title":{"rendered":"Bilderbuch B-65"},"content":{"rendered":"<table><tbody><tr><td class='rDTitel' colspan='2'>Friedolin - Wei\u00dft du, wie wertvoll du bist? - Friedolin 1<\/td><\/tr><tr><td><span class='rDLabel1'>Status: <\/span><span class='rDText1Gruen'>vorhanden<\/span><\/td><td><span class='rDLabel1'>Antolin: <\/span><span class='rDText1Rot'>Quiz nicht vorhanden.<\/span><\/td><\/tr><tr><td width=50%><img src='https:\/\/www.web-rr.de\/GHS-Buecherei\/wp-content\/uploads\/9783946328179.jpg' alt=''><\/td><td><p class='rDLabel2'>von <span class='rDText2'>Kerstin Werner<\/span><\/p><p class='rDLabel2'>Verlag: <span class='rDText2'>Eifelbildverlag GmbH,  2017,  12.90 \u20ac<\/span><\/p><p class='rDLabel2'>B\u00fccherei-Barcode: <span class='rDText2'>9783946328179<\/span><\/p><p class='rDLabel2'>In der B\u00fccherei erfasst am: <span class='rDText2'>12.10.2021<\/span><\/p><p class='rDLabel2'>Stichw\u00f6rter: <span class='rDText2'>Gef\u00fchle, Tiere, Bauernhof, Entwicklung, Frieden<\/span><\/p><p class='rDLabel2'>Lesealter ca. <span class='rDText2'>7<\/span><span class='rDLabel2'> Jahre<\/span><\/p><p class='rDLabel2'>Das Buch wurde <span class='rDText2'>0<\/span><span class='rDLabel2'> mal gelesen.<\/span><\/p><\/td><\/tr><tr><td colspan='2'><p class='rDLabel1'>Inhalt:<\/p><span class='rDText2'>Die gef\u00fchlvoll neu illustrierte Auflage des Bestsellers von Kerstin Werner! Ein kleiner Fisch namens Friedolin lebt in der Eifel auf einem Bauernhof. Er ist gr\u00fcn, hat ein Knubbeln\u00e4schen mit roten Sommersprossen und Flossen, die aussehen wie Herzen. Kein Wunder, dass er mit seinem Aussehen von den anderen Tieren ausgelacht wird. Doch seine Eltern schaffen es immer wieder, ihn zu st\u00e4rken. Sie erkl\u00e4ren ihm, wieso manche Tiere b\u00f6se sind. Dadurch ver\u00e4ndert Friedolin seine Einstellung. Vor allem zu sich selbst. Er versteht etwas Entscheidendes f\u00fcr sein Leben, was nicht nur ihn, sondern auch die Stimmung auf dem Hof ver\u00e4ndert. Diese Geschichte fordert uns zu einem wertsch\u00e4tzenden Umgang mit uns selbst und unserer Umwelt auf, damit ein friedvolleres Miteinander m\u00f6glich ist. Altersempfehlung: ab 5 Jahre\n\r\n\r<\/span><\/td><\/tr><tr><td colspan='2'><a href='#' onclick='history.back(); return false'>Zur\u00fcck<\/a><\/td><\/tr><\/tbody><\/table>\n","protected":false},"excerpt":{"rendered":"<p>&#8211;<\/p>\n","protected":false},"author":1,"featured_media":0,"parent":0,"menu_order":0,"comment_status":"closed","ping_status":"closed","template":"","meta":[],"_links":{"self":[{"href":"https:\/\/www.web-rr.de\/GHS-Buecherei\/index.php\/wp-json\/wp\/v2\/pages\/6643"}],"collection":[{"href":"https:\/\/www.web-rr.de\/GHS-Buecherei\/index.php\/wp-json\/wp\/v2\/pages"}],"about":[{"href":"https:\/\/www.web-rr.de\/GHS-Buecherei\/index.php\/wp-json\/wp\/v2\/types\/page"}],"author":[{"embeddable":true,"href":"https:\/\/www.web-rr.de\/GHS-Buecherei\/index.php\/wp-json\/wp\/v2\/users\/1"}],"replies":[{"embeddable":true,"href":"https:\/\/www.web-rr.de\/GHS-Buecherei\/index.php\/wp-json\/wp\/v2\/comments?post=6643"}],"version-history":[{"count":0,"href":"https:\/\/www.web-rr.de\/GHS-Buecherei\/index.php\/wp-json\/wp\/v2\/pages\/6643\/revisions"}],"wp:attachment":[{"href":"https:\/\/www.web-rr.de\/GHS-Buecherei\/index.php\/wp-json\/wp\/v2\/media?parent=6643"}],"curies":[{"name":"wp","href":"https:\/\/api.w.org\/{rel}","templated":true}]}}