{"id":6637,"date":"2021-05-21T10:00:00","date_gmt":"2021-05-21T10:00:00","guid":{"rendered":"https:\/\/www.web-rr.de\/GHS-Buecherei\/?page_id=6637"},"modified":"2021-05-21T23:00:00","modified_gmt":"2021-05-21T23:00:00","slug":"p9783347059108","status":"publish","type":"page","link":"https:\/\/www.web-rr.de\/GHS-Buecherei\/index.php\/p9783347059108\/","title":{"rendered":"Soziales 35"},"content":{"rendered":"<table><tbody><tr><td class='rDTitel' colspan='2'>Was ist das in mir drin?<\/td><\/tr><tr><td><span class='rDLabel1'>Status: <\/span><span class='rDText1Gruen'>vorhanden<\/span><\/td><td><span class='rDLabel1'>Antolin: <\/span><span class='rDText1Rot'>Quiz nicht vorhanden.<\/span><\/td><\/tr><tr><td width=50%><img src='https:\/\/www.web-rr.de\/GHS-Buecherei\/wp-content\/uploads\/9783347059108.jpg' alt=''><\/td><td><p class='rDLabel2'>von <span class='rDText2'>Carolin Z\u00f6ls<\/span><\/p><p class='rDLabel2'>Verlag: <span class='rDText2'>tredition,  2020,  16.99 \u20ac<\/span><\/p><p class='rDLabel2'>B\u00fccherei-Barcode: <span class='rDText2'>9783347059108<\/span><\/p><p class='rDLabel2'>In der B\u00fccherei erfasst am: <span class='rDText2'>12.10.2021<\/span><\/p><p class='rDLabel2'>Stichw\u00f6rter: <span class='rDText2'>Gef\u00fchle, Angst, Freude, Wut, Trauer, Tiere<\/span><\/p><p class='rDLabel2'>Lesealter ca. <span class='rDText2'>7<\/span><span class='rDLabel2'> Jahre<\/span><\/p><p class='rDLabel2'>Das Buch wurde <span class='rDText2'>0<\/span><span class='rDLabel2'> mal gelesen.<\/span><\/p><\/td><\/tr><tr><td colspan='2'><p class='rDLabel1'>Inhalt:<\/p><span class='rDText2'>Was ist nur an Bennis erstem Schultag los? Das Eichh\u00f6rnchen durchlebt verschiedenste Gef\u00fchle, von Angst \u00fcber Freude, Wut oder Trauer. Was ist das pl\u00f6tzlich in ihm drin? Warum f\u00fchlt er sich, als w\u00fcrde in seinem Bauch ein schlimmes Gewitter toben und warum wird ihm auf einmal ganz warm im Herzen? Und wie kann Benni mit seinen vielen neuen Gef\u00fchlen richtig umgehen? Es begleiten ihn Mutter Eichhorn, die Lehrerin Frau Fuchs oder auch der freche Willi Wiesel. Jedes Kind wird mit verschiedenen Emotionen konfrontiert und muss lernen, mit seinen Gef\u00fchlen umgehen zu k\u00f6nnen. F\u00fcr viele Kinder bereitet diese Entwicklungsaufgabe Schwierigkeiten, da sie eigene Gef\u00fchle vielleicht gar nicht erkennen und somit auch nicht einordnen k\u00f6nnen. Mein Buch soll Eltern eine Hilfestellung sein, um gemeinsam mit ihren Kindern das Durchleben von verschiedenen Emotionen in den unterschiedlichsten Situationen kindgerecht aufarbeiten zu k\u00f6nnen. Es soll Kindern helfen, ihre Gef\u00fchle wahrnehmen zu k\u00f6nnen und mit diesen umzugehen. Mit Hilfe dieser Geschichte sollen sie erfahren, dass auch negative Gef\u00fchle nicht schlimm sind und sie alle Gef\u00fchle zulassen d\u00fcrfen und sollen.<\/span><\/td><\/tr><tr><td colspan='2'><a href='#' onclick='history.back(); return false'>Zur\u00fcck<\/a><\/td><\/tr><\/tbody><\/table>\n","protected":false},"excerpt":{"rendered":"<p>&#8211;<\/p>\n","protected":false},"author":1,"featured_media":0,"parent":0,"menu_order":0,"comment_status":"closed","ping_status":"closed","template":"","meta":[],"_links":{"self":[{"href":"https:\/\/www.web-rr.de\/GHS-Buecherei\/index.php\/wp-json\/wp\/v2\/pages\/6637"}],"collection":[{"href":"https:\/\/www.web-rr.de\/GHS-Buecherei\/index.php\/wp-json\/wp\/v2\/pages"}],"about":[{"href":"https:\/\/www.web-rr.de\/GHS-Buecherei\/index.php\/wp-json\/wp\/v2\/types\/page"}],"author":[{"embeddable":true,"href":"https:\/\/www.web-rr.de\/GHS-Buecherei\/index.php\/wp-json\/wp\/v2\/users\/1"}],"replies":[{"embeddable":true,"href":"https:\/\/www.web-rr.de\/GHS-Buecherei\/index.php\/wp-json\/wp\/v2\/comments?post=6637"}],"version-history":[{"count":0,"href":"https:\/\/www.web-rr.de\/GHS-Buecherei\/index.php\/wp-json\/wp\/v2\/pages\/6637\/revisions"}],"wp:attachment":[{"href":"https:\/\/www.web-rr.de\/GHS-Buecherei\/index.php\/wp-json\/wp\/v2\/media?parent=6637"}],"curies":[{"name":"wp","href":"https:\/\/api.w.org\/{rel}","templated":true}]}}