{"id":6634,"date":"2021-05-21T10:00:00","date_gmt":"2021-05-21T10:00:00","guid":{"rendered":"https:\/\/www.web-rr.de\/GHS-Buecherei\/?page_id=6634"},"modified":"2021-05-21T23:00:00","modified_gmt":"2021-05-21T23:00:00","slug":"p9783947110315","status":"publish","type":"page","link":"https:\/\/www.web-rr.de\/GHS-Buecherei\/index.php\/p9783947110315\/","title":{"rendered":"Soziales 32"},"content":{"rendered":"<table><tbody><tr><td class='rDTitel' colspan='2'>Das kleine Buch \u00fcber den gro\u00dfen Mut und wo man ihn findet<\/td><\/tr><tr><td><span class='rDLabel1'>Status: <\/span><span class='rDText1Gruen'>vorhanden<\/span><\/td><td><span class='rDLabel1'>Antolin: <\/span><span class='rDText1Gruen'>ja, Empfehlung Klasse 3<\/span><\/td><\/tr><tr><td width=50%><img src='https:\/\/www.web-rr.de\/GHS-Buecherei\/wp-content\/uploads\/9783947110315.jpg' alt=''><\/td><td><p class='rDLabel2'>von <span class='rDText2'>Mirjam Jasmin Strube<\/span><\/p><p class='rDLabel2'>Verlag: <span class='rDText2'>Augusta Presse- und Verlags GmbH,  2020,  9.90 \u20ac<\/span><\/p><p class='rDLabel2'>B\u00fccherei-Barcode: <span class='rDText2'>9783947110315<\/span><\/p><p class='rDLabel2'>In der B\u00fccherei erfasst am: <span class='rDText2'>12.10.2021<\/span><\/p><p class='rDLabel2'>Stichw\u00f6rter: <span class='rDText2'>\u00c4ngste, Sorgen, Probleme, Vertrauen<\/span><\/p><p class='rDLabel2'>Lesealter ca. <span class='rDText2'>7<\/span><span class='rDLabel2'> Jahre<\/span><\/p><p class='rDLabel2'>Das Buch wurde <span class='rDText2'>0<\/span><span class='rDLabel2'> mal gelesen.<\/span><\/p><\/td><\/tr><tr><td colspan='2'><p class='rDLabel1'>Inhalt:<\/p><span class='rDText2'>Wenn die Nacht kommt und die Schatten an der Wand l\u00e4nger werden wachsen oft die \u00c4ngste. Dann ist es ganz wichtig, dass es jemanden gibt, der das Licht anknipst, der uns die Angst nimmt.\r\nKinder m\u00fcssen ihre \u00c4ngste und Sorgen aussprechen k\u00f6nnen und vor allem auch d\u00fcrfen. Sie sollten sich dabei ernst genommen f\u00fchlen. Auch wenn wir vielleicht ihre Sorgen nicht (mehr) nachvollziehen k\u00f6nnen, so kann doch jede kleine Angst im Kindesalter zu einem riesigen Problem im Erwachsenenalter werden.\r\nManchmal reicht es schon, dass man dar\u00fcber redet. Oft hilft aber auch ein kleines Ritual dabei, die \u00c4ngste zu \u00fcberwinden. Dieses kleine B\u00fcchlein erkl\u00e4rt auf liebevolle Weise, dass \u00c4ngste zwar zum Leben geh\u00f6ren aber dass sie nicht unser Leben bestimmen d\u00fcrfen.\r\nAm Schluss seid ihr Kinder herzlich dazu eingeladen, euch auf kreative und lustige Art eurer eigenen Angst zu stellen. Lasst uns gemeinsam mit dem B\u00e4ren Flynn herausfinden wie man die kleinen und gro\u00dfen Schrecken erfolgreich vertreiben kann.<\/span><\/td><\/tr><tr><td colspan='2'><a href='#' onclick='history.back(); return false'>Zur\u00fcck<\/a><\/td><\/tr><\/tbody><\/table>\n","protected":false},"excerpt":{"rendered":"<p>&#8211;<\/p>\n","protected":false},"author":1,"featured_media":0,"parent":0,"menu_order":0,"comment_status":"closed","ping_status":"closed","template":"","meta":[],"_links":{"self":[{"href":"https:\/\/www.web-rr.de\/GHS-Buecherei\/index.php\/wp-json\/wp\/v2\/pages\/6634"}],"collection":[{"href":"https:\/\/www.web-rr.de\/GHS-Buecherei\/index.php\/wp-json\/wp\/v2\/pages"}],"about":[{"href":"https:\/\/www.web-rr.de\/GHS-Buecherei\/index.php\/wp-json\/wp\/v2\/types\/page"}],"author":[{"embeddable":true,"href":"https:\/\/www.web-rr.de\/GHS-Buecherei\/index.php\/wp-json\/wp\/v2\/users\/1"}],"replies":[{"embeddable":true,"href":"https:\/\/www.web-rr.de\/GHS-Buecherei\/index.php\/wp-json\/wp\/v2\/comments?post=6634"}],"version-history":[{"count":0,"href":"https:\/\/www.web-rr.de\/GHS-Buecherei\/index.php\/wp-json\/wp\/v2\/pages\/6634\/revisions"}],"wp:attachment":[{"href":"https:\/\/www.web-rr.de\/GHS-Buecherei\/index.php\/wp-json\/wp\/v2\/media?parent=6634"}],"curies":[{"name":"wp","href":"https:\/\/api.w.org\/{rel}","templated":true}]}}