{"id":6628,"date":"2021-05-21T10:00:00","date_gmt":"2021-05-21T10:00:00","guid":{"rendered":"https:\/\/www.web-rr.de\/GHS-Buecherei\/?page_id=6628"},"modified":"2021-05-21T23:00:00","modified_gmt":"2021-05-21T23:00:00","slug":"p9783522185134","status":"publish","type":"page","link":"https:\/\/www.web-rr.de\/GHS-Buecherei\/index.php\/p9783522185134\/","title":{"rendered":"Vorlesen 03"},"content":{"rendered":"<table><tbody><tr><td class='rDTitel' colspan='2'>Wenn Riesen reisen - Neue fantastische Geschichten<\/td><\/tr><tr><td><span class='rDLabel1'>Status: <\/span><span class='rDText1Gruen'>vorhanden<\/span><\/td><td><span class='rDLabel1'>Antolin: <\/span><span class='rDText1Gruen'>ja, Empfehlung Klasse 4<\/span><\/td><\/tr><tr><td width=50%><img src='https:\/\/www.web-rr.de\/GHS-Buecherei\/wp-content\/uploads\/9783522185134.jpg' alt=''><\/td><td><p class='rDLabel2'>von <span class='rDText2'>Ralph Caspers<\/span><\/p><p class='rDLabel2'>Verlag: <span class='rDText2'>Thienemann,  2019,  14.00 \u20ac<\/span><\/p><p class='rDLabel2'>B\u00fccherei-Barcode: <span class='rDText2'>9783522185134<\/span><\/p><p class='rDLabel2'>In der B\u00fccherei erfasst am: <span class='rDText2'>12.10.2021<\/span><\/p><p class='rDLabel2'>Stichw\u00f6rter: <span class='rDText2'>Riesenspuren, Sommerschnee, Wolkenschaum, Fantasie<\/span><\/p><p class='rDLabel2'>Lesealter ca. <span class='rDText2'>6<\/span><span class='rDLabel2'> Jahre<\/span><\/p><p class='rDLabel2'>Das Buch wurde <span class='rDText2'>0<\/span><span class='rDLabel2'> mal gelesen.<\/span><\/p><\/td><\/tr><tr><td colspan='2'><p class='rDLabel1'>Inhalt:<\/p><span class='rDText2'>Neue fantastische Geschichten von Moderator Ralph Caspers, f\u00fcr Kinder ab 6 Jahren.Riesenspuren, Sommerschnee und Wolkenschaum  dahinter verbirgt sich Unglaubliches! In diesem zweiten Erz\u00e4hlband zeigt uns der beliebte Moderator und Autor Ralph Caspers, dass sein Geschichtenschatz nahezu unersch\u00f6pflich ist. In kurzen, perfekt abgestimmten Geschichten verwebt er realistische Alltagssituationen mit fantastischen Elementen und f\u00e4ngt das Leben auf anr\u00fchrende, lustige und verbl\u00fcffende Art und Weise ein.\n\r\n\r\"Staunen \u00fcber Staunen: Wenn Ralph Caspers loslegt, kommt Unglaubliches zutage. Geschickt verbindet er kleine Alltagsgeschichten mit fantasievollen Ideen. [...] Zeigt mit viel Wortwitz, was das Leben Verbl\u00fcffendes zu bieten haben kann.\", K\u00f6lnische Rundschau, 11.05.2019<\/span><\/td><\/tr><tr><td colspan='2'><a href='#' onclick='history.back(); return false'>Zur\u00fcck<\/a><\/td><\/tr><\/tbody><\/table>\n","protected":false},"excerpt":{"rendered":"<p>&#8211;<\/p>\n","protected":false},"author":1,"featured_media":0,"parent":0,"menu_order":0,"comment_status":"closed","ping_status":"closed","template":"","meta":[],"_links":{"self":[{"href":"https:\/\/www.web-rr.de\/GHS-Buecherei\/index.php\/wp-json\/wp\/v2\/pages\/6628"}],"collection":[{"href":"https:\/\/www.web-rr.de\/GHS-Buecherei\/index.php\/wp-json\/wp\/v2\/pages"}],"about":[{"href":"https:\/\/www.web-rr.de\/GHS-Buecherei\/index.php\/wp-json\/wp\/v2\/types\/page"}],"author":[{"embeddable":true,"href":"https:\/\/www.web-rr.de\/GHS-Buecherei\/index.php\/wp-json\/wp\/v2\/users\/1"}],"replies":[{"embeddable":true,"href":"https:\/\/www.web-rr.de\/GHS-Buecherei\/index.php\/wp-json\/wp\/v2\/comments?post=6628"}],"version-history":[{"count":0,"href":"https:\/\/www.web-rr.de\/GHS-Buecherei\/index.php\/wp-json\/wp\/v2\/pages\/6628\/revisions"}],"wp:attachment":[{"href":"https:\/\/www.web-rr.de\/GHS-Buecherei\/index.php\/wp-json\/wp\/v2\/media?parent=6628"}],"curies":[{"name":"wp","href":"https:\/\/api.w.org\/{rel}","templated":true}]}}