{"id":6627,"date":"2021-05-21T10:00:00","date_gmt":"2021-05-21T10:00:00","guid":{"rendered":"https:\/\/www.web-rr.de\/GHS-Buecherei\/?page_id=6627"},"modified":"2021-05-21T23:00:00","modified_gmt":"2021-05-21T23:00:00","slug":"p9783417288360","status":"publish","type":"page","link":"https:\/\/www.web-rr.de\/GHS-Buecherei\/index.php\/p9783417288360\/","title":{"rendered":"Religion 113"},"content":{"rendered":"<table><tbody><tr><td class='rDTitel' colspan='2'>Du, wo wohnt eigentlich Gott? - Geschichten \u00fcber den Glauben<\/td><\/tr><tr><td><span class='rDLabel1'>Status: <\/span><span class='rDText1Gruen'>vorhanden<\/span><\/td><td><span class='rDLabel1'>Antolin: <\/span><span class='rDText1Rot'>Quiz nicht vorhanden.<\/span><\/td><\/tr><tr><td width=50%><img src='https:\/\/www.web-rr.de\/GHS-Buecherei\/wp-content\/uploads\/9783417288360.jpg' alt=''><\/td><td><p class='rDLabel2'>von <span class='rDText2'>B\u00e4rbel L\u00f6ffel-Schr\u00f6der<\/span><\/p><p class='rDLabel2'>Verlag: <span class='rDText2'>SCM R. Brockhaus,  2021,  12.99 \u20ac<\/span><\/p><p class='rDLabel2'>B\u00fccherei-Barcode: <span class='rDText2'>9783417288360<\/span><\/p><p class='rDLabel2'>In der B\u00fccherei erfasst am: <span class='rDText2'>12.10.2021<\/span><\/p><p class='rDLabel2'>Stichw\u00f6rter: <span class='rDText2'>Beten, Vertragen, Glaube, Jesus<\/span><\/p><p class='rDLabel2'>Lesealter ca. <span class='rDText2'>7<\/span><span class='rDLabel2'> Jahre<\/span><\/p><p class='rDLabel2'>Das Buch wurde <span class='rDText2'>0<\/span><span class='rDLabel2'> mal gelesen.<\/span><\/p><\/td><\/tr><tr><td colspan='2'><p class='rDLabel1'>Inhalt:<\/p><span class='rDText2'>Warum soll ich mich wieder vertragen? Und was ist \u00fcberhaupt Beten? In kurzen und alltagsnahen Geschichten antwortet die erfahrene P\u00e4dagogin und beliebte Autorin B\u00e4rbel L\u00f6ffel-Schr\u00f6der auf das, was Kinder h\u00e4ufig \u00fcber Gott und den Glauben wissen wollen.\n\r\n\rWarum soll ich mich wieder vertragen? Und was ist \u00fcberhaupt Beten? Reichlich Lesefutter f\u00fcr kleine Leute mit ganz gro\u00dfen Fragen: In kurzen und alltagsnahen Geschichten antwortet die erfahrene P\u00e4dagogin und beliebte Autorin B\u00e4rbel L\u00f6ffel-Schr\u00f6der auf das, was Kinder h\u00e4ufig \u00fcber Gott und den Glauben wissen wollen. Enth\u00e4lt die Geschichten: Du, warum hat Gott mich gemacht? Du, wer ist eigentlich Jesus? Du, wo wohnt eigentlich Gott? Du, was ist, wenn ich Angst habe? Du, wie lieb hat Gott mich eigentlich? Du, liebt Gott eigentlich jedes Kind? Du, was ist eigentlich Beten? Du, warum soll ich mich entschuldigen? Du, warum soll ich mich wieder vertragen?<\/span><\/td><\/tr><tr><td colspan='2'><a href='#' onclick='history.back(); return false'>Zur\u00fcck<\/a><\/td><\/tr><\/tbody><\/table>\n","protected":false},"excerpt":{"rendered":"<p>&#8211;<\/p>\n","protected":false},"author":1,"featured_media":0,"parent":0,"menu_order":0,"comment_status":"closed","ping_status":"closed","template":"","meta":[],"_links":{"self":[{"href":"https:\/\/www.web-rr.de\/GHS-Buecherei\/index.php\/wp-json\/wp\/v2\/pages\/6627"}],"collection":[{"href":"https:\/\/www.web-rr.de\/GHS-Buecherei\/index.php\/wp-json\/wp\/v2\/pages"}],"about":[{"href":"https:\/\/www.web-rr.de\/GHS-Buecherei\/index.php\/wp-json\/wp\/v2\/types\/page"}],"author":[{"embeddable":true,"href":"https:\/\/www.web-rr.de\/GHS-Buecherei\/index.php\/wp-json\/wp\/v2\/users\/1"}],"replies":[{"embeddable":true,"href":"https:\/\/www.web-rr.de\/GHS-Buecherei\/index.php\/wp-json\/wp\/v2\/comments?post=6627"}],"version-history":[{"count":0,"href":"https:\/\/www.web-rr.de\/GHS-Buecherei\/index.php\/wp-json\/wp\/v2\/pages\/6627\/revisions"}],"wp:attachment":[{"href":"https:\/\/www.web-rr.de\/GHS-Buecherei\/index.php\/wp-json\/wp\/v2\/media?parent=6627"}],"curies":[{"name":"wp","href":"https:\/\/api.w.org\/{rel}","templated":true}]}}