{"id":6626,"date":"2021-05-21T10:00:00","date_gmt":"2021-05-21T10:00:00","guid":{"rendered":"https:\/\/www.web-rr.de\/GHS-Buecherei\/?page_id=6626"},"modified":"2021-05-21T23:00:00","modified_gmt":"2021-05-21T23:00:00","slug":"p9783843611046","status":"publish","type":"page","link":"https:\/\/www.web-rr.de\/GHS-Buecherei\/index.php\/p9783843611046\/","title":{"rendered":"Religion 112"},"content":{"rendered":"<table><tbody><tr><td class='rDTitel' colspan='2'>Ach, du lieber Himmel! - Eine abenteuerliche Geschichte zur Erstkommunion<\/td><\/tr><tr><td><span class='rDLabel1'>Status: <\/span><span class='rDText1Gruen'>vorhanden<\/span><\/td><td><span class='rDLabel1'>Antolin: <\/span><span class='rDText1Rot'>Quiz nicht vorhanden.<\/span><\/td><\/tr><tr><td width=50%><img src='https:\/\/www.web-rr.de\/GHS-Buecherei\/wp-content\/uploads\/9783843611046.jpg' alt=''><\/td><td><p class='rDLabel2'>von <span class='rDText2'>J\u00f6rn Hauf, Uta Hauf, Emma Hauf<\/span><\/p><p class='rDLabel2'>Verlag: <span class='rDText2'>Patmos,  2019,  16.00 \u20ac<\/span><\/p><p class='rDLabel2'>B\u00fccherei-Barcode: <span class='rDText2'>9783843611046<\/span><\/p><p class='rDLabel2'>In der B\u00fccherei erfasst am: <span class='rDText2'>12.10.2021<\/span><\/p><p class='rDLabel2'>Stichw\u00f6rter: <span class='rDText2'>Freundschaft, Liebe, Vertrauen, Internat, Klassenfahrt<\/span><\/p><p class='rDLabel2'>Lesealter ca. <span class='rDText2'>8<\/span><span class='rDLabel2'> Jahre<\/span><\/p><p class='rDLabel2'>Das Buch wurde <span class='rDText2'>0<\/span><span class='rDLabel2'> mal gelesen.<\/span><\/p><\/td><\/tr><tr><td colspan='2'><p class='rDLabel1'>Inhalt:<\/p><span class='rDText2'>Aufregung in der kunterbunten Klasse 3a: Mitten im Religionsunterricht  einige Kinder berichten gerade von ihren Erlebnissen mit der Erstkommunion  kommen zwei neue Kinder in die Klasse: Abdul und Fathma aus dem Irak. Beim Kennenlernspiel geht pl\u00f6tzlich alles schief, ein Schrank st\u00fcrzt um, die Fensterscheibe zerbricht und alles endet in Tumult und Tr\u00e4nen. Jetzt droht Strafe: Der hei\u00df ersehnte Klassenausflug in den Freizeitpark wird ersatzlos gestrichen. Zum Gl\u00fcck k\u00f6nnen die Kinder ihre Klassenlehrerin dazu bewegen, dass sie ihnen eine letzte Chance einr\u00e4umt. Aber dazu m\u00fcssen sie ihr Verhalten \u00e4ndern und ungeheuer schwierige Anforderung und beinharte Bedingungen erf\u00fcllen! Gute Taten m\u00fcssen her und dazu m\u00fcssen sich die M\u00e4dchenclique und die Jungsbande erst einmal zusammenraufen und etwas ausdenken. Der Gute-Taten-Aktionstag verl\u00e4uft in der quirligen 3a dann auch ganz anders als erwartet.<\/span><\/td><\/tr><tr><td colspan='2'><a href='#' onclick='history.back(); return false'>Zur\u00fcck<\/a><\/td><\/tr><\/tbody><\/table>\n","protected":false},"excerpt":{"rendered":"<p>&#8211;<\/p>\n","protected":false},"author":1,"featured_media":0,"parent":0,"menu_order":0,"comment_status":"closed","ping_status":"closed","template":"","meta":[],"_links":{"self":[{"href":"https:\/\/www.web-rr.de\/GHS-Buecherei\/index.php\/wp-json\/wp\/v2\/pages\/6626"}],"collection":[{"href":"https:\/\/www.web-rr.de\/GHS-Buecherei\/index.php\/wp-json\/wp\/v2\/pages"}],"about":[{"href":"https:\/\/www.web-rr.de\/GHS-Buecherei\/index.php\/wp-json\/wp\/v2\/types\/page"}],"author":[{"embeddable":true,"href":"https:\/\/www.web-rr.de\/GHS-Buecherei\/index.php\/wp-json\/wp\/v2\/users\/1"}],"replies":[{"embeddable":true,"href":"https:\/\/www.web-rr.de\/GHS-Buecherei\/index.php\/wp-json\/wp\/v2\/comments?post=6626"}],"version-history":[{"count":0,"href":"https:\/\/www.web-rr.de\/GHS-Buecherei\/index.php\/wp-json\/wp\/v2\/pages\/6626\/revisions"}],"wp:attachment":[{"href":"https:\/\/www.web-rr.de\/GHS-Buecherei\/index.php\/wp-json\/wp\/v2\/media?parent=6626"}],"curies":[{"name":"wp","href":"https:\/\/api.w.org\/{rel}","templated":true}]}}