{"id":6621,"date":"2021-05-21T10:00:00","date_gmt":"2021-05-21T10:00:00","guid":{"rendered":"https:\/\/www.web-rr.de\/GHS-Buecherei\/?page_id=6621"},"modified":"2021-05-21T23:00:00","modified_gmt":"2021-05-21T23:00:00","slug":"p9783314104206","status":"publish","type":"page","link":"https:\/\/www.web-rr.de\/GHS-Buecherei\/index.php\/p9783314104206\/","title":{"rendered":"Religion 107"},"content":{"rendered":"<table><tbody><tr><td class='rDTitel' colspan='2'>Wem geh\u00f6rt der Schnee?<\/td><\/tr><tr><td><span class='rDLabel1'>Status: <\/span><span class='rDText1Gruen'>vorhanden<\/span><\/td><td><span class='rDLabel1'>Antolin: <\/span><span class='rDText1Gruen'>ja, Empfehlung Klasse 3<\/span><\/td><\/tr><tr><td width=50%><img src='https:\/\/www.web-rr.de\/GHS-Buecherei\/wp-content\/uploads\/9783314104206.jpg' alt=''><\/td><td><p class='rDLabel2'>von <span class='rDText2'>Antonie Schneider<\/span><\/p><p class='rDLabel2'>Verlag: <span class='rDText2'>Nord-S\u00fcd,  2019,  15.00 \u20ac<\/span><\/p><p class='rDLabel2'>B\u00fccherei-Barcode: <span class='rDText2'>9783314104206<\/span><\/p><p class='rDLabel2'>In der B\u00fccherei erfasst am: <span class='rDText2'>12.10.2021<\/span><\/p><p class='rDLabel2'>Stichw\u00f6rter: <span class='rDText2'>Jerusalem, Gott, Streit<\/span><\/p><p class='rDLabel2'>Lesealter ca. <span class='rDText2'>7<\/span><span class='rDLabel2'> Jahre<\/span><\/p><p class='rDLabel2'>Das Buch wurde <span class='rDText2'>0<\/span><span class='rDLabel2'> mal gelesen.<\/span><\/p><\/td><\/tr><tr><td colspan='2'><p class='rDLabel1'>Inhalt:<\/p><span class='rDText2'>Es schneit in Jerusalem. Drei Kinder spielen im Schnee. Mit einem Mal gibt es Streit: Wer hat den Schnee gemacht? Welcher Gott? Behutsam greift Antonie Schneider ein brisantes Thema auf und erz\u00e4hlt eine Ringparabel f\u00fcr Kinder. Die Illustratorin Pei-Yu Chang entf\u00fchrt mit au\u00dfergew\u00f6hnlicher Beobachtungsgabe in ein multikulturelles Jerusalem.\n\r\n\rWenn es schneit in Jerusalem  was nur ganz selten passiert , spielen die Kinder Mira, Samir und Rafi begeistert im Schnee. Weil der Schnee so kostbar ist, will jeder von den dreien am meisten Schnee besitzen. Aber wem geh\u00f6rt der Schnee und wer hat den Schnee \u00fcberhaupt gemacht? Welcher Gott? F\u00fcr jedes der drei Kinder hat Gott einen anderen Namen, weil sie unterschiedlichen Religionen angeh\u00f6ren. Antonie Schneider, die seit vielen Jahren religi\u00f6se Themen f\u00fcr Kinder verst\u00e4ndlich macht, behandelt dieses brisante Thema behutsam und erz\u00e4hlt eine Ringparabel f\u00fcr Kinder. Die Illustratorin Pei-Yu Chang entf\u00fchrt uns mit ihrer au\u00dfergew\u00f6hnlichen Beobachtungsgabe in ein multikulturelles Jerusalem.<\/span><\/td><\/tr><tr><td colspan='2'><a href='#' onclick='history.back(); return false'>Zur\u00fcck<\/a><\/td><\/tr><\/tbody><\/table>\n","protected":false},"excerpt":{"rendered":"<p>&#8211;<\/p>\n","protected":false},"author":1,"featured_media":0,"parent":0,"menu_order":0,"comment_status":"closed","ping_status":"closed","template":"","meta":[],"_links":{"self":[{"href":"https:\/\/www.web-rr.de\/GHS-Buecherei\/index.php\/wp-json\/wp\/v2\/pages\/6621"}],"collection":[{"href":"https:\/\/www.web-rr.de\/GHS-Buecherei\/index.php\/wp-json\/wp\/v2\/pages"}],"about":[{"href":"https:\/\/www.web-rr.de\/GHS-Buecherei\/index.php\/wp-json\/wp\/v2\/types\/page"}],"author":[{"embeddable":true,"href":"https:\/\/www.web-rr.de\/GHS-Buecherei\/index.php\/wp-json\/wp\/v2\/users\/1"}],"replies":[{"embeddable":true,"href":"https:\/\/www.web-rr.de\/GHS-Buecherei\/index.php\/wp-json\/wp\/v2\/comments?post=6621"}],"version-history":[{"count":0,"href":"https:\/\/www.web-rr.de\/GHS-Buecherei\/index.php\/wp-json\/wp\/v2\/pages\/6621\/revisions"}],"wp:attachment":[{"href":"https:\/\/www.web-rr.de\/GHS-Buecherei\/index.php\/wp-json\/wp\/v2\/media?parent=6621"}],"curies":[{"name":"wp","href":"https:\/\/api.w.org\/{rel}","templated":true}]}}