{"id":6619,"date":"2021-05-21T10:00:00","date_gmt":"2021-05-21T10:00:00","guid":{"rendered":"https:\/\/www.web-rr.de\/GHS-Buecherei\/?page_id=6619"},"modified":"2021-05-21T23:00:00","modified_gmt":"2021-05-21T23:00:00","slug":"p9783769824254","status":"publish","type":"page","link":"https:\/\/www.web-rr.de\/GHS-Buecherei\/index.php\/p9783769824254\/","title":{"rendered":"Religion 105"},"content":{"rendered":"<table><tbody><tr><td class='rDTitel' colspan='2'>Der Herr ist mein Hirte - Die sch\u00f6nsten Geschichten aus der Kinderbibel<\/td><\/tr><tr><td><span class='rDLabel1'>Status: <\/span><span class='rDText1Gruen'>vorhanden<\/span><\/td><td><span class='rDLabel1'>Antolin: <\/span><span class='rDText1Gruen'>ja, Empfehlung Klasse 2<\/span><\/td><\/tr><tr><td width=50%><img src='https:\/\/www.web-rr.de\/GHS-Buecherei\/wp-content\/uploads\/9783769824254.jpg' alt=''><\/td><td><p class='rDLabel2'>von <span class='rDText2'>Susanne Brandt, Klaus-Uwe Nommensen<\/span><\/p><p class='rDLabel2'>Verlag: <span class='rDText2'>Don Bosco Medien GmbH,  2019,  14.00 \u20ac<\/span><\/p><p class='rDLabel2'>B\u00fccherei-Barcode: <span class='rDText2'>9783769824254<\/span><\/p><p class='rDLabel2'>In der B\u00fccherei erfasst am: <span class='rDText2'>12.10.2021<\/span><\/p><p class='rDLabel2'>Stichw\u00f6rter: <span class='rDText2'>Religion, Hirte, Gott,<\/span><\/p><p class='rDLabel2'>Lesealter ca. <span class='rDText2'>7<\/span><span class='rDLabel2'> Jahre<\/span><\/p><p class='rDLabel2'>Das Buch wurde <span class='rDText2'>0<\/span><span class='rDLabel2'> mal gelesen.<\/span><\/p><\/td><\/tr><tr><td colspan='2'><p class='rDLabel1'>Inhalt:<\/p><span class='rDText2'>Die Geschichte der Entstehung des wohl beliebtesten Psalms als wundersch\u00f6nes, gro\u00dfformatiges Bilderbuch. Mit viel Liebe zum Detail und in freundlichen Farben illustriert.\n\r\n\rDer kleine Hirte David ist gerne drau\u00dfen, bei Wind und Wetter und trotz aller Gefahren. Immer hat er seine Harfe dabei und denkt sich eigene Lieder aus. Beim Singen f\u00fchlt er sich mit Gott verbunden. Nach Psalm 23,1-4; 1 Samuel 16,14-23. F\u00fcr die Bilderbuchreihe \"Die sch\u00f6nsten Kinderbibel-Geschichten\" hat Petra Lefin diese Texte mit viel Liebe zum Detail und in freundlichen Farben f\u00fcr Kinder von 3 bis 8 Jahren bebildert. Die Geschichten werden nah am Original und f\u00fcr Kinder gut verst\u00e4ndlich erz\u00e4hlt.<\/span><\/td><\/tr><tr><td colspan='2'><a href='#' onclick='history.back(); return false'>Zur\u00fcck<\/a><\/td><\/tr><\/tbody><\/table>\n","protected":false},"excerpt":{"rendered":"<p>&#8211;<\/p>\n","protected":false},"author":1,"featured_media":0,"parent":0,"menu_order":0,"comment_status":"closed","ping_status":"closed","template":"","meta":[],"_links":{"self":[{"href":"https:\/\/www.web-rr.de\/GHS-Buecherei\/index.php\/wp-json\/wp\/v2\/pages\/6619"}],"collection":[{"href":"https:\/\/www.web-rr.de\/GHS-Buecherei\/index.php\/wp-json\/wp\/v2\/pages"}],"about":[{"href":"https:\/\/www.web-rr.de\/GHS-Buecherei\/index.php\/wp-json\/wp\/v2\/types\/page"}],"author":[{"embeddable":true,"href":"https:\/\/www.web-rr.de\/GHS-Buecherei\/index.php\/wp-json\/wp\/v2\/users\/1"}],"replies":[{"embeddable":true,"href":"https:\/\/www.web-rr.de\/GHS-Buecherei\/index.php\/wp-json\/wp\/v2\/comments?post=6619"}],"version-history":[{"count":0,"href":"https:\/\/www.web-rr.de\/GHS-Buecherei\/index.php\/wp-json\/wp\/v2\/pages\/6619\/revisions"}],"wp:attachment":[{"href":"https:\/\/www.web-rr.de\/GHS-Buecherei\/index.php\/wp-json\/wp\/v2\/media?parent=6619"}],"curies":[{"name":"wp","href":"https:\/\/api.w.org\/{rel}","templated":true}]}}