{"id":6616,"date":"2021-05-21T10:00:00","date_gmt":"2021-05-21T10:00:00","guid":{"rendered":"https:\/\/www.web-rr.de\/GHS-Buecherei\/?page_id=6616"},"modified":"2021-05-21T23:00:00","modified_gmt":"2021-05-21T23:00:00","slug":"p9783746768533","status":"publish","type":"page","link":"https:\/\/www.web-rr.de\/GHS-Buecherei\/index.php\/p9783746768533\/","title":{"rendered":"Weihnachten 65"},"content":{"rendered":"<table><tbody><tr><td class='rDTitel' colspan='2'>Dreh um di Buch, das Jahr in dem Edwin der Schneehase eine M\u00fctze fand<\/td><\/tr><tr><td><span class='rDLabel1'>Status: <\/span><span class='rDText1Gruen'>vorhanden<\/span><\/td><td><span class='rDLabel1'>Antolin: <\/span><span class='rDText1Rot'>Quiz nicht vorhanden.<\/span><\/td><\/tr><tr><td width=50%><img src='https:\/\/www.web-rr.de\/GHS-Buecherei\/wp-content\/uploads\/9783746768533.jpg' alt=''><\/td><td><p class='rDLabel2'>von <span class='rDText2'>Anemone Winkelmann<\/span><\/p><p class='rDLabel2'>Verlag: <span class='rDText2'>epubli,  2018,  23.99 \u20ac<\/span><\/p><p class='rDLabel2'>B\u00fccherei-Barcode: <span class='rDText2'>9783746768533<\/span><\/p><p class='rDLabel2'>In der B\u00fccherei erfasst am: <span class='rDText2'>12.10.2021<\/span><\/p><p class='rDLabel2'>Stichw\u00f6rter: <span class='rDText2'>Tiere, Schnee, Weihnachtsmann, Geschenke<\/span><\/p><p class='rDLabel2'>Lesealter ca. <span class='rDText2'>7<\/span><span class='rDLabel2'> Jahre<\/span><\/p><p class='rDLabel2'>Das Buch wurde <span class='rDText2'>0<\/span><span class='rDLabel2'> mal gelesen.<\/span><\/p><\/td><\/tr><tr><td colspan='2'><p class='rDLabel1'>Inhalt:<\/p><span class='rDText2'>Das erste Dreh um di Buch der Welt, speziell f\u00fcr die Weihnachtszeit, ausgedacht und erarbeitet von mir, Anemone. Ich habe die Geschichte gezeichnet, gemalt, geschrieben und am Computer druckfertig gemacht. Eigentlich sind es ja zwei Geschichten, die dieses illustrierte Bilderbuch ab 3-4 Jahren erz\u00e4hlt. Da ist die Geschichte von Edwin dem Schneehasen, der eine wundersch\u00f6ne, und nach Weihnachten riechende M\u00fctze im Schnee findet, die jedes Tier, das er trifft gerne behalten m\u00f6chte. Doch Edwin hat sich eins fest vorgenommen: er m\u00f6chte die rote Bommelm\u00fctze ihrem Besitzer zur\u00fcckbringen. Sein Weg f\u00fchrt ihn durch Feld und Wald, und schlie\u00dflich trifft er auf Tom, den Weihnachtsmann, der beim Geschenke verteilen an den Ohren friert! Dreht man das Buch um, beginnt kopf\u00fcber von der anderen Seite, die Geschichte von Tom, dem Weihnachtsmann, dem die M\u00fctze von den Ohren rutschte, der aber so besch\u00e4ftigt war, mit Geschenke verteilen, dass er sie einfach verga\u00df! Toms Weg f\u00fchrt ihn zu vielen Menschen, die ihm alle ihre Kopfbedeckungen anbieten: eine B\u00e4ckerm\u00fctze, ein Zylinder oder sogar selbstgestrickt aus pinkfarbener Wolle... Doch Tom m\u00f6chte seine eigene M\u00fctze wieder bekommen und hat Gl\u00fcck, als ihm eine Schneelawine vor die F\u00fc\u00dfe rollt, in der ein Schneehase steckt. der Hase sch\u00fcttelt sich den Schnee aus dem Fell: \"Habe ich dich endlich gefunden, Weihnachtsmann!\" sagt er. In der Mitte des Buches wartet eine Doppelseite die das gemeinsame Happy End der beiden Geschichten illustriert.<\/span><\/td><\/tr><tr><td colspan='2'><a href='#' onclick='history.back(); return false'>Zur\u00fcck<\/a><\/td><\/tr><\/tbody><\/table>\n","protected":false},"excerpt":{"rendered":"<p>&#8211;<\/p>\n","protected":false},"author":1,"featured_media":0,"parent":0,"menu_order":0,"comment_status":"closed","ping_status":"closed","template":"","meta":[],"_links":{"self":[{"href":"https:\/\/www.web-rr.de\/GHS-Buecherei\/index.php\/wp-json\/wp\/v2\/pages\/6616"}],"collection":[{"href":"https:\/\/www.web-rr.de\/GHS-Buecherei\/index.php\/wp-json\/wp\/v2\/pages"}],"about":[{"href":"https:\/\/www.web-rr.de\/GHS-Buecherei\/index.php\/wp-json\/wp\/v2\/types\/page"}],"author":[{"embeddable":true,"href":"https:\/\/www.web-rr.de\/GHS-Buecherei\/index.php\/wp-json\/wp\/v2\/users\/1"}],"replies":[{"embeddable":true,"href":"https:\/\/www.web-rr.de\/GHS-Buecherei\/index.php\/wp-json\/wp\/v2\/comments?post=6616"}],"version-history":[{"count":0,"href":"https:\/\/www.web-rr.de\/GHS-Buecherei\/index.php\/wp-json\/wp\/v2\/pages\/6616\/revisions"}],"wp:attachment":[{"href":"https:\/\/www.web-rr.de\/GHS-Buecherei\/index.php\/wp-json\/wp\/v2\/media?parent=6616"}],"curies":[{"name":"wp","href":"https:\/\/api.w.org\/{rel}","templated":true}]}}