{"id":6614,"date":"2021-05-21T10:00:00","date_gmt":"2021-05-21T10:00:00","guid":{"rendered":"https:\/\/www.web-rr.de\/GHS-Buecherei\/?page_id=6614"},"modified":"2021-05-21T23:00:00","modified_gmt":"2021-05-21T23:00:00","slug":"p9783946986058","status":"publish","type":"page","link":"https:\/\/www.web-rr.de\/GHS-Buecherei\/index.php\/p9783946986058\/","title":{"rendered":"Fr\u00fcher + Heute 53"},"content":{"rendered":"<table><tbody><tr><td class='rDTitel' colspan='2'>Z\u00e4hnchen, Z\u00e4hnchen, auf das Dach!<\/td><\/tr><tr><td><span class='rDLabel1'>Status: <\/span><span class='rDText1Gruen'>vorhanden<\/span><\/td><td><span class='rDLabel1'>Antolin: <\/span><span class='rDText1Gruen'>ja, Empfehlung Klasse 2<\/span><\/td><\/tr><tr><td width=50%><img src='https:\/\/www.web-rr.de\/GHS-Buecherei\/wp-content\/uploads\/9783946986058.jpg' alt=''><\/td><td><p class='rDLabel2'>von <span class='rDText2'>Liu Xun<\/span><\/p><p class='rDLabel2'>Verlag: <span class='rDText2'>Edition Bracklo,  2019,  19.80 \u20ac<\/span><\/p><p class='rDLabel2'>B\u00fccherei-Barcode: <span class='rDText2'>9783946986058<\/span><\/p><p class='rDLabel2'>In der B\u00fccherei erfasst am: <span class='rDText2'>12.10.2021<\/span><\/p><p class='rDLabel2'>Stichw\u00f6rter: <span class='rDText2'>Ritual, Ver\u00e4ndrung, Moderne, Tradition, China, Kultur, Fremde, Kindealltag<\/span><\/p><p class='rDLabel2'>Lesealter ca. <span class='rDText2'>6<\/span><span class='rDLabel2'> Jahre<\/span><\/p><p class='rDLabel2'>Das Buch wurde <span class='rDText2'>0<\/span><span class='rDLabel2'> mal gelesen.<\/span><\/p><\/td><\/tr><tr><td colspan='2'><p class='rDLabel1'>Inhalt:<\/p><span class='rDText2'>In dem fesselnden Bilderbuch der jungen K\u00fcnstlerin Liu Xun, Z\u00e4hnchen, Z\u00e4hnchen auf das Dach! kontrastieren Moderne und Tradition in st\u00e4dtischen Regionen Chinas. Z\u00e4hnchen, Z\u00e4hnchen auf das Dach! verkn\u00fcpft visuell und thematisch den Verlust des ersten Milchzahns eines kleinen M\u00e4dchens mit den in seiner Nachbarschaft vor sich gehenden Ver\u00e4nderungen. Das Ritual, den verlorenen Zahn auf das Dach des Hauses zu werfen, damit das Kind gro\u00df und stark wird, wirkt beruhigend. Das Dach hat die Familie seit Generationen gesch\u00fctzt. Nun streift das Kind aus seinem Bett hinaus durch die vertraute Nachbarschaft, um seinen Gro\u00dfvater zu suchen. Ein Symbol an den W\u00e4nden der kleinen L\u00e4den und H\u00e4user weist darauf hin, dass diese Gassen f\u00fcr den Abriss vorgesehen sind. Die Zeichen sind blass und die Atmosph\u00e4re der Nachbarschaft ist noch gl\u00fccklich, sicher und freudig. Vielleicht ein Hinweis darauf, dass die unvermeidlichen Ver\u00e4nderungen doch nicht unmittelbar bevorstehen? Au\u00dferhalb der Idylle des traditionellen Viertels warten bereits die Kr\u00e4ne und Baumaschinen \n\r\n\rIn dem faszinierenden Bilderbuch kontrastieren Moderne und Tradition in alten Stadtvierteln Chinas mit den heranr\u00fcckenden Abrisskr\u00e4nen der Neubauviertel, w\u00e4hrend die kleine Heldin der Geschichte ihren ersten Milchzahn verliert, den sie nat\u00fcrlich nach alter Tradition mit dem Gro\u00dfvater sofort auf das Dach ihres Hauses werfen will. Alt und neu, Verlust und neues Wachstum sind Themen der Zeit. Jedes Kind erlebt am eigenen Leib den Zahnwechsel und internationale Br\u00e4uche sind daher allgemein sehr interessant. Ausgezeichnet mit dem Chinesischen Feng-Zikai-Preis (Bilderbuch-Preis).\n\r\n\r<\/span><\/td><\/tr><tr><td colspan='2'><a href='#' onclick='history.back(); return false'>Zur\u00fcck<\/a><\/td><\/tr><\/tbody><\/table>\n","protected":false},"excerpt":{"rendered":"<p>&#8211;<\/p>\n","protected":false},"author":1,"featured_media":0,"parent":0,"menu_order":0,"comment_status":"closed","ping_status":"closed","template":"","meta":[],"_links":{"self":[{"href":"https:\/\/www.web-rr.de\/GHS-Buecherei\/index.php\/wp-json\/wp\/v2\/pages\/6614"}],"collection":[{"href":"https:\/\/www.web-rr.de\/GHS-Buecherei\/index.php\/wp-json\/wp\/v2\/pages"}],"about":[{"href":"https:\/\/www.web-rr.de\/GHS-Buecherei\/index.php\/wp-json\/wp\/v2\/types\/page"}],"author":[{"embeddable":true,"href":"https:\/\/www.web-rr.de\/GHS-Buecherei\/index.php\/wp-json\/wp\/v2\/users\/1"}],"replies":[{"embeddable":true,"href":"https:\/\/www.web-rr.de\/GHS-Buecherei\/index.php\/wp-json\/wp\/v2\/comments?post=6614"}],"version-history":[{"count":0,"href":"https:\/\/www.web-rr.de\/GHS-Buecherei\/index.php\/wp-json\/wp\/v2\/pages\/6614\/revisions"}],"wp:attachment":[{"href":"https:\/\/www.web-rr.de\/GHS-Buecherei\/index.php\/wp-json\/wp\/v2\/media?parent=6614"}],"curies":[{"name":"wp","href":"https:\/\/api.w.org\/{rel}","templated":true}]}}