{"id":6609,"date":"2021-05-21T10:00:00","date_gmt":"2021-05-21T10:00:00","guid":{"rendered":"https:\/\/www.web-rr.de\/GHS-Buecherei\/?page_id=6609"},"modified":"2021-05-21T23:00:00","modified_gmt":"2021-05-21T23:00:00","slug":"p9783944824857","status":"publish","type":"page","link":"https:\/\/www.web-rr.de\/GHS-Buecherei\/index.php\/p9783944824857\/","title":{"rendered":"Abenteuer 46"},"content":{"rendered":"<table><tbody><tr><td class='rDTitel' colspan='2'>Drachenfurz & Silberkralle (4) - Abenteuer in Mirathasia<\/td><\/tr><tr><td><span class='rDLabel1'>Status: <\/span><span class='rDText1Gruen'>vorhanden<\/span><\/td><td><span class='rDLabel1'>Antolin: <\/span><span class='rDText1Gruen'>ja, Empfehlung Klasse 3<\/span><\/td><\/tr><tr><td width=50%><img src='https:\/\/www.web-rr.de\/GHS-Buecherei\/wp-content\/uploads\/9783944824857.jpg' alt=''><\/td><td><p class='rDLabel2'>von <span class='rDText2'>Veronika Aretz<\/span><\/p><p class='rDLabel2'>Verlag: <span class='rDText2'>VA-Verlag,  2019,  10.90 \u20ac<\/span><\/p><p class='rDLabel2'>B\u00fccherei-Barcode: <span class='rDText2'>9783944824857<\/span><\/p><p class='rDLabel2'>In der B\u00fccherei erfasst am: <span class='rDText2'>06.10.2021<\/span><\/p><p class='rDLabel2'>Stichw\u00f6rter: <span class='rDText2'>Diebe, Schule, Freunde, Drachenfliegen<\/span><\/p><p class='rDLabel2'>Lesealter ca. <span class='rDText2'>7<\/span><span class='rDLabel2'> Jahre<\/span><\/p><p class='rDLabel2'>Das Buch wurde <span class='rDText2'>0<\/span><span class='rDLabel2'> mal gelesen.<\/span><\/p><\/td><\/tr><tr><td colspan='2'><p class='rDLabel1'>Inhalt:<\/p><span class='rDText2'>Ausgerechnet in Mirathasia treffen sich Jenny und Luca, die zusammen in eine Klasse gehen, sich aber nicht wirklich m\u00f6gen. Sie ist zu sch\u00fcchtern, er zu laut und au\u00dferdem lacht er \u00fcber alles und jeden. Dass er dann auch noch am Unterricht zum Drachenfliegen teilnimmt, passt Jenny gar nicht. Doch dann wird das Ei der Drachin Malliah gestohlen. Jenny und Luca verfolgen die Diebe, bis sie dahinterkommen, dass der Diebstahl einen ganz anderen Zweck erf\u00fcllt  Jedes Buch der Reihe l\u00e4sst sich einzeln lesen, es ist nicht notwendig, mit Band 1 anzufangen.\n\r\n\r\u00bbLeseprobe\u00ab\n\rMirathasia ist ein Land der Fantasie, aus den Ideen der Kinder gewachsen. Manche behaupten, es w\u00e4re ein Schla\u00adraffenland, zu dem kein Erwachsener Zutritt hat, andere nennen es das Wunschland. Beides mag stimmen, doch eines versucht Mirathasia allen mit auf den Weg zu geben: Ein guter Gedanke, um eine verzwickte Situation neu zu betrachten und sie zu \u00e4ndern.<\/span><\/td><\/tr><tr><td colspan='2'><a href='#' onclick='history.back(); return false'>Zur\u00fcck<\/a><\/td><\/tr><\/tbody><\/table>\n","protected":false},"excerpt":{"rendered":"<p>&#8211;<\/p>\n","protected":false},"author":1,"featured_media":0,"parent":0,"menu_order":0,"comment_status":"closed","ping_status":"closed","template":"","meta":[],"_links":{"self":[{"href":"https:\/\/www.web-rr.de\/GHS-Buecherei\/index.php\/wp-json\/wp\/v2\/pages\/6609"}],"collection":[{"href":"https:\/\/www.web-rr.de\/GHS-Buecherei\/index.php\/wp-json\/wp\/v2\/pages"}],"about":[{"href":"https:\/\/www.web-rr.de\/GHS-Buecherei\/index.php\/wp-json\/wp\/v2\/types\/page"}],"author":[{"embeddable":true,"href":"https:\/\/www.web-rr.de\/GHS-Buecherei\/index.php\/wp-json\/wp\/v2\/users\/1"}],"replies":[{"embeddable":true,"href":"https:\/\/www.web-rr.de\/GHS-Buecherei\/index.php\/wp-json\/wp\/v2\/comments?post=6609"}],"version-history":[{"count":0,"href":"https:\/\/www.web-rr.de\/GHS-Buecherei\/index.php\/wp-json\/wp\/v2\/pages\/6609\/revisions"}],"wp:attachment":[{"href":"https:\/\/www.web-rr.de\/GHS-Buecherei\/index.php\/wp-json\/wp\/v2\/media?parent=6609"}],"curies":[{"name":"wp","href":"https:\/\/api.w.org\/{rel}","templated":true}]}}