{"id":6608,"date":"2021-05-21T10:00:00","date_gmt":"2021-05-21T10:00:00","guid":{"rendered":"https:\/\/www.web-rr.de\/GHS-Buecherei\/?page_id=6608"},"modified":"2021-05-21T23:00:00","modified_gmt":"2021-05-21T23:00:00","slug":"p9783522506250","status":"publish","type":"page","link":"https:\/\/www.web-rr.de\/GHS-Buecherei\/index.php\/p9783522506250\/","title":{"rendered":"Abenteuer 39"},"content":{"rendered":"<table><tbody><tr><td class='rDTitel' colspan='2'>Die wunderlichen Abenteuer des Archie McEllen 1: Das Karamell-Komplott<\/td><\/tr><tr><td><span class='rDLabel1'>Status: <\/span><span class='rDText1Gruen'>vorhanden<\/span><\/td><td><span class='rDLabel1'>Antolin: <\/span><span class='rDText1Gruen'>ja, Empfehlung Klasse 5<\/span><\/td><\/tr><tr><td width=50%><img src='https:\/\/www.web-rr.de\/GHS-Buecherei\/wp-content\/uploads\/9783522506250.jpg' alt=''><\/td><td><p class='rDLabel2'>von <span class='rDText2'>David O&#039;Connell<\/span><\/p><p class='rDLabel2'>Verlag: <span class='rDText2'>Planet Girl,  2019,  13.00 \u20ac<\/span><\/p><p class='rDLabel2'>B\u00fccherei-Barcode: <span class='rDText2'>9783522506250<\/span><\/p><p class='rDLabel2'>In der B\u00fccherei erfasst am: <span class='rDText2'>06.10.2021<\/span><\/p><p class='rDLabel2'>Stichw\u00f6rter: <span class='rDText2'>Lustig, Magisch, S\u00fc\u00dfwarenfabrik, Schnitzeljagd, Erbe<\/span><\/p><p class='rDLabel2'>Lesealter ca. <span class='rDText2'>9<\/span><span class='rDLabel2'> Jahre<\/span><\/p><p class='rDLabel2'>Das Buch wurde <span class='rDText2'>0<\/span><span class='rDLabel2'> mal gelesen.<\/span><\/p><\/td><\/tr><tr><td colspan='2'><p class='rDLabel1'>Inhalt:<\/p><span class='rDText2'>Spannend, lustig und magisch: die perfekte Geschichte f\u00fcr Abenteuer-Kinder ab 8 Jahren! Archies Gl\u00fccksunterhosen funktionieren! Er hat gerade ein Verm\u00f6gen geerbt, ein altes Herrenhaus und  die ber\u00fchmteste S\u00fc\u00dfwarenfabrik der Welt. Doch bevor er sein rechtm\u00e4\u00dfiges Erbe antreten kann, muss er eine abenteuerliche Schnitzeljagd durch Haus Honigstein meistern. Ob Zuckerspur, Schokodrache oder S\u00fc\u00dfigkeitenlabyrinth  mit Hilfe seiner neugewonnenen Freunde Feli, Willy und Limo kommt Archie seinem Erbe und einem gut geh\u00fcteten Familiengeheimnis auf die Spur. Doch er muss auf der Hut sein, denn er ist nicht der Einzige, der es auf das McEllen-Karamellen-Imperium abgesehen hat!<\/span><\/td><\/tr><tr><td colspan='2'><a href='#' onclick='history.back(); return false'>Zur\u00fcck<\/a><\/td><\/tr><\/tbody><\/table>\n","protected":false},"excerpt":{"rendered":"<p>&#8211;<\/p>\n","protected":false},"author":1,"featured_media":0,"parent":0,"menu_order":0,"comment_status":"closed","ping_status":"closed","template":"","meta":[],"_links":{"self":[{"href":"https:\/\/www.web-rr.de\/GHS-Buecherei\/index.php\/wp-json\/wp\/v2\/pages\/6608"}],"collection":[{"href":"https:\/\/www.web-rr.de\/GHS-Buecherei\/index.php\/wp-json\/wp\/v2\/pages"}],"about":[{"href":"https:\/\/www.web-rr.de\/GHS-Buecherei\/index.php\/wp-json\/wp\/v2\/types\/page"}],"author":[{"embeddable":true,"href":"https:\/\/www.web-rr.de\/GHS-Buecherei\/index.php\/wp-json\/wp\/v2\/users\/1"}],"replies":[{"embeddable":true,"href":"https:\/\/www.web-rr.de\/GHS-Buecherei\/index.php\/wp-json\/wp\/v2\/comments?post=6608"}],"version-history":[{"count":0,"href":"https:\/\/www.web-rr.de\/GHS-Buecherei\/index.php\/wp-json\/wp\/v2\/pages\/6608\/revisions"}],"wp:attachment":[{"href":"https:\/\/www.web-rr.de\/GHS-Buecherei\/index.php\/wp-json\/wp\/v2\/media?parent=6608"}],"curies":[{"name":"wp","href":"https:\/\/api.w.org\/{rel}","templated":true}]}}