{"id":6606,"date":"2021-05-21T10:00:00","date_gmt":"2021-05-21T10:00:00","guid":{"rendered":"https:\/\/www.web-rr.de\/GHS-Buecherei\/?page_id=6606"},"modified":"2021-05-21T23:00:00","modified_gmt":"2021-05-21T23:00:00","slug":"p9783959160537","status":"publish","type":"page","link":"https:\/\/www.web-rr.de\/GHS-Buecherei\/index.php\/p9783959160537\/","title":{"rendered":"Abenteuer 38"},"content":{"rendered":"<table><tbody><tr><td class='rDTitel' colspan='2'>Matti und Max: Abenteuer in New York - Matti und Max 2<\/td><\/tr><tr><td><span class='rDLabel1'>Status: <\/span><span class='rDText1Gruen'>vorhanden<\/span><\/td><td><span class='rDLabel1'>Antolin: <\/span><span class='rDText1Gruen'>ja, Empfehlung Klasse 4<\/span><\/td><\/tr><tr><td width=50%><img src='https:\/\/www.web-rr.de\/GHS-Buecherei\/wp-content\/uploads\/9783959160537.jpg' alt=''><\/td><td><p class='rDLabel2'>von <span class='rDText2'>Sandra Lehmann<\/span><\/p><p class='rDLabel2'>Verlag: <span class='rDText2'>Biber & Butzemann,  2019,  14.50 \u20ac<\/span><\/p><p class='rDLabel2'>B\u00fccherei-Barcode: <span class='rDText2'>9783959160537<\/span><\/p><p class='rDLabel2'>In der B\u00fccherei erfasst am: <span class='rDText2'>06.10.2021<\/span><\/p><p class='rDLabel2'>Stichw\u00f6rter: <span class='rDText2'>Ferienabenteuergeschichte, Manhattan, Gro\u00dfstadt<\/span><\/p><p class='rDLabel2'>Lesealter ca. <span class='rDText2'>8<\/span><span class='rDLabel2'> Jahre<\/span><\/p><p class='rDLabel2'>Das Buch wurde <span class='rDText2'>0<\/span><span class='rDLabel2'> mal gelesen.<\/span><\/p><\/td><\/tr><tr><td colspan='2'><p class='rDLabel1'>Inhalt:<\/p><span class='rDText2'>Matti und Max k\u00f6nnen ihr Gl\u00fcck kaum fassen: Ferien in New York! Gemeinsam mit ihrer amerikanischen Freundin Sophie erkunden sie die Stadt. Doch dann verschwindet ein ber\u00fchmtes Kunstwerk und wenig sp\u00e4ter auch noch Rauhaardackel Rudy. Ein geheimnisvoller Zettel bringt die Freunde schlie\u00dflich auf eine hei\u00dfe Spur. Eine aufregende Jagd quer durch Manhattan beginnt.\n\r\n\r- Tolle Ausflugstipps, verpackt in eine spannende Ferienabenteuergeschichte - Viel Interessantes \u00fcber die Natur und Geschichte der Region, regionale Sagen und Besonderheiten spielerisch und kindgerecht vermittelt - Perfekt f\u00fcr junge Leserinnen und Leser aus der Region, aber auch f\u00fcr Ferienbesucher - Quizfragen auf Antolin und kostenlose Unterrichtsmaterialien verf\u00fcgbar - Teil einer beliebten Kinderbuchreihe<\/span><\/td><\/tr><tr><td colspan='2'><a href='#' onclick='history.back(); return false'>Zur\u00fcck<\/a><\/td><\/tr><\/tbody><\/table>\n","protected":false},"excerpt":{"rendered":"<p>&#8211;<\/p>\n","protected":false},"author":1,"featured_media":0,"parent":0,"menu_order":0,"comment_status":"closed","ping_status":"closed","template":"","meta":[],"_links":{"self":[{"href":"https:\/\/www.web-rr.de\/GHS-Buecherei\/index.php\/wp-json\/wp\/v2\/pages\/6606"}],"collection":[{"href":"https:\/\/www.web-rr.de\/GHS-Buecherei\/index.php\/wp-json\/wp\/v2\/pages"}],"about":[{"href":"https:\/\/www.web-rr.de\/GHS-Buecherei\/index.php\/wp-json\/wp\/v2\/types\/page"}],"author":[{"embeddable":true,"href":"https:\/\/www.web-rr.de\/GHS-Buecherei\/index.php\/wp-json\/wp\/v2\/users\/1"}],"replies":[{"embeddable":true,"href":"https:\/\/www.web-rr.de\/GHS-Buecherei\/index.php\/wp-json\/wp\/v2\/comments?post=6606"}],"version-history":[{"count":0,"href":"https:\/\/www.web-rr.de\/GHS-Buecherei\/index.php\/wp-json\/wp\/v2\/pages\/6606\/revisions"}],"wp:attachment":[{"href":"https:\/\/www.web-rr.de\/GHS-Buecherei\/index.php\/wp-json\/wp\/v2\/media?parent=6606"}],"curies":[{"name":"wp","href":"https:\/\/api.w.org\/{rel}","templated":true}]}}