{"id":6605,"date":"2021-05-21T10:00:00","date_gmt":"2021-05-21T10:00:00","guid":{"rendered":"https:\/\/www.web-rr.de\/GHS-Buecherei\/?page_id=6605"},"modified":"2021-05-21T23:00:00","modified_gmt":"2021-05-21T23:00:00","slug":"p9783947759415","status":"publish","type":"page","link":"https:\/\/www.web-rr.de\/GHS-Buecherei\/index.php\/p9783947759415\/","title":{"rendered":"Abenteuer 25"},"content":{"rendered":"<table><tbody><tr><td class='rDTitel' colspan='2'>Karlis Kartons<\/td><\/tr><tr><td><span class='rDLabel1'>Status: <\/span><span class='rDText1Gruen'>vorhanden<\/span><\/td><td><span class='rDLabel1'>Antolin: <\/span><span class='rDText1Rot'>Quiz nicht vorhanden.<\/span><\/td><\/tr><tr><td width=50%><img src='https:\/\/www.web-rr.de\/GHS-Buecherei\/wp-content\/uploads\/9783947759415.jpg' alt=''><\/td><td><p class='rDLabel2'>von <span class='rDText2'>Katja Welcker<\/span><\/p><p class='rDLabel2'>Verlag: <span class='rDText2'>Kid Verlag,  2020,  16.80 \u20ac<\/span><\/p><p class='rDLabel2'>B\u00fccherei-Barcode: <span class='rDText2'>9783947759415<\/span><\/p><p class='rDLabel2'>In der B\u00fccherei erfasst am: <span class='rDText2'>06.10.2021<\/span><\/p><p class='rDLabel2'>Stichw\u00f6rter: <span class='rDText2'>Familie, Baumhaus, Schule, Spion<\/span><\/p><p class='rDLabel2'>Lesealter ca. <span class='rDText2'>8<\/span><span class='rDLabel2'> Jahre<\/span><\/p><p class='rDLabel2'>Das Buch wurde <span class='rDText2'>0<\/span><span class='rDLabel2'> mal gelesen.<\/span><\/p><\/td><\/tr><tr><td colspan='2'><p class='rDLabel1'>Inhalt:<\/p><span class='rDText2'>Von au\u00dfen ist Karli ein M\u00e4dchen. Eines mit langen rotblonden Zottellocken. Von innen ist sie fast alles. Alles, was sie sein will. Karli langweilt sich. Sie ist in eine fremde Stadt umgezogen, und nicht einmal ihre Br\u00fcder spielen mit ihr. Oskar kann nur aga, agasagen und an Schlabberschafen herumnuckeln. Und Emil geht nun aufs Gymnasium und ist gro\u00df. Wenn Karli wenigstens einen Hund h\u00e4tte! Doch dann entdeckt sie vor dem K\u00fcchenfenster einen Karton. Was mag sich wohl unter dem Packpapier verbergen? Kurzerhand schnappt sie sich den Karton, schaut heimlich hinein - und schon steckt sie mitten in einem spannenden Abenteuer. Dass es nicht das einzige Abenteuer bleibt und was ein Haufen Schuhe, ein Mops mit Socken, ein fieser Stinkek\u00e4se, ein Baumhaus, ein fast echter Weihnachtsmann und ein riesengro\u00dfer Wunsch damit zu tun haben, erfahrt ihr, wenn ihr mit Karli zusammen ihre Kartons \u00f6ffnet ... Karlis Kartons ist ein Loblied auf die Grenzenlosigkeit der Fantasie - auf diesen einzigartigen Schatz, der auch allt\u00e4gliche Kleinigkeiten zu einem spannenden Abenteuer werden l\u00e4sst.<\/span><\/td><\/tr><tr><td colspan='2'><a href='#' onclick='history.back(); return false'>Zur\u00fcck<\/a><\/td><\/tr><\/tbody><\/table>\n","protected":false},"excerpt":{"rendered":"<p>&#8211;<\/p>\n","protected":false},"author":1,"featured_media":0,"parent":0,"menu_order":0,"comment_status":"closed","ping_status":"closed","template":"","meta":[],"_links":{"self":[{"href":"https:\/\/www.web-rr.de\/GHS-Buecherei\/index.php\/wp-json\/wp\/v2\/pages\/6605"}],"collection":[{"href":"https:\/\/www.web-rr.de\/GHS-Buecherei\/index.php\/wp-json\/wp\/v2\/pages"}],"about":[{"href":"https:\/\/www.web-rr.de\/GHS-Buecherei\/index.php\/wp-json\/wp\/v2\/types\/page"}],"author":[{"embeddable":true,"href":"https:\/\/www.web-rr.de\/GHS-Buecherei\/index.php\/wp-json\/wp\/v2\/users\/1"}],"replies":[{"embeddable":true,"href":"https:\/\/www.web-rr.de\/GHS-Buecherei\/index.php\/wp-json\/wp\/v2\/comments?post=6605"}],"version-history":[{"count":0,"href":"https:\/\/www.web-rr.de\/GHS-Buecherei\/index.php\/wp-json\/wp\/v2\/pages\/6605\/revisions"}],"wp:attachment":[{"href":"https:\/\/www.web-rr.de\/GHS-Buecherei\/index.php\/wp-json\/wp\/v2\/media?parent=6605"}],"curies":[{"name":"wp","href":"https:\/\/api.w.org\/{rel}","templated":true}]}}