{"id":6604,"date":"2021-05-21T10:00:00","date_gmt":"2021-05-21T10:00:00","guid":{"rendered":"https:\/\/www.web-rr.de\/GHS-Buecherei\/?page_id=6604"},"modified":"2021-05-21T23:00:00","modified_gmt":"2021-05-21T23:00:00","slug":"p9783522184588","status":"publish","type":"page","link":"https:\/\/www.web-rr.de\/GHS-Buecherei\/index.php\/p9783522184588\/","title":{"rendered":"Tiere 109"},"content":{"rendered":"<table><tbody><tr><td class='rDTitel' colspan='2'>Drei Helden f\u00fcr Mathilda - Liebevolles Vorlese-Abenteuer \u00fcber drei Kuscheltiere f\u00fcr Kinder ab 6 Jahren<\/td><\/tr><tr><td><span class='rDLabel1'>Status: <\/span><span class='rDText1Gruen'>vorhanden<\/span><\/td><td><span class='rDLabel1'>Antolin: <\/span><span class='rDText1Gruen'>ja, Empfehlung Klasse 4<\/span><\/td><\/tr><tr><td width=50%><img src='https:\/\/www.web-rr.de\/GHS-Buecherei\/wp-content\/uploads\/9783522184588.jpg' alt=''><\/td><td><p class='rDLabel2'>von <span class='rDText2'>Oliver Scherz<\/span><\/p><p class='rDLabel2'>Verlag: <span class='rDText2'>Thienemann,  2019,  14.00 \u20ac<\/span><\/p><p class='rDLabel2'>B\u00fccherei-Barcode: <span class='rDText2'>9783522184588<\/span><\/p><p class='rDLabel2'>In der B\u00fccherei erfasst am: <span class='rDText2'>05.10.2021<\/span><\/p><p class='rDLabel2'>Stichw\u00f6rter: <span class='rDText2'>Abenteuer, Gro\u00dfstadtdschungel, Kuscheltiere, Freundschaft<\/span><\/p><p class='rDLabel2'>Lesealter ca. <span class='rDText2'>8<\/span><span class='rDLabel2'> Jahre<\/span><\/p><p class='rDLabel2'>Das Buch wurde <span class='rDText2'>0<\/span><span class='rDLabel2'> mal gelesen.<\/span><\/p><\/td><\/tr><tr><td colspan='2'><p class='rDLabel1'>Inhalt:<\/p><span class='rDText2'>Drei Kuscheltiere jagen einen vermeintlichen Entf\u00fchrer. Lustige, emotional packende Freundschaftsgeschichte f\u00fcr M\u00e4dchen und Jungen ab 6.Als Fitze Fusselkopp wie jeden Morgen seine langen Affenarme um Mathilda schlingen will, stellt er verwundert fest: Mathilda ist weg. Auch im Bett ihrer Eltern findet er sie nicht. Wim mit der L\u00f6wenm\u00e4hne, der B\u00e4r Bummel-Bom und Fitze sind \u00fcberzeugt: Mathilda wurde geraubt! Und schon seilen sich die drei Kuscheltiere aus dem Kinderzimmerfenster ab und st\u00fcrzen sich mitten in den Gro\u00dfstadtdschungel, um sie zu retten \u2026.<\/span><\/td><\/tr><tr><td colspan='2'><a href='#' onclick='history.back(); return false'>Zur\u00fcck<\/a><\/td><\/tr><\/tbody><\/table>\n","protected":false},"excerpt":{"rendered":"<p>&#8211;<\/p>\n","protected":false},"author":1,"featured_media":0,"parent":0,"menu_order":0,"comment_status":"closed","ping_status":"closed","template":"","meta":[],"_links":{"self":[{"href":"https:\/\/www.web-rr.de\/GHS-Buecherei\/index.php\/wp-json\/wp\/v2\/pages\/6604"}],"collection":[{"href":"https:\/\/www.web-rr.de\/GHS-Buecherei\/index.php\/wp-json\/wp\/v2\/pages"}],"about":[{"href":"https:\/\/www.web-rr.de\/GHS-Buecherei\/index.php\/wp-json\/wp\/v2\/types\/page"}],"author":[{"embeddable":true,"href":"https:\/\/www.web-rr.de\/GHS-Buecherei\/index.php\/wp-json\/wp\/v2\/users\/1"}],"replies":[{"embeddable":true,"href":"https:\/\/www.web-rr.de\/GHS-Buecherei\/index.php\/wp-json\/wp\/v2\/comments?post=6604"}],"version-history":[{"count":0,"href":"https:\/\/www.web-rr.de\/GHS-Buecherei\/index.php\/wp-json\/wp\/v2\/pages\/6604\/revisions"}],"wp:attachment":[{"href":"https:\/\/www.web-rr.de\/GHS-Buecherei\/index.php\/wp-json\/wp\/v2\/media?parent=6604"}],"curies":[{"name":"wp","href":"https:\/\/api.w.org\/{rel}","templated":true}]}}