{"id":6595,"date":"2021-05-21T10:00:00","date_gmt":"2021-05-21T10:00:00","guid":{"rendered":"https:\/\/www.web-rr.de\/GHS-Buecherei\/?page_id=6595"},"modified":"2021-05-21T23:00:00","modified_gmt":"2021-05-21T23:00:00","slug":"p9783411721221","status":"publish","type":"page","link":"https:\/\/www.web-rr.de\/GHS-Buecherei\/index.php\/p9783411721221\/","title":{"rendered":"Erstlesen 60"},"content":{"rendered":"<table><tbody><tr><td class='rDTitel' colspan='2'>Von Alpakakacka bis Zotteltrottel - Das voll verbotene Abc - Duden<\/td><\/tr><tr><td><span class='rDLabel1'>Status: <\/span><span class='rDText1Gruen'>vorhanden<\/span><\/td><td><span class='rDLabel1'>Antolin: <\/span><span class='rDText1Rot'>Quiz nicht vorhanden.<\/span><\/td><\/tr><tr><td width=50%><img src='https:\/\/www.web-rr.de\/GHS-Buecherei\/wp-content\/uploads\/9783411721221.jpg' alt=''><\/td><td><p class='rDLabel2'>von <span class='rDText2'>Andrea Weller-Essers<\/span><\/p><p class='rDLabel2'>Verlag: <span class='rDText2'>Bibliographisches Institut,  2019,  10.00 \u20ac<\/span><\/p><p class='rDLabel2'>B\u00fccherei-Barcode: <span class='rDText2'>9783411721221<\/span><\/p><p class='rDLabel2'>In der B\u00fccherei erfasst am: <span class='rDText2'>04.10.2021<\/span><\/p><p class='rDLabel2'>Stichw\u00f6rter: <span class='rDText2'>Alphabet, Wort\u00fcberraschung, Reime, Schimpfw\u00f6rter<\/span><\/p><p class='rDLabel2'>Lesealter ca. <span class='rDText2'>6<\/span><span class='rDLabel2'> Jahre<\/span><\/p><p class='rDLabel2'>Das Buch wurde <span class='rDText2'>0<\/span><span class='rDLabel2'> mal gelesen.<\/span><\/p><\/td><\/tr><tr><td colspan='2'><p class='rDLabel1'>Inhalt:<\/p><span class='rDText2'>Auf dem Spielplatz wird um die Wette geschimpft. Schlie\u00dflich geht's darum, wer ab jetzt am Kletterger\u00fcst das Sagen hat! Nur die besten, lustigsten, unerh\u00f6rtesten Schimpfw\u00f6rter gewinnen. Und wer entscheidet? Na du! Los gehts mit Runde 1: \"Alpakakacka!\" -- \"Asselschlamassel!\" ... Mit diesem unerh\u00f6rt frechen Bilderbuch haben Kinder und Eltern gleicherma\u00dfen Spa\u00df, denn sie sind die Schiedsrichter bei diesem voll verbotenen Abc-Wettstreit. Runde f\u00fcr Runde entscheiden sie, welches Schimpfwort besser, frecher, witziger ist. Dabei h\u00e4lt das Buch so manche Wort\u00fcberraschung bereit, zum Beispiel Reime, Alliterationen oder ganz schwurbelig klingende Laute. So tauchen Kinder in die fabelhaft kreative Welt der Sprache ein und werden dazu angestiftet, selbst die aberkomischsten W\u00f6rter zu bilden. Und mal ehrlich - welches Kind mag es nicht, auch mal nach Herzenslust zu meckern und zu motzen? Originell und witzig illustriert von Eilika M\u00fchlenberg.\n\r\n\r1. Sprache entdecken mal anders - mit schr\u00e4gen, komischen, v\u00f6llig verr\u00fcckten Schimpfw\u00f6rtern 2. Originell und witzig illustriert 3. Bilderbuchspa\u00df zum Vorlesen f\u00fcr die ganze Familie<\/span><\/td><\/tr><tr><td colspan='2'><a href='#' onclick='history.back(); return false'>Zur\u00fcck<\/a><\/td><\/tr><\/tbody><\/table>\n","protected":false},"excerpt":{"rendered":"<p>&#8211;<\/p>\n","protected":false},"author":1,"featured_media":0,"parent":0,"menu_order":0,"comment_status":"closed","ping_status":"closed","template":"","meta":[],"_links":{"self":[{"href":"https:\/\/www.web-rr.de\/GHS-Buecherei\/index.php\/wp-json\/wp\/v2\/pages\/6595"}],"collection":[{"href":"https:\/\/www.web-rr.de\/GHS-Buecherei\/index.php\/wp-json\/wp\/v2\/pages"}],"about":[{"href":"https:\/\/www.web-rr.de\/GHS-Buecherei\/index.php\/wp-json\/wp\/v2\/types\/page"}],"author":[{"embeddable":true,"href":"https:\/\/www.web-rr.de\/GHS-Buecherei\/index.php\/wp-json\/wp\/v2\/users\/1"}],"replies":[{"embeddable":true,"href":"https:\/\/www.web-rr.de\/GHS-Buecherei\/index.php\/wp-json\/wp\/v2\/comments?post=6595"}],"version-history":[{"count":0,"href":"https:\/\/www.web-rr.de\/GHS-Buecherei\/index.php\/wp-json\/wp\/v2\/pages\/6595\/revisions"}],"wp:attachment":[{"href":"https:\/\/www.web-rr.de\/GHS-Buecherei\/index.php\/wp-json\/wp\/v2\/media?parent=6595"}],"curies":[{"name":"wp","href":"https:\/\/api.w.org\/{rel}","templated":true}]}}