{"id":6594,"date":"2021-05-21T10:00:00","date_gmt":"2021-05-21T10:00:00","guid":{"rendered":"https:\/\/www.web-rr.de\/GHS-Buecherei\/?page_id=6594"},"modified":"2021-05-21T23:00:00","modified_gmt":"2021-05-21T23:00:00","slug":"p9783867602792","status":"publish","type":"page","link":"https:\/\/www.web-rr.de\/GHS-Buecherei\/index.php\/p9783867602792\/","title":{"rendered":"Erstlesen 59"},"content":{"rendered":"<table><tbody><tr><td class='rDTitel' colspan='2'>Henri und Pong-Pong - Schulausgabe<\/td><\/tr><tr><td><span class='rDLabel1'>Status: <\/span><span class='rDText1Gruen'>vorhanden<\/span><\/td><td><span class='rDLabel1'>Antolin: <\/span><span class='rDText1Gruen'>ja, Empfehlung Klasse 2<\/span><\/td><\/tr><tr><td width=50%><img src='https:\/\/www.web-rr.de\/GHS-Buecherei\/wp-content\/uploads\/9783867602792.jpg' alt=''><\/td><td><p class='rDLabel2'>von <span class='rDText2'>Rusalka Reh<\/span><\/p><p class='rDLabel2'>Verlag: <span class='rDText2'>Hase und Igel Verlag GmbH,  2019,  4.95 \u20ac<\/span><\/p><p class='rDLabel2'>B\u00fccherei-Barcode: <span class='rDText2'>9783867602792<\/span><\/p><p class='rDLabel2'>In der B\u00fccherei erfasst am: <span class='rDText2'>04.10.2021<\/span><\/p><p class='rDLabel2'>Stichw\u00f6rter: <span class='rDText2'>Tiere, Abenteuer, Vertrauen<\/span><\/p><p class='rDLabel2'>Lesealter ca. <span class='rDText2'>6<\/span><span class='rDLabel2'> Jahre<\/span><\/p><p class='rDLabel2'>Das Buch wurde <span class='rDText2'>0<\/span><span class='rDLabel2'> mal gelesen.<\/span><\/p><\/td><\/tr><tr><td colspan='2'><p class='rDLabel1'>Inhalt:<\/p><span class='rDText2'>PONG!  Was war denn das? Henri folgt dem Ger\u00e4usch ins Wohnzimmer. Auf dem Fu\u00dfboden sitzt ein kleiner \u00e4ngstlicher Spatz. Henri gibt ihm den Namen Pong-Pong. Auf seiner Reise durch das Haus erlebt der Vogel viele Abenteuer und fasst allm\u00e4hlich Vertrauen zu dem Jungen. Schlie\u00dflich findet Pong-Pong mit Henris Hilfe den Weg zur\u00fcck in die Freiheit.\n\r \n\r Diese Lekt\u00fcre eignet sich besonders f\u00fcr altersgemische Klassen: Leistungsst\u00e4rkere Sch\u00fcler lesen die gesamte Lekt\u00fcre, leseschw\u00e4chere Kinder beschr\u00e4nken sich auf die Gedanken des Spatzen. Diese sind in besonders lesefreundlicher Schrift gesetzt, durch die Denkblasen gut erkennbar und ergeben auch f\u00fcr sich eine Geschichte. Ein Buch, das ganz neue Perspektiven auf unsere Alltagswelt er\u00f6ffnet!\n\r\n\r<\/span><\/td><\/tr><tr><td colspan='2'><a href='#' onclick='history.back(); return false'>Zur\u00fcck<\/a><\/td><\/tr><\/tbody><\/table>\n","protected":false},"excerpt":{"rendered":"<p>&#8211;<\/p>\n","protected":false},"author":1,"featured_media":0,"parent":0,"menu_order":0,"comment_status":"closed","ping_status":"closed","template":"","meta":[],"_links":{"self":[{"href":"https:\/\/www.web-rr.de\/GHS-Buecherei\/index.php\/wp-json\/wp\/v2\/pages\/6594"}],"collection":[{"href":"https:\/\/www.web-rr.de\/GHS-Buecherei\/index.php\/wp-json\/wp\/v2\/pages"}],"about":[{"href":"https:\/\/www.web-rr.de\/GHS-Buecherei\/index.php\/wp-json\/wp\/v2\/types\/page"}],"author":[{"embeddable":true,"href":"https:\/\/www.web-rr.de\/GHS-Buecherei\/index.php\/wp-json\/wp\/v2\/users\/1"}],"replies":[{"embeddable":true,"href":"https:\/\/www.web-rr.de\/GHS-Buecherei\/index.php\/wp-json\/wp\/v2\/comments?post=6594"}],"version-history":[{"count":0,"href":"https:\/\/www.web-rr.de\/GHS-Buecherei\/index.php\/wp-json\/wp\/v2\/pages\/6594\/revisions"}],"wp:attachment":[{"href":"https:\/\/www.web-rr.de\/GHS-Buecherei\/index.php\/wp-json\/wp\/v2\/media?parent=6594"}],"curies":[{"name":"wp","href":"https:\/\/api.w.org\/{rel}","templated":true}]}}