{"id":6593,"date":"2021-05-21T10:00:00","date_gmt":"2021-05-21T10:00:00","guid":{"rendered":"https:\/\/www.web-rr.de\/GHS-Buecherei\/?page_id=6593"},"modified":"2021-05-21T23:00:00","modified_gmt":"2021-05-21T23:00:00","slug":"p9783570159347","status":"publish","type":"page","link":"https:\/\/www.web-rr.de\/GHS-Buecherei\/index.php\/p9783570159347\/","title":{"rendered":"Erstlesen 58"},"content":{"rendered":"<table><tbody><tr><td class='rDTitel' colspan='2'>Erst ich ein St\u00fcck, dann du - 3 Delfingeschichten - F\u00fcr das gemeinsame Lesenlernen ab der 1. Klasse<\/td><\/tr><tr><td><span class='rDLabel1'>Status: <\/span><span class='rDText1Gruen'>vorhanden<\/span><\/td><td><span class='rDLabel1'>Antolin: <\/span><span class='rDText1Gruen'>ja, Empfehlung Klasse 4<\/span><\/td><\/tr><tr><td width=50%><img src='https:\/\/www.web-rr.de\/GHS-Buecherei\/wp-content\/uploads\/9783570159347.jpg' alt=''><\/td><td><p class='rDLabel2'>von <span class='rDText2'>THiLO<\/span><\/p><p class='rDLabel2'>Verlag: <span class='rDText2'>cbj Kinderbuch,  2019,  9.00 \u20ac<\/span><\/p><p class='rDLabel2'>B\u00fccherei-Barcode: <span class='rDText2'>9783570159347<\/span><\/p><p class='rDLabel2'>In der B\u00fccherei erfasst am: <span class='rDText2'>04.10.2021<\/span><\/p><p class='rDLabel2'>Stichw\u00f6rter: <span class='rDText2'>Abenteuer, Meerjungfrau, Delfine<\/span><\/p><p class='rDLabel2'>Lesealter ca. <span class='rDText2'>7<\/span><span class='rDLabel2'> Jahre<\/span><\/p><p class='rDLabel2'>Das Buch wurde <span class='rDText2'>0<\/span><span class='rDLabel2'> mal gelesen.<\/span><\/p><\/td><\/tr><tr><td colspan='2'><p class='rDLabel1'>Inhalt:<\/p><span class='rDText2'>\u00bbDie erfolgreiche Kinderbuchreihe mit bew\u00e4hrtem Konzept f\u00fcr das gemeinsame Lesenlernen und \u00fcben\u00ab \n\r \n\rTauch ein in die aufregende Welt der Delfine! Anne begegnet im Urlaub einem ganz besonderen Delfin, die Delfinbande startet eine Rettungsaktion f\u00fcr die bedrohten Tiere, und Lena und Tim erleben zusammen mit einer Meerjungfrau ein au\u00dfergew\u00f6hnliches Unterwasserabenteuer. Drei magische Geschichten in einem Band! \r\nWenn das Lesen f\u00fcr Leseanf\u00e4nger noch m\u00fchsam ist, hei\u00dft es in vielen Familien: \u00bbLass uns gemeinsam lesen. Erst ich ein St\u00fcck, dann du. Wir wechseln uns ab.\u00ab Deswegen ist unsere beliebte Erstleser-Reihe \u00bbErst ich ein St\u00fcck, dann du\u00ab speziell f\u00fcr das gemeinsame Lesen konzipiert.<\/span><\/td><\/tr><tr><td colspan='2'><a href='#' onclick='history.back(); return false'>Zur\u00fcck<\/a><\/td><\/tr><\/tbody><\/table>\n","protected":false},"excerpt":{"rendered":"<p>&#8211;<\/p>\n","protected":false},"author":1,"featured_media":0,"parent":0,"menu_order":0,"comment_status":"closed","ping_status":"closed","template":"","meta":[],"_links":{"self":[{"href":"https:\/\/www.web-rr.de\/GHS-Buecherei\/index.php\/wp-json\/wp\/v2\/pages\/6593"}],"collection":[{"href":"https:\/\/www.web-rr.de\/GHS-Buecherei\/index.php\/wp-json\/wp\/v2\/pages"}],"about":[{"href":"https:\/\/www.web-rr.de\/GHS-Buecherei\/index.php\/wp-json\/wp\/v2\/types\/page"}],"author":[{"embeddable":true,"href":"https:\/\/www.web-rr.de\/GHS-Buecherei\/index.php\/wp-json\/wp\/v2\/users\/1"}],"replies":[{"embeddable":true,"href":"https:\/\/www.web-rr.de\/GHS-Buecherei\/index.php\/wp-json\/wp\/v2\/comments?post=6593"}],"version-history":[{"count":0,"href":"https:\/\/www.web-rr.de\/GHS-Buecherei\/index.php\/wp-json\/wp\/v2\/pages\/6593\/revisions"}],"wp:attachment":[{"href":"https:\/\/www.web-rr.de\/GHS-Buecherei\/index.php\/wp-json\/wp\/v2\/media?parent=6593"}],"curies":[{"name":"wp","href":"https:\/\/api.w.org\/{rel}","templated":true}]}}