{"id":6591,"date":"2021-05-21T10:00:00","date_gmt":"2021-05-21T10:00:00","guid":{"rendered":"https:\/\/www.web-rr.de\/GHS-Buecherei\/?page_id=6591"},"modified":"2021-05-21T23:00:00","modified_gmt":"2021-05-21T23:00:00","slug":"p9783446264427","status":"publish","type":"page","link":"https:\/\/www.web-rr.de\/GHS-Buecherei\/index.php\/p9783446264427\/","title":{"rendered":"Erstlesen 56"},"content":{"rendered":"<table><tbody><tr><td class='rDTitel' colspan='2'>Mattis - Schnipp, schnapp, Haare ab!<\/td><\/tr><tr><td><span class='rDLabel1'>Status: <\/span><span class='rDText1Gruen'>vorhanden<\/span><\/td><td><span class='rDLabel1'>Antolin: <\/span><span class='rDText1Gruen'>ja, Empfehlung Klasse 3<\/span><\/td><\/tr><tr><td width=50%><img src='https:\/\/www.web-rr.de\/GHS-Buecherei\/wp-content\/uploads\/9783446264427.jpg' alt=''><\/td><td><p class='rDLabel2'>von <span class='rDText2'>Silke Schlichtmann<\/span><\/p><p class='rDLabel2'>Verlag: <span class='rDText2'>Hanser C.,  2019,  10.00 \u20ac<\/span><\/p><p class='rDLabel2'>B\u00fccherei-Barcode: <span class='rDText2'>9783446264427<\/span><\/p><p class='rDLabel2'>In der B\u00fccherei erfasst am: <span class='rDText2'>04.10.2021<\/span><\/p><p class='rDLabel2'>Stichw\u00f6rter: <span class='rDText2'>Schule, Altag<\/span><\/p><p class='rDLabel2'>Lesealter ca. <span class='rDText2'>7<\/span><span class='rDLabel2'> Jahre<\/span><\/p><p class='rDLabel2'>Das Buch wurde <span class='rDText2'>0<\/span><span class='rDLabel2'> mal gelesen.<\/span><\/p><\/td><\/tr><tr><td colspan='2'><p class='rDLabel1'>Inhalt:<\/p><span class='rDText2'>Grauer Schulalltag war gestern, jetzt kommt Mattis! Band 3 der witzigen Reihe f\u00fcr Schul- und Leseanf\u00e4nger von Silke Schlichtmann Was tun, wenn der Vertretungslehrer nervt, die Matheaufgaben zu schwer sind und man zwischen Brotbox und Deutschhefter pl\u00f6tzlich Mamas Frisierschere im Schulranzen findet? F\u00fcr Mattis ist die Antwort leicht. Er kennt ja Mamas gestressten Gesichtsausdruck, wenn sie ihm hinterherruft: Mattis, deine Haare m\u00fcssen dringend geschnitten werden! Logisch, dass er ihr diese Aufgabe diesmal gerne abnimmt  und selbst Schere anlegt. Sogar Kathi schneidet er damit ruckzuck kurze Haare. Dass der Vertretungslehrer ihm deshalb mal wieder einen Brief f\u00fcr seine Eltern mitgibt, bringt Mattis erneut in Erkl\u00e4rungsnot. Sicher zur Freude seiner Leser, die \u00fcber Mattis' gut gemeinte Absichten herzhaft lachen k\u00f6nnen.\n\r\n\rEin urkomischer Lesespa\u00df f\u00fcr Schulanf\u00e4nger In Erstleseschrift Silke Schlichtmann - Lesek\u00fcnstlerin des Jahres 2019\n\r\n\r<\/span><\/td><\/tr><tr><td colspan='2'><a href='#' onclick='history.back(); return false'>Zur\u00fcck<\/a><\/td><\/tr><\/tbody><\/table>\n","protected":false},"excerpt":{"rendered":"<p>&#8211;<\/p>\n","protected":false},"author":1,"featured_media":0,"parent":0,"menu_order":0,"comment_status":"closed","ping_status":"closed","template":"","meta":[],"_links":{"self":[{"href":"https:\/\/www.web-rr.de\/GHS-Buecherei\/index.php\/wp-json\/wp\/v2\/pages\/6591"}],"collection":[{"href":"https:\/\/www.web-rr.de\/GHS-Buecherei\/index.php\/wp-json\/wp\/v2\/pages"}],"about":[{"href":"https:\/\/www.web-rr.de\/GHS-Buecherei\/index.php\/wp-json\/wp\/v2\/types\/page"}],"author":[{"embeddable":true,"href":"https:\/\/www.web-rr.de\/GHS-Buecherei\/index.php\/wp-json\/wp\/v2\/users\/1"}],"replies":[{"embeddable":true,"href":"https:\/\/www.web-rr.de\/GHS-Buecherei\/index.php\/wp-json\/wp\/v2\/comments?post=6591"}],"version-history":[{"count":0,"href":"https:\/\/www.web-rr.de\/GHS-Buecherei\/index.php\/wp-json\/wp\/v2\/pages\/6591\/revisions"}],"wp:attachment":[{"href":"https:\/\/www.web-rr.de\/GHS-Buecherei\/index.php\/wp-json\/wp\/v2\/media?parent=6591"}],"curies":[{"name":"wp","href":"https:\/\/api.w.org\/{rel}","templated":true}]}}