{"id":6587,"date":"2021-05-21T10:00:00","date_gmt":"2021-05-21T10:00:00","guid":{"rendered":"https:\/\/www.web-rr.de\/GHS-Buecherei\/?page_id=6587"},"modified":"2021-05-21T23:00:00","modified_gmt":"2021-05-21T23:00:00","slug":"p9783944788708","status":"publish","type":"page","link":"https:\/\/www.web-rr.de\/GHS-Buecherei\/index.php\/p9783944788708\/","title":{"rendered":"Familie 42"},"content":{"rendered":"<table><tbody><tr><td class='rDTitel' colspan='2'>Mallows oder Katzengr\u00fctze<\/td><\/tr><tr><td><span class='rDLabel1'>Status: <\/span><span class='rDText1Gruen'>vorhanden<\/span><\/td><td><span class='rDLabel1'>Antolin: <\/span><span class='rDText1Rot'>Quiz nicht vorhanden.<\/span><\/td><\/tr><tr><td width=50%><img src='https:\/\/www.web-rr.de\/GHS-Buecherei\/wp-content\/uploads\/9783944788708.jpg' alt=''><\/td><td><p class='rDLabel2'>von <span class='rDText2'>Sonja Ruf<\/span><\/p><p class='rDLabel2'>Verlag: <span class='rDText2'>Fabulus-Verlag,  2019,  16.00 \u20ac<\/span><\/p><p class='rDLabel2'>B\u00fccherei-Barcode: <span class='rDText2'>9783944788708<\/span><\/p><p class='rDLabel2'>In der B\u00fccherei erfasst am: <span class='rDText2'>04.10.2021<\/span><\/p><p class='rDLabel2'>Stichw\u00f6rter: <span class='rDText2'>Familie, Armut, Abenteuer<\/span><\/p><p class='rDLabel2'>Lesealter ca. <span class='rDText2'>9<\/span><span class='rDLabel2'> Jahre<\/span><\/p><p class='rDLabel2'>Das Buch wurde <span class='rDText2'>0<\/span><span class='rDLabel2'> mal gelesen.<\/span><\/p><\/td><\/tr><tr><td colspan='2'><p class='rDLabel1'>Inhalt:<\/p><span class='rDText2'>\u00bbIhr werdet den Fernseher nicht vermissen, meine Kn\u00f6pfchen, und wisst ihr auch warum? Weil sowieso der Strom abgestellt wird.\u00ab Anstatt zu verreisen, m\u00fcssen die Zwillinge Chelsea und Jordan in Gotha bleiben. Ihre seit langem arbeitslose Mutter ist fort; angeblich kann sie auf die Schnelle in der S\u00fcdsee Geld verdienen. Allein, ohne Strom f\u00fcr Licht und Herd, mit Haferflocken und 15,87 Euro sollen die Zehnj\u00e4hrigen eine Woche \u00fcberstehen. Sie grillen Marshmallows \u00fcber Kerzen, gruseln sich im Dunkeln und meistern ihre N\u00f6te. Ein Klingelton, der sich anh\u00f6rt wie vom Handy der Mutter, lockt sie in die Kellergew\u00f6lbe von Schloss Friedenstein. Dort m\u00fcssen sie sich bew\u00e4hren.<\/span><\/td><\/tr><tr><td colspan='2'><a href='#' onclick='history.back(); return false'>Zur\u00fcck<\/a><\/td><\/tr><\/tbody><\/table>\n","protected":false},"excerpt":{"rendered":"<p>&#8211;<\/p>\n","protected":false},"author":1,"featured_media":0,"parent":0,"menu_order":0,"comment_status":"closed","ping_status":"closed","template":"","meta":[],"_links":{"self":[{"href":"https:\/\/www.web-rr.de\/GHS-Buecherei\/index.php\/wp-json\/wp\/v2\/pages\/6587"}],"collection":[{"href":"https:\/\/www.web-rr.de\/GHS-Buecherei\/index.php\/wp-json\/wp\/v2\/pages"}],"about":[{"href":"https:\/\/www.web-rr.de\/GHS-Buecherei\/index.php\/wp-json\/wp\/v2\/types\/page"}],"author":[{"embeddable":true,"href":"https:\/\/www.web-rr.de\/GHS-Buecherei\/index.php\/wp-json\/wp\/v2\/users\/1"}],"replies":[{"embeddable":true,"href":"https:\/\/www.web-rr.de\/GHS-Buecherei\/index.php\/wp-json\/wp\/v2\/comments?post=6587"}],"version-history":[{"count":0,"href":"https:\/\/www.web-rr.de\/GHS-Buecherei\/index.php\/wp-json\/wp\/v2\/pages\/6587\/revisions"}],"wp:attachment":[{"href":"https:\/\/www.web-rr.de\/GHS-Buecherei\/index.php\/wp-json\/wp\/v2\/media?parent=6587"}],"curies":[{"name":"wp","href":"https:\/\/api.w.org\/{rel}","templated":true}]}}