{"id":6580,"date":"2021-05-21T10:00:00","date_gmt":"2021-05-21T10:00:00","guid":{"rendered":"https:\/\/www.web-rr.de\/GHS-Buecherei\/?page_id=6580"},"modified":"2021-05-21T23:00:00","modified_gmt":"2021-05-21T23:00:00","slug":"p9783473555536","status":"publish","type":"page","link":"https:\/\/www.web-rr.de\/GHS-Buecherei\/index.php\/p9783473555536\/","title":{"rendered":"Detektive 29"},"content":{"rendered":"<table><tbody><tr><td class='rDTitel' colspan='2'>Ravensburger Exit Room R\u00e4tsel: Gefangen im Hotel<\/td><\/tr><tr><td><span class='rDLabel1'>Status: <\/span><span class='rDText1Gruen'>vorhanden<\/span><\/td><td><span class='rDLabel1'>Antolin: <\/span><span class='rDText1Rot'>Quiz nicht vorhanden.<\/span><\/td><\/tr><tr><td width=50%><img src='https:\/\/www.web-rr.de\/GHS-Buecherei\/wp-content\/uploads\/9783473555536.jpg' alt=''><\/td><td><p class='rDLabel2'>von <span class='rDText2'>Anne Scheller<\/span><\/p><p class='rDLabel2'>Verlag: <span class='rDText2'>Ravensburger,  2019,  12.99 \u20ac<\/span><\/p><p class='rDLabel2'>B\u00fccherei-Barcode: <span class='rDText2'>9783473555536<\/span><\/p><p class='rDLabel2'>In der B\u00fccherei erfasst am: <span class='rDText2'>04.10.2021<\/span><\/p><p class='rDLabel2'>Stichw\u00f6rter: <span class='rDText2'>Spannung, Krimi, Knobelaufgaben, R\u00e4tsel, Kreativit\u00e4t<\/span><\/p><p class='rDLabel2'>Lesealter ca. <span class='rDText2'>8<\/span><span class='rDLabel2'> Jahre<\/span><\/p><p class='rDLabel2'>Das Buch wurde <span class='rDText2'>1<\/span><span class='rDLabel2'> mal gelesen.<\/span><\/p><\/td><\/tr><tr><td colspan='2'><p class='rDLabel1'>Inhalt:<\/p><span class='rDText2'>Dieses Buch ist spannend wie ein Escape Room! R\u00e4tself\u00fcchse ab 8 Jahren k\u00f6nnen hier zwei F\u00e4lle mit vielen kniffligen Knobelaufgaben l\u00f6sen. \n\rUm sich aus diesem geheimnisvollen Hotel zu befreien, ist neben logischem Denken und Durchhalteverm\u00f6gen auch Kreativit\u00e4t gefragt. Wie bei Exit-R\u00e4tselaufgaben \u00fcblich, ist hier alles erlaubt: ins Buch hineinschreiben und -malen, ausschneiden, falten oder zerrei\u00dfen. Und nur wer den Hinweisen richtig folgt und alle R\u00e4tsel l\u00f6st, kann sich befreien! Die R\u00e4tsel im Buch kann ein Kind ab 8 Jahren alleine bew\u00e4ltigen. Manche sind einfacher, manche ziemlich knifflig, bei allen wird vorausgesetzt, dass das Kind lesen kann. Aber es macht auch sehr viel Spa\u00df, mit der ganzen Familie gemeinsam zu r\u00e4tseln und die beiden F\u00e4lle zu knacken. Wer nicht trickst, ist dann mehrere Stunden gut besch\u00e4ftigt. Ravensburger Exit Room R\u00e4tsel fordern heraus, bringen Abenteuer ins Wohnzimmer und sind dabei ungemein unterhaltsam: Ein toller kindgem\u00e4\u00dfer Einstieg in die Welt der Exit\/Escape-Room-R\u00e4tsel.\n\r\"Ravensburger Exit Room R\u00e4tsel\" ist die Reihe f\u00fcr Exit Room-Fans im Grundschulalter. \n\rIn jedem Band sind gleich zwei F\u00e4lle zu l\u00f6sen. So bleibt jeder Fall \u00fcberschaubar, aber der Spa\u00df kommt im Doppelpack. \n\rHier warten R\u00e4tsel mit Zahlen, Buchstaben oder Bildern, R\u00e4tsel zum logischen Kombinieren und R\u00e4tsel zum Um-die-Ecke-Denken.\n\rR\u00e4tselt man allein, ist das sch\u00f6n abwechslungsreich. R\u00e4tseln mehrere mit, muss das Team seine St\u00e4rken gut nutzen.\n\rEs ist schwer, aber zu schaffen - nichts wie raus hier!\n\r\n\r<\/span><\/td><\/tr><tr><td colspan='2'><a href='#' onclick='history.back(); return false'>Zur\u00fcck<\/a><\/td><\/tr><\/tbody><\/table>\n","protected":false},"excerpt":{"rendered":"<p>&#8211;<\/p>\n","protected":false},"author":1,"featured_media":0,"parent":0,"menu_order":0,"comment_status":"closed","ping_status":"closed","template":"","meta":[],"_links":{"self":[{"href":"https:\/\/www.web-rr.de\/GHS-Buecherei\/index.php\/wp-json\/wp\/v2\/pages\/6580"}],"collection":[{"href":"https:\/\/www.web-rr.de\/GHS-Buecherei\/index.php\/wp-json\/wp\/v2\/pages"}],"about":[{"href":"https:\/\/www.web-rr.de\/GHS-Buecherei\/index.php\/wp-json\/wp\/v2\/types\/page"}],"author":[{"embeddable":true,"href":"https:\/\/www.web-rr.de\/GHS-Buecherei\/index.php\/wp-json\/wp\/v2\/users\/1"}],"replies":[{"embeddable":true,"href":"https:\/\/www.web-rr.de\/GHS-Buecherei\/index.php\/wp-json\/wp\/v2\/comments?post=6580"}],"version-history":[{"count":0,"href":"https:\/\/www.web-rr.de\/GHS-Buecherei\/index.php\/wp-json\/wp\/v2\/pages\/6580\/revisions"}],"wp:attachment":[{"href":"https:\/\/www.web-rr.de\/GHS-Buecherei\/index.php\/wp-json\/wp\/v2\/media?parent=6580"}],"curies":[{"name":"wp","href":"https:\/\/api.w.org\/{rel}","templated":true}]}}