{"id":6578,"date":"2021-05-21T10:00:00","date_gmt":"2021-05-21T10:00:00","guid":{"rendered":"https:\/\/www.web-rr.de\/GHS-Buecherei\/?page_id=6578"},"modified":"2021-05-21T23:00:00","modified_gmt":"2021-05-21T23:00:00","slug":"p9783570176436","status":"publish","type":"page","link":"https:\/\/www.web-rr.de\/GHS-Buecherei\/index.php\/p9783570176436\/","title":{"rendered":"Detektive 27"},"content":{"rendered":"<table><tbody><tr><td class='rDTitel' colspan='2'>Mister Marple und die Schn\u00fcfflerbande - Wo steckt Dackel Bruno?<\/td><\/tr><tr><td><span class='rDLabel1'>Status: <\/span><span class='rDText1Gruen'>vorhanden<\/span><\/td><td><span class='rDLabel1'>Antolin: <\/span><span class='rDText1Gruen'>ja, Empfehlung Klasse 4<\/span><\/td><\/tr><tr><td width=50%><img src='https:\/\/www.web-rr.de\/GHS-Buecherei\/wp-content\/uploads\/9783570176436.jpg' alt=''><\/td><td><p class='rDLabel2'>von <span class='rDText2'>Sven Gerhardt<\/span><\/p><p class='rDLabel2'>Verlag: <span class='rDText2'>cbj Kinderbuch,  2019,  11.00 \u20ac<\/span><\/p><p class='rDLabel2'>B\u00fccherei-Barcode: <span class='rDText2'>9783570176436<\/span><\/p><p class='rDLabel2'>In der B\u00fccherei erfasst am: <span class='rDText2'>04.10.2021<\/span><\/p><p class='rDLabel2'>Stichw\u00f6rter: <span class='rDText2'>Krimi, Hamster, vermi\u00dft, Hund, Abenteuer<\/span><\/p><p class='rDLabel2'>Lesealter ca. <span class='rDText2'>8<\/span><span class='rDLabel2'> Jahre<\/span><\/p><p class='rDLabel2'>Das Buch wurde <span class='rDText2'>1<\/span><span class='rDLabel2'> mal gelesen.<\/span><\/p><\/td><\/tr><tr><td colspan='2'><p class='rDLabel1'>Inhalt:<\/p><span class='rDText2'>\rDie Schn\u00fcfflerbande, das sind Theo, Elsa und Hamster Mister Marple. Ihre Spezialit\u00e4t sind \u00bbtierische Angelegenheiten\u00ab aller Art, was nicht zuletzt Mister Marple zu verdanken ist, der f\u00fcr diese F\u00e4lle ein besonders feines Sp\u00fcrn\u00e4schen hat. Auch wenn Theo und Elsa total unterschiedlich sind, halten sie immer fest zusammen und k\u00f6nnen so fast jeden Fall l\u00f6sen. So ein Hamsterleben ist ganz sch\u00f6n langweilig: schlafen, fressen, wieder schlafen, wieder fressen. Doch Mister Marple wei\u00df, dass er zu Gro\u00dfem bestimmt ist. T\u00e4glich macht er Klimmz\u00fcge an der K\u00e4figstange, um sich f\u00fcr den Tag fit zu halten, an dem seine detektivischen F\u00e4higkeiten zum Einsatz kommen. Nur Theo hat noch immer nicht kapiert, dass Mister Marple kein gew\u00f6hnlicher Hamster ist. Da trifft es sich ganz gut, dass eines Tages Elsa in Theos Leben poltert. Im Gegensatz zu Theo spr\u00fcht sie nur so vor Abenteuerlust. Und tats\u00e4chlich, es dauert nicht lange, da stecken Theo, Elsa und Mister Marple mitten in ihrem ersten Detektivfall: Dackel Bruno wird vermisst, und die Schn\u00fcfflerbande setzt alles daran, ihn wiederzufinden.\n\r \n\r\n\r\n\rDer Autor steht f\u00fcr Lesungen zur Verf\u00fcgung<\/span><\/td><\/tr><tr><td colspan='2'><a href='#' onclick='history.back(); return false'>Zur\u00fcck<\/a><\/td><\/tr><\/tbody><\/table>\n","protected":false},"excerpt":{"rendered":"<p>&#8211;<\/p>\n","protected":false},"author":1,"featured_media":0,"parent":0,"menu_order":0,"comment_status":"closed","ping_status":"closed","template":"","meta":[],"_links":{"self":[{"href":"https:\/\/www.web-rr.de\/GHS-Buecherei\/index.php\/wp-json\/wp\/v2\/pages\/6578"}],"collection":[{"href":"https:\/\/www.web-rr.de\/GHS-Buecherei\/index.php\/wp-json\/wp\/v2\/pages"}],"about":[{"href":"https:\/\/www.web-rr.de\/GHS-Buecherei\/index.php\/wp-json\/wp\/v2\/types\/page"}],"author":[{"embeddable":true,"href":"https:\/\/www.web-rr.de\/GHS-Buecherei\/index.php\/wp-json\/wp\/v2\/users\/1"}],"replies":[{"embeddable":true,"href":"https:\/\/www.web-rr.de\/GHS-Buecherei\/index.php\/wp-json\/wp\/v2\/comments?post=6578"}],"version-history":[{"count":0,"href":"https:\/\/www.web-rr.de\/GHS-Buecherei\/index.php\/wp-json\/wp\/v2\/pages\/6578\/revisions"}],"wp:attachment":[{"href":"https:\/\/www.web-rr.de\/GHS-Buecherei\/index.php\/wp-json\/wp\/v2\/media?parent=6578"}],"curies":[{"name":"wp","href":"https:\/\/api.w.org\/{rel}","templated":true}]}}