{"id":6381,"date":"2021-08-23T10:00:00","date_gmt":"2021-08-23T10:00:00","guid":{"rendered":"https:\/\/www.web-rr.de\/GHS-Buecherei\/?page_id=6381"},"modified":"2021-08-24T23:59:59","modified_gmt":"2021-08-24T23:59:59","slug":"p9783982236360","status":"publish","type":"page","link":"https:\/\/www.web-rr.de\/GHS-Buecherei\/index.php\/p9783982236360\/","title":{"rendered":"Soziales 25"},"content":{"rendered":"<table><tbody><tr><td class='rDTitel' colspan='2'>Bunte Streusel und kein Klopapier<\/td><\/tr><tr><td><span class='rDLabel1'>Status: <\/span><span class='rDText1Gruen'>vorhanden<\/span><\/td><td><span class='rDLabel1'>Antolin: <\/span><span class='rDText1Rot'>Quiz nicht vorhanden.<\/span><\/td><\/tr><tr><td width=50%><img src='https:\/\/www.web-rr.de\/GHS-Buecherei\/wp-content\/uploads\/9783982236360.jpg' alt=''><\/td><td><p class='rDLabel2'>von <span class='rDText2'>Juliana-Irena Labiak<\/span><\/p><p class='rDLabel2'>Verlag: <span class='rDText2'>Freudenwerke,  2021,  13.00 \u20ac<\/span><\/p><p class='rDLabel2'>B\u00fccherei-Barcode: <span class='rDText2'>9783982236360<\/span><\/p><p class='rDLabel2'>In der B\u00fccherei erfasst am: <span class='rDText2'>25.08.2021<\/span><\/p><p class='rDLabel2'>Stichw\u00f6rter: <span class='rDText2'>Corona, Pantemie, Sozialkontakte<\/span><\/p><p class='rDLabel2'>Lesealter ca. <span class='rDText2'>8<\/span><span class='rDLabel2'> Jahre<\/span><\/p><p class='rDLabel2'>Das Buch wurde <span class='rDText2'>3<\/span><span class='rDLabel2'> mal gelesen.<\/span><\/p><\/td><\/tr><tr><td colspan='2'><p class='rDLabel1'>Inhalt:<\/p><span class='rDText2'>Ben liebt seinen Opa \u00fcber alles - mit ihm zu spielen, seinen Geschichten zu lauschen und ganz besonders seine Pfannkuchen mit bunten Streuseln sind f\u00fcr ihn das Gr\u00f6\u00dfte. Doch im Fr\u00fchjahr 2020 wird pl\u00f6tzlich alles anders: Ein neuartiger Virus taucht auf und besonders \u00e4ltere Menschen, wie Bens Opa, m\u00fcssen Kontakte meiden. Ben findet einen Weg, mit seinem Opa in Verbindung zu bleiben: In zahlreichen Briefen berichtet er ihm von seinen manchmal beunruhigenden und manchmal lustigen Momenten w\u00e4hrend dieser ungewohnten Zeit. Ein Buch zur Corona-Krise, in dem sich Kinder mit ihren Fragen und Sorgen, aber auch ihren freudigen Erlebnissen wiederfinden k\u00f6nnen.<\/span><\/td><\/tr><tr><td colspan='2'><a href='#' onclick='history.back(); return false'>Zur\u00fcck<\/a><\/td><\/tr><\/tbody><\/table>\n","protected":false},"excerpt":{"rendered":"","protected":false},"author":1,"featured_media":0,"parent":0,"menu_order":0,"comment_status":"closed","ping_status":"closed","template":"","meta":[],"_links":{"self":[{"href":"https:\/\/www.web-rr.de\/GHS-Buecherei\/index.php\/wp-json\/wp\/v2\/pages\/6381"}],"collection":[{"href":"https:\/\/www.web-rr.de\/GHS-Buecherei\/index.php\/wp-json\/wp\/v2\/pages"}],"about":[{"href":"https:\/\/www.web-rr.de\/GHS-Buecherei\/index.php\/wp-json\/wp\/v2\/types\/page"}],"author":[{"embeddable":true,"href":"https:\/\/www.web-rr.de\/GHS-Buecherei\/index.php\/wp-json\/wp\/v2\/users\/1"}],"replies":[{"embeddable":true,"href":"https:\/\/www.web-rr.de\/GHS-Buecherei\/index.php\/wp-json\/wp\/v2\/comments?post=6381"}],"version-history":[{"count":0,"href":"https:\/\/www.web-rr.de\/GHS-Buecherei\/index.php\/wp-json\/wp\/v2\/pages\/6381\/revisions"}],"wp:attachment":[{"href":"https:\/\/www.web-rr.de\/GHS-Buecherei\/index.php\/wp-json\/wp\/v2\/media?parent=6381"}],"curies":[{"name":"wp","href":"https:\/\/api.w.org\/{rel}","templated":true}]}}