{"id":6317,"date":"2021-05-07T18:59:26","date_gmt":"2021-05-07T16:59:26","guid":{"rendered":"https:\/\/www.web-rr.de\/GHS-Buecherei\/?page_id=6317"},"modified":"2021-05-07T18:59:26","modified_gmt":"2021-05-07T16:59:26","slug":"suche-buecher","status":"publish","type":"page","link":"https:\/\/www.web-rr.de\/GHS-Buecherei\/index.php\/suche-buecher\/","title":{"rendered":"Suche B\u00fccher"},"content":{"rendered":"\n<form class=\"searchform\" action=\"https:\/\/www.web-rr.de\/GHS-Buecherei\/wp-rolf\/Suche_Buecher.php\" method=\"post\"><div><input type=\"text\" name=\"Suchtext\" size=\"10\" maxlenght=\"500\"><input type=\"submit\" value=\"Suchen\" id=\"searchsubmit\" style=\"width: 100px\"><\/div><\/form><br><br>\n\n\n\n<p><strong>Beschreibung der Suchm\u00f6glichkeiten<\/strong>:<\/p>\n\n\n\n<ul><li>Durchsucht werden folgende Bereiche vom Buch: Buchtitel, Autor, Buch-Barcode, Stichworte, Buchlabel.<\/li><li>Es k\u00f6nnen Worte oder Wortteile eingegeben werden.<\/li><li>Die Anzahl der W\u00f6rter ist nicht begrenzt.<\/li><li>Es k\u00f6nnen mehrere Wortteile oder W\u00f6rter eingegeben werden, die mit einem Komma oder Semikolon oder Leerzeichen getrennt sind.<\/li><li>W\u00f6rter, die mit Leerzeichen, Komma oder Semikolon getrennt sind werden bei der Suche verkn\u00fcpft, d.h. es m\u00fcssen die entsprechenden W\u00f6rter im Buch enthalten sein.<\/li><li>W\u00f6rter k\u00f6nnen auch mit einem + Zeichen versehen werden, z.B. Funke, +Hunter. In diesem Fall werden alle B\u00fccher die &#8222;Funke&#8220; enthalten und alle B\u00fccher die &#8222;Hunter&#8220; enthalten, gesucht.<\/li><li>Die Anzahl der angezeigten B\u00fccher wird auf 300 begrenzt. Sollten noch mehr Ergebnisse vorliegen, sollte man die Suchbedingung verfeinern.<\/li><\/ul>\n\n\n\n<figure class=\"wp-block-table\"><table class=\"has-fixed-layout\"><thead><tr><th>Beispiele der Sucheingabe<\/th><th>Ausgabe (Anz. Stk.)<\/th><\/tr><\/thead><tbody><tr><td>Astrid<\/td><td>Es werden alle B\u00fccher die &#8222;Astrid&#8220; enthalten gesucht. (66)<\/td><\/tr><tr><td>Astrid, Weihnachten<\/td><td>Es werden alle B\u00fccher gesucht, die &#8222;Astrid&#8220; und gleichzeitig &#8222;Weihnachten&#8220; enthalten. (11)<\/td><\/tr><tr><td>Astrid Weihnachten, Bullerb\u00fc<\/td><td>Es werden alle B\u00fccher gesucht, die &#8222;Astrid&#8220; mit &#8222;Weihnachten&#8220; und mit &#8222;Bullerb\u00fc&#8220; enthalten. (1)<\/td><\/tr><tr><td>acht<\/td><td>Es werden alle B\u00fccher, die &#8222;acht&#8220; enthalten, z.B. Weihnacht, Weihnachten, Nachtisch, Nacht, lacht, Wacht, sachte, &#8230;.. (205)<\/td><\/tr><tr><td>20<\/td><td>Es werden alle B\u00fccher gesucht, die &#8222;20&#8220; enthalten, z.B. &#8222;Abenteuer 20&#8243;, Erstlesen 20&#8243;, Erstlesen 120&#8220; aber auch alle B\u00fccher im Barcode &#8222;20&#8220; enthalten, z.B.  9783867602099 (&gt;300)<\/td><\/tr><tr><td>Lindgren, +Funkel<\/td><td>Es werden alle B\u00fccher die &#8222;Lindgren&#8220; enthalten gesucht und auch alle B\u00fccher die &#8222;Funkel&#8220; enthalten gesucht. (56)<\/td><\/tr><tr><td>Lindgren, +Funkel, Dieb<\/td><td>Es werden alle B\u00fccher die &#8222;Lindgren&#8220; enthalten gesucht und auch alle B\u00fccher die &#8222;Funkel&#8220; mit &#8222;Dieb&#8220; enthalten gesucht. (54)<\/td><\/tr><tr><td>10, Astrid, Erstl, Ostern Katze<\/td><td>Das gesuchte Buch muss alle 5 Suchbegriffe beinhalten &#8211; gibt es wahrscheinlich nicht. (0)<\/td><\/tr><tr><td>Hunter +K\u00e4stner<\/td><td>Es werden alle B\u00fccher die &#8222;Hunter&#8220; enthalten gesucht und auch alle B\u00fccher die &#8222;K\u00e4stner&#8220; enthalten gesucht. (26)<\/td><\/tr><tr><td><\/td><td><\/td><\/tr><\/tbody><\/table><\/figure>\n","protected":false},"excerpt":{"rendered":"<p>Beschreibung der Suchm\u00f6glichkeiten: Durchsucht werden folgende Bereiche vom Buch: Buchtitel, Autor, Buch-Barcode, Stichworte, Buchlabel. Es k\u00f6nnen Worte oder Wortteile eingegeben werden. Die Anzahl der W\u00f6rter ist nicht begrenzt. Es k\u00f6nnen mehrere Wortteile oder W\u00f6rter eingegeben werden, die mit einem Komma oder Semikolon oder Leerzeichen getrennt sind. W\u00f6rter, die mit Leerzeichen, Komma oder Semikolon getrennt sind [&hellip;]<\/p>\n","protected":false},"author":1,"featured_media":0,"parent":0,"menu_order":0,"comment_status":"closed","ping_status":"closed","template":"","meta":[],"_links":{"self":[{"href":"https:\/\/www.web-rr.de\/GHS-Buecherei\/index.php\/wp-json\/wp\/v2\/pages\/6317"}],"collection":[{"href":"https:\/\/www.web-rr.de\/GHS-Buecherei\/index.php\/wp-json\/wp\/v2\/pages"}],"about":[{"href":"https:\/\/www.web-rr.de\/GHS-Buecherei\/index.php\/wp-json\/wp\/v2\/types\/page"}],"author":[{"embeddable":true,"href":"https:\/\/www.web-rr.de\/GHS-Buecherei\/index.php\/wp-json\/wp\/v2\/users\/1"}],"replies":[{"embeddable":true,"href":"https:\/\/www.web-rr.de\/GHS-Buecherei\/index.php\/wp-json\/wp\/v2\/comments?post=6317"}],"version-history":[{"count":0,"href":"https:\/\/www.web-rr.de\/GHS-Buecherei\/index.php\/wp-json\/wp\/v2\/pages\/6317\/revisions"}],"wp:attachment":[{"href":"https:\/\/www.web-rr.de\/GHS-Buecherei\/index.php\/wp-json\/wp\/v2\/media?parent=6317"}],"curies":[{"name":"wp","href":"https:\/\/api.w.org\/{rel}","templated":true}]}}