{"id":6304,"date":"2021-05-05T10:00:00","date_gmt":"2021-05-05T10:00:00","guid":{"rendered":"https:\/\/www.web-rr.de\/GHS-Buecherei\/?page_id=6304"},"modified":"2021-05-06T23:59:59","modified_gmt":"2021-05-06T23:59:59","slug":"p9783811219830","status":"publish","type":"page","link":"https:\/\/www.web-rr.de\/GHS-Buecherei\/index.php\/p9783811219830\/","title":{"rendered":"Krimi 37"},"content":{"rendered":"<table><tbody><tr><td class='rDTitel' colspan='2'>Schm\u00f6kerb\u00e4ren - Krimigeschichten<\/td><\/tr><tr><td><span class='rDLabel1'>Status: <\/span><span class='rDText1Gruen'>vorhanden<\/span><\/td><td><span class='rDLabel1'>Antolin: <\/span><span class='rDText1Gruen'>ja, Empfehlung Klasse 4<\/span><\/td><\/tr><tr><td width=50%><img src='https:\/\/www.web-rr.de\/GHS-Buecherei\/wp-content\/uploads\/9783811219830.jpg' alt=''><\/td><td><p class='rDLabel2'>von <span class='rDText2'>Belinda Rodik<\/span><\/p><p class='rDLabel2'>Verlag: <span class='rDText2'>gondolino,  2001,  7.95 \u20ac<\/span><\/p><p class='rDLabel2'>B\u00fccherei-Barcode: <span class='rDText2'>9783811219830<\/span><\/p><p class='rDLabel2'>In der B\u00fccherei erfasst am: <span class='rDText2'>05.05.2021<\/span><\/p><p class='rDLabel2'>Stichw\u00f6rter: <span class='rDText2'>Spannung, Diebe, Einbrecher, Diebstahl<\/span><\/p><p class='rDLabel2'>Lesealter ca. <span class='rDText2'>8<\/span><span class='rDLabel2'> Jahre<\/span><\/p><p class='rDLabel2'>Das Buch wurde <span class='rDText2'>0<\/span><span class='rDLabel2'> mal gelesen.<\/span><\/p><\/td><\/tr><tr><td colspan='2'><p class='rDLabel1'>Inhalt:<\/p><span class='rDText2'>Was steckt hinter den verd\u00e4chtigen Ger\u00e4uschen, die Tinka aus dem Schlaf hochschrecken lassen? Ausger\u00fcstet mit ihrem Detektivkoffer liegt sie sich auf die Lauer \u2026. Nicht weniger gef\u00e4hrlich ist der Fall, den Miss Agatha Mouse mit ihrem Freund Mister Finger zu l\u00f6sen hat. Wer ist der saltsame neue Mieter? Und was hat er mit dem mysteri\u00f6sen K\u00e4se-Diebstahl zu tun? Hochspannung pur, liefern diese Krimigeschichten \u00fcber n\u00e4chtliche Besucher, gerissene Diebe und dreiste Einbrechern.<\/span><\/td><\/tr><tr><td colspan='2'><a href='#' onclick='history.back(); return false'>Zur\u00fcck<\/a><\/td><\/tr><\/tbody><\/table>\n","protected":false},"excerpt":{"rendered":"","protected":false},"author":1,"featured_media":0,"parent":0,"menu_order":0,"comment_status":"closed","ping_status":"closed","template":"","meta":[],"_links":{"self":[{"href":"https:\/\/www.web-rr.de\/GHS-Buecherei\/index.php\/wp-json\/wp\/v2\/pages\/6304"}],"collection":[{"href":"https:\/\/www.web-rr.de\/GHS-Buecherei\/index.php\/wp-json\/wp\/v2\/pages"}],"about":[{"href":"https:\/\/www.web-rr.de\/GHS-Buecherei\/index.php\/wp-json\/wp\/v2\/types\/page"}],"author":[{"embeddable":true,"href":"https:\/\/www.web-rr.de\/GHS-Buecherei\/index.php\/wp-json\/wp\/v2\/users\/1"}],"replies":[{"embeddable":true,"href":"https:\/\/www.web-rr.de\/GHS-Buecherei\/index.php\/wp-json\/wp\/v2\/comments?post=6304"}],"version-history":[{"count":0,"href":"https:\/\/www.web-rr.de\/GHS-Buecherei\/index.php\/wp-json\/wp\/v2\/pages\/6304\/revisions"}],"wp:attachment":[{"href":"https:\/\/www.web-rr.de\/GHS-Buecherei\/index.php\/wp-json\/wp\/v2\/media?parent=6304"}],"curies":[{"name":"wp","href":"https:\/\/api.w.org\/{rel}","templated":true}]}}