{"id":6183,"date":"2021-04-08T10:00:00","date_gmt":"2021-04-08T10:00:00","guid":{"rendered":"https:\/\/www.web-rr.de\/GHS-Buecherei\/?page_id=6183"},"modified":"2021-04-07T23:59:59","modified_gmt":"2021-04-07T23:59:59","slug":"p9783702659165","status":"publish","type":"page","link":"https:\/\/www.web-rr.de\/GHS-Buecherei\/index.php\/p9783702659165\/","title":{"rendered":"Familie 41"},"content":{"rendered":"<table><tbody><tr><td class='rDTitel' colspan='2'>Henrikes Dachgarten - Das Wunder auf der Krummen Sieben<\/td><\/tr><tr><td><span class='rDLabel1'>Status: <\/span><span class='rDText1Gruen'>vorhanden<\/span><\/td><td><span class='rDLabel1'>Antolin: <\/span><span class='rDText1Gruen'>ja, Empfehlung Klasse 4<\/span><\/td><\/tr><tr><td width=50%><img src='https:\/\/www.web-rr.de\/GHS-Buecherei\/wp-content\/uploads\/9783702659165.jpg' alt=''><\/td><td><p class='rDLabel2'>von <span class='rDText2'>Albert Wendt<\/span><\/p><p class='rDLabel2'>Verlag: <span class='rDText2'>Jungbrunnen,  2018,  14.00 \u20ac<\/span><\/p><p class='rDLabel2'>B\u00fccherei-Barcode: <span class='rDText2'>9783702659165<\/span><\/p><p class='rDLabel2'>In der B\u00fccherei erfasst am: <span class='rDText2'>06.04.2021<\/span><\/p><p class='rDLabel2'>Stichw\u00f6rter: <span class='rDText2'>Fantasie, M\u00e4rchen, Pflanzen, Riese, geheimnisvolle Kr\u00e4fte<\/span><\/p><p class='rDLabel2'>Lesealter ca. <span class='rDText2'>8<\/span><span class='rDLabel2'> Jahre<\/span><\/p><p class='rDLabel2'>Das Buch wurde <span class='rDText2'>0<\/span><span class='rDLabel2'> mal gelesen.<\/span><\/p><\/td><\/tr><tr><td colspan='2'><p class='rDLabel1'>Inhalt:<\/p><span class='rDText2'>Auf dem Dach des Hauses Krumme Gasse 7 wachsen auf m\u00e4rchenhafte Weise aus einem St\u00fcckchen Moos pl\u00f6tzlich zwei Birken. Und nachdem schon was da ist, kommt noch etwas dazu: Langsam entsteht ein richtiger Dachgarten. Henne, ein Dachdecker mit leichtem Dachschaden, und Henrike, ein zw\u00f6lfj\u00e4hriges M\u00e4dchen, schleppen Erde, bringen Pflanzen, hegen und pflegen das St\u00fcckchen Gr\u00fcn. Unterst\u00fctzt werden sie von zwei Kaminkehrern, einem mysteri\u00f6sen Riesen mit eiserner Hand, einem Dachwanderer, Henrikes Lehrerin und allerlei geheimnisvollen Kr\u00e4ften. Die Ente Ilse baut sich ein Nest und br\u00fctet ihre Jungen aus. Alles scheint friedlich, aber der Schein tr\u00fcgt - im Hintergrund arbeitet Frau Hux daran, die Menschen vom Dach zu vertreiben und wieder Ordnung herzustellen. Beinahe gelingt ihr das - aber wo viele gute Kr\u00e4fte zusammenwirken, ist Bosheit machtlos.<\/span><\/td><\/tr><tr><td colspan='2'><a href='#' onclick='history.back(); return false'>Zur\u00fcck<\/a><\/td><\/tr><\/tbody><\/table>\n","protected":false},"excerpt":{"rendered":"","protected":false},"author":1,"featured_media":0,"parent":0,"menu_order":0,"comment_status":"closed","ping_status":"closed","template":"","meta":[],"_links":{"self":[{"href":"https:\/\/www.web-rr.de\/GHS-Buecherei\/index.php\/wp-json\/wp\/v2\/pages\/6183"}],"collection":[{"href":"https:\/\/www.web-rr.de\/GHS-Buecherei\/index.php\/wp-json\/wp\/v2\/pages"}],"about":[{"href":"https:\/\/www.web-rr.de\/GHS-Buecherei\/index.php\/wp-json\/wp\/v2\/types\/page"}],"author":[{"embeddable":true,"href":"https:\/\/www.web-rr.de\/GHS-Buecherei\/index.php\/wp-json\/wp\/v2\/users\/1"}],"replies":[{"embeddable":true,"href":"https:\/\/www.web-rr.de\/GHS-Buecherei\/index.php\/wp-json\/wp\/v2\/comments?post=6183"}],"version-history":[{"count":0,"href":"https:\/\/www.web-rr.de\/GHS-Buecherei\/index.php\/wp-json\/wp\/v2\/pages\/6183\/revisions"}],"wp:attachment":[{"href":"https:\/\/www.web-rr.de\/GHS-Buecherei\/index.php\/wp-json\/wp\/v2\/media?parent=6183"}],"curies":[{"name":"wp","href":"https:\/\/api.w.org\/{rel}","templated":true}]}}