{"id":6172,"date":"2021-04-08T10:00:00","date_gmt":"2021-04-08T10:00:00","guid":{"rendered":"https:\/\/www.web-rr.de\/GHS-Buecherei\/?page_id=6172"},"modified":"2021-04-07T23:59:59","modified_gmt":"2021-04-07T23:59:59","slug":"p9783440158067","status":"publish","type":"page","link":"https:\/\/www.web-rr.de\/GHS-Buecherei\/index.php\/p9783440158067\/","title":{"rendered":"Erstlesen 256"},"content":{"rendered":"<table><tbody><tr><td class='rDTitel' colspan='2'>Die wilden Freunde, B\u00fccherhelden 1. Klasse, Wo ist Oskar?<\/td><\/tr><tr><td><span class='rDLabel1'>Status: <\/span><span class='rDText1Gruen'>vorhanden<\/span><\/td><td><span class='rDLabel1'>Antolin: <\/span><span class='rDText1Gruen'>ja, Empfehlung Klasse 1<\/span><\/td><\/tr><tr><td width=50%><img src='https:\/\/www.web-rr.de\/GHS-Buecherei\/wp-content\/uploads\/9783440158067.jpg' alt=''><\/td><td><p class='rDLabel2'>von <span class='rDText2'>Andr\u00e9 Marx, Boris Pfeiffer<\/span><\/p><p class='rDLabel2'>Verlag: <span class='rDText2'>Kosmos,  2018,  7.99 \u20ac<\/span><\/p><p class='rDLabel2'>B\u00fccherei-Barcode: <span class='rDText2'>9783440158067<\/span><\/p><p class='rDLabel2'>In der B\u00fccherei erfasst am: <span class='rDText2'>06.04.2021<\/span><\/p><p class='rDLabel2'>Stichw\u00f6rter: <span class='rDText2'>Freunde, Verlieren, wiederfinden, Stadt<\/span><\/p><p class='rDLabel2'>Lesealter ca. <span class='rDText2'>6<\/span><span class='rDLabel2'> Jahre<\/span><\/p><p class='rDLabel2'>Das Buch wurde <span class='rDText2'>0<\/span><span class='rDLabel2'> mal gelesen.<\/span><\/p><\/td><\/tr><tr><td colspan='2'><p class='rDLabel1'>Inhalt:<\/p><span class='rDText2'>Ein spannendes Abenteuer ab Klassenstufe 1. Leicht lesbar durch Fibelschrift und viele Illustrationen. Mit Leser\u00e4tsel und Verst\u00e4ndnisfragen nach jedem Kapitel.\n\r\n\rDas wilde Pack macht sich auf den Weg in die Stadt. Gleich zu Anfang verlieren sie Oskar ... Wo ist ihr Freund nur abgeblieben? Die anderen begeben sich auf die Suche. Eine Geschichte \u00fcber das Verlieren und sich wiederfinden.Lesen lernen ist schwer? Nicht mit dieser spannenden Geschichte, die auch Leseanf\u00e4nger ab Klassenstufe 1 leicht bew\u00e4ltigen k\u00f6nnen. Illustrationen und ein Leser\u00e4tsel am Ende jedes Kapitels machen den Band abwechslungsreich, sorgen f\u00fcr Erfolgserlebnisse und erh\u00f6hen die Lesemotivation. So macht der Einstieg ins selbstst\u00e4ndige B\u00fccherlesen einfach Spa\u00df.\n\r\n\r<\/span><\/td><\/tr><tr><td colspan='2'><a href='#' onclick='history.back(); return false'>Zur\u00fcck<\/a><\/td><\/tr><\/tbody><\/table>\n","protected":false},"excerpt":{"rendered":"","protected":false},"author":1,"featured_media":0,"parent":0,"menu_order":0,"comment_status":"closed","ping_status":"closed","template":"","meta":[],"_links":{"self":[{"href":"https:\/\/www.web-rr.de\/GHS-Buecherei\/index.php\/wp-json\/wp\/v2\/pages\/6172"}],"collection":[{"href":"https:\/\/www.web-rr.de\/GHS-Buecherei\/index.php\/wp-json\/wp\/v2\/pages"}],"about":[{"href":"https:\/\/www.web-rr.de\/GHS-Buecherei\/index.php\/wp-json\/wp\/v2\/types\/page"}],"author":[{"embeddable":true,"href":"https:\/\/www.web-rr.de\/GHS-Buecherei\/index.php\/wp-json\/wp\/v2\/users\/1"}],"replies":[{"embeddable":true,"href":"https:\/\/www.web-rr.de\/GHS-Buecherei\/index.php\/wp-json\/wp\/v2\/comments?post=6172"}],"version-history":[{"count":0,"href":"https:\/\/www.web-rr.de\/GHS-Buecherei\/index.php\/wp-json\/wp\/v2\/pages\/6172\/revisions"}],"wp:attachment":[{"href":"https:\/\/www.web-rr.de\/GHS-Buecherei\/index.php\/wp-json\/wp\/v2\/media?parent=6172"}],"curies":[{"name":"wp","href":"https:\/\/api.w.org\/{rel}","templated":true}]}}