{"id":6168,"date":"2021-04-08T10:00:00","date_gmt":"2021-04-08T10:00:00","guid":{"rendered":"https:\/\/www.web-rr.de\/GHS-Buecherei\/?page_id=6168"},"modified":"2021-04-07T23:59:59","modified_gmt":"2021-04-07T23:59:59","slug":"p9783789104039","status":"publish","type":"page","link":"https:\/\/www.web-rr.de\/GHS-Buecherei\/index.php\/p9783789104039\/","title":{"rendered":"Erstlesen 260"},"content":{"rendered":"<table><tbody><tr><td class='rDTitel' colspan='2'>Superhugo fliegt zum Mond!<\/td><\/tr><tr><td><span class='rDLabel1'>Status: <\/span><span class='rDText1Gruen'>vorhanden<\/span><\/td><td><span class='rDLabel1'>Antolin: <\/span><span class='rDText1Gruen'>ja, Empfehlung Klasse 2<\/span><\/td><\/tr><tr><td width=50%><img src='https:\/\/www.web-rr.de\/GHS-Buecherei\/wp-content\/uploads\/9783789104039.jpg' alt=''><\/td><td><p class='rDLabel2'>von <span class='rDText2'>Salah Naoura<\/span><\/p><p class='rDLabel2'>Verlag: <span class='rDText2'>Oetinger,  2017,  7.99 \u20ac<\/span><\/p><p class='rDLabel2'>B\u00fccherei-Barcode: <span class='rDText2'>9783789104039<\/span><\/p><p class='rDLabel2'>In der B\u00fccherei erfasst am: <span class='rDText2'>06.04.2021<\/span><\/p><p class='rDLabel2'>Stichw\u00f6rter: <span class='rDText2'>Wettrennen, Weltall, Feuerwerksraketen, Weltraum, Rakete, Frosch, Freunde, Humor, Lustig<\/span><\/p><p class='rDLabel2'>Lesealter ca. <span class='rDText2'>6<\/span><span class='rDLabel2'> Jahre<\/span><\/p><p class='rDLabel2'>Das Buch wurde <span class='rDText2'>1<\/span><span class='rDLabel2'> mal gelesen.<\/span><\/p><\/td><\/tr><tr><td colspan='2'><p class='rDLabel1'>Inhalt:<\/p><span class='rDText2'>Wettrennen im Weltall! Hugo kann Feuerwerksraketen nicht ausstehen! Zu bl\u00f6d, dass der doofe Nachbarshund Happo ganz furchtlos in eine Rakete steigt und sich kurzerhand in den Weltraum schie\u00dfen l\u00e4sst. Unversch\u00e4mt! Als dann auch noch Hugos Freund Frosch seinen Bruder Quaki vermisst (der mit in Happos Rakete sitzt) wird das Superauto ruckzuck zur Rakete umgebaut. Um Quaki zu retten, liefern sich Superhugo und Frosch mit Happo ein krachend lautes Wettrennen quer durchs All. Denn: Zum Mond fliegen, das k\u00f6nnen nur echte Superhunde. Cleverer Humor und lustige, liebenswerte Illustrationen machen SUPERHUGO zum Lesespa\u00df f\u00fcr Anf\u00e4nger und Fortgeschrittene. Band 1 der Reihe wurde zum besten Erstlesebuch 2015 gew\u00e4hlt.<\/span><\/td><\/tr><tr><td colspan='2'><a href='#' onclick='history.back(); return false'>Zur\u00fcck<\/a><\/td><\/tr><\/tbody><\/table>\n","protected":false},"excerpt":{"rendered":"","protected":false},"author":1,"featured_media":0,"parent":0,"menu_order":0,"comment_status":"closed","ping_status":"closed","template":"","meta":[],"_links":{"self":[{"href":"https:\/\/www.web-rr.de\/GHS-Buecherei\/index.php\/wp-json\/wp\/v2\/pages\/6168"}],"collection":[{"href":"https:\/\/www.web-rr.de\/GHS-Buecherei\/index.php\/wp-json\/wp\/v2\/pages"}],"about":[{"href":"https:\/\/www.web-rr.de\/GHS-Buecherei\/index.php\/wp-json\/wp\/v2\/types\/page"}],"author":[{"embeddable":true,"href":"https:\/\/www.web-rr.de\/GHS-Buecherei\/index.php\/wp-json\/wp\/v2\/users\/1"}],"replies":[{"embeddable":true,"href":"https:\/\/www.web-rr.de\/GHS-Buecherei\/index.php\/wp-json\/wp\/v2\/comments?post=6168"}],"version-history":[{"count":0,"href":"https:\/\/www.web-rr.de\/GHS-Buecherei\/index.php\/wp-json\/wp\/v2\/pages\/6168\/revisions"}],"wp:attachment":[{"href":"https:\/\/www.web-rr.de\/GHS-Buecherei\/index.php\/wp-json\/wp\/v2\/media?parent=6168"}],"curies":[{"name":"wp","href":"https:\/\/api.w.org\/{rel}","templated":true}]}}