{"id":6166,"date":"2021-04-08T10:00:00","date_gmt":"2021-04-08T10:00:00","guid":{"rendered":"https:\/\/www.web-rr.de\/GHS-Buecherei\/?page_id=6166"},"modified":"2021-04-07T23:59:59","modified_gmt":"2021-04-07T23:59:59","slug":"p9783743200395","status":"publish","type":"page","link":"https:\/\/www.web-rr.de\/GHS-Buecherei\/index.php\/p9783743200395\/","title":{"rendered":"Erstlesen 262"},"content":{"rendered":"<table><tbody><tr><td class='rDTitel' colspan='2'>Lesel\u00f6wen 2. Klasse - Pferdegeschichten<\/td><\/tr><tr><td><span class='rDLabel1'>Status: <\/span><span class='rDText1Gruen'>vorhanden<\/span><\/td><td><span class='rDLabel1'>Antolin: <\/span><span class='rDText1Gruen'>ja, Empfehlung Klasse 2<\/span><\/td><\/tr><tr><td width=50%><img src='https:\/\/www.web-rr.de\/GHS-Buecherei\/wp-content\/uploads\/9783743200395.jpg' alt=''><\/td><td><p class='rDLabel2'>von <span class='rDText2'>Karen Christine Angermayer<\/span><\/p><p class='rDLabel2'>Verlag: <span class='rDText2'>Loewe,  2018,  7.95 \u20ac<\/span><\/p><p class='rDLabel2'>B\u00fccherei-Barcode: <span class='rDText2'>9783743200395<\/span><\/p><p class='rDLabel2'>In der B\u00fccherei erfasst am: <span class='rDText2'>06.04.2021<\/span><\/p><p class='rDLabel2'>Stichw\u00f6rter: <span class='rDText2'>Pferde, Ponys, Reiten, Galopp, Angst, Reitstunden<\/span><\/p><p class='rDLabel2'>Lesealter ca. <span class='rDText2'>6<\/span><span class='rDLabel2'> Jahre<\/span><\/p><p class='rDLabel2'>Das Buch wurde <span class='rDText2'>2<\/span><span class='rDLabel2'> mal gelesen.<\/span><\/p><\/td><\/tr><tr><td colspan='2'><p class='rDLabel1'>Inhalt:<\/p><span class='rDText2'>\rSara beobachtet jeden Tag ein kleines Islandpony. Als es krank wird, kann sie es in letzter Minute retten - bekommt sie jetzt endlich Reitstunden? Luisa findet Reiten ganz sch\u00f6n schwer und vor dem Galopp hat sie sogar ein bisschen Angst. Bis ihr der Reitlehrer einen guten Trick verr\u00e4t. Mit den Kinderb\u00fcchern der Reihe Lesel\u00f6wen f\u00fcr die 2. Klasse haben ge\u00fcbtere Erstleser gro\u00dfen Spa\u00df beim Lesenlernen: Dank eines ausgewogenen Text-Bild-Verh\u00e4ltnisses und klarer Fibelschrift in Gro\u00dfbuchstaben k\u00f6nnen Kinder ab 7 Jahren den Inhalt spielend leicht erfassen.  Durch die begleitenden Informationen und Erkl\u00e4rungen vertiefen sie dar\u00fcber hinaus ihr Allgemeinwissen. Ihr Textverst\u00e4ndnis k\u00f6nnen sie mit den R\u00e4tseln im Buch und den Quizfragen auf antolin.de \u00fcberpr\u00fcfen.<\/span><\/td><\/tr><tr><td colspan='2'><a href='#' onclick='history.back(); return false'>Zur\u00fcck<\/a><\/td><\/tr><\/tbody><\/table>\n","protected":false},"excerpt":{"rendered":"","protected":false},"author":1,"featured_media":0,"parent":0,"menu_order":0,"comment_status":"closed","ping_status":"closed","template":"","meta":[],"_links":{"self":[{"href":"https:\/\/www.web-rr.de\/GHS-Buecherei\/index.php\/wp-json\/wp\/v2\/pages\/6166"}],"collection":[{"href":"https:\/\/www.web-rr.de\/GHS-Buecherei\/index.php\/wp-json\/wp\/v2\/pages"}],"about":[{"href":"https:\/\/www.web-rr.de\/GHS-Buecherei\/index.php\/wp-json\/wp\/v2\/types\/page"}],"author":[{"embeddable":true,"href":"https:\/\/www.web-rr.de\/GHS-Buecherei\/index.php\/wp-json\/wp\/v2\/users\/1"}],"replies":[{"embeddable":true,"href":"https:\/\/www.web-rr.de\/GHS-Buecherei\/index.php\/wp-json\/wp\/v2\/comments?post=6166"}],"version-history":[{"count":0,"href":"https:\/\/www.web-rr.de\/GHS-Buecherei\/index.php\/wp-json\/wp\/v2\/pages\/6166\/revisions"}],"wp:attachment":[{"href":"https:\/\/www.web-rr.de\/GHS-Buecherei\/index.php\/wp-json\/wp\/v2\/media?parent=6166"}],"curies":[{"name":"wp","href":"https:\/\/api.w.org\/{rel}","templated":true}]}}