{"id":6165,"date":"2021-04-08T10:00:00","date_gmt":"2021-04-08T10:00:00","guid":{"rendered":"https:\/\/www.web-rr.de\/GHS-Buecherei\/?page_id=6165"},"modified":"2021-04-07T23:59:59","modified_gmt":"2021-04-07T23:59:59","slug":"p9783129494950","status":"publish","type":"page","link":"https:\/\/www.web-rr.de\/GHS-Buecherei\/index.php\/p9783129494950\/","title":{"rendered":"Erstlesen 263"},"content":{"rendered":"<table><tbody><tr><td class='rDTitel' colspan='2'>Bibi & Tina - Ein total verr\u00fcckter Tag<\/td><\/tr><tr><td><span class='rDLabel1'>Status: <\/span><span class='rDText1Gruen'>vorhanden<\/span><\/td><td><span class='rDLabel1'>Antolin: <\/span><span class='rDText1Gruen'>ja, Empfehlung Klasse 1<\/span><\/td><\/tr><tr><td width=50%><img src='https:\/\/www.web-rr.de\/GHS-Buecherei\/wp-content\/uploads\/9783129494950.jpg' alt=''><\/td><td><p class='rDLabel2'>von <span class='rDText2'>Vincent Andreas<\/span><\/p><p class='rDLabel2'>Verlag: <span class='rDText2'>Klett Lerntraining,  2017,  7.99 \u20ac<\/span><\/p><p class='rDLabel2'>B\u00fccherei-Barcode: <span class='rDText2'>9783129494950<\/span><\/p><p class='rDLabel2'>In der B\u00fccherei erfasst am: <span class='rDText2'>06.04.2021<\/span><\/p><p class='rDLabel2'>Stichw\u00f6rter: <span class='rDText2'>Spannung, Wasserschaden, Chaos,<\/span><\/p><p class='rDLabel2'>Lesealter ca. <span class='rDText2'>6<\/span><span class='rDLabel2'> Jahre<\/span><\/p><p class='rDLabel2'>Das Buch wurde <span class='rDText2'>1<\/span><span class='rDLabel2'> mal gelesen.<\/span><\/p><\/td><\/tr><tr><td colspan='2'><p class='rDLabel1'>Inhalt:<\/p><span class='rDText2'>Diese spannende Geschichte f\u00fcr Leseanf\u00e4nger begeistert Fans von Bibi und Tina in der ersten Klasse: Was f\u00fcr ein Tag! Frau Martin muss Hals \u00fcber Kopf weg, weil Tante Paula einen Wasserschaden hat und Hilfe braucht. Und Holger ist auch nicht da. Also m\u00fcssen Bibi und Tina sich um den Martinshof und die Ferienkinder k\u00fcmmern. Doch ganz so einfach ist das nicht. Schon bald ist das Chaos perfekt ... Perfekt abgestimmt auf das erste Leseverm\u00f6gen durch ein ausgewogenes Verh\u00e4ltnis von Textmenge und Illustration, angepasster Schriftart, Schriftgr\u00f6\u00dfe und Zeilenl\u00e4nge. Mit Textverst\u00e4ndnisfragen und L\u00f6sungen, einem Hufeisen-Quiz zur spielerischen \u00dcberpr\u00fcfung des Textverst\u00e4ndnisses sowie einem original Bibi und Tina-Lesepass ist Lese-Erfolg garantiert: die perfekte Kombination aus kompetenter Lesevermittlung mit spannenden Geschichten rund um Pferde, Freundschaft und Abenteuer.<\/span><\/td><\/tr><tr><td colspan='2'><a href='#' onclick='history.back(); return false'>Zur\u00fcck<\/a><\/td><\/tr><\/tbody><\/table>\n","protected":false},"excerpt":{"rendered":"","protected":false},"author":1,"featured_media":0,"parent":0,"menu_order":0,"comment_status":"closed","ping_status":"closed","template":"","meta":[],"_links":{"self":[{"href":"https:\/\/www.web-rr.de\/GHS-Buecherei\/index.php\/wp-json\/wp\/v2\/pages\/6165"}],"collection":[{"href":"https:\/\/www.web-rr.de\/GHS-Buecherei\/index.php\/wp-json\/wp\/v2\/pages"}],"about":[{"href":"https:\/\/www.web-rr.de\/GHS-Buecherei\/index.php\/wp-json\/wp\/v2\/types\/page"}],"author":[{"embeddable":true,"href":"https:\/\/www.web-rr.de\/GHS-Buecherei\/index.php\/wp-json\/wp\/v2\/users\/1"}],"replies":[{"embeddable":true,"href":"https:\/\/www.web-rr.de\/GHS-Buecherei\/index.php\/wp-json\/wp\/v2\/comments?post=6165"}],"version-history":[{"count":0,"href":"https:\/\/www.web-rr.de\/GHS-Buecherei\/index.php\/wp-json\/wp\/v2\/pages\/6165\/revisions"}],"wp:attachment":[{"href":"https:\/\/www.web-rr.de\/GHS-Buecherei\/index.php\/wp-json\/wp\/v2\/media?parent=6165"}],"curies":[{"name":"wp","href":"https:\/\/api.w.org\/{rel}","templated":true}]}}