{"id":6164,"date":"2021-04-08T10:00:00","date_gmt":"2021-04-08T10:00:00","guid":{"rendered":"https:\/\/www.web-rr.de\/GHS-Buecherei\/?page_id=6164"},"modified":"2021-04-07T23:59:59","modified_gmt":"2021-04-07T23:59:59","slug":"p9783785586020","status":"publish","type":"page","link":"https:\/\/www.web-rr.de\/GHS-Buecherei\/index.php\/p9783785586020\/","title":{"rendered":"Erstlesen 264"},"content":{"rendered":"<table><tbody><tr><td class='rDTitel' colspan='2'>Lesel\u00f6wen - Ein Stern f\u00fcr das kleine Einhorn<\/td><\/tr><tr><td><span class='rDLabel1'>Status: <\/span><span class='rDText1Gruen'>vorhanden<\/span><\/td><td><span class='rDLabel1'>Antolin: <\/span><span class='rDText1Gruen'>ja, Empfehlung Klasse 1<\/span><\/td><\/tr><tr><td width=50%><img src='https:\/\/www.web-rr.de\/GHS-Buecherei\/wp-content\/uploads\/9783785586020.jpg' alt=''><\/td><td><p class='rDLabel2'>von <span class='rDText2'>Annette Moser<\/span><\/p><p class='rDLabel2'>Verlag: <span class='rDText2'>Loewe,  2017,  7.95 \u20ac<\/span><\/p><p class='rDLabel2'>B\u00fccherei-Barcode: <span class='rDText2'>9783785586020<\/span><\/p><p class='rDLabel2'>In der B\u00fccherei erfasst am: <span class='rDText2'>06.04.2021<\/span><\/p><p class='rDLabel2'>Stichw\u00f6rter: <span class='rDText2'>Einhorn, Himmel, Sterne, Weg nach Hause<\/span><\/p><p class='rDLabel2'>Lesealter ca. <span class='rDText2'>6<\/span><span class='rDLabel2'> Jahre<\/span><\/p><p class='rDLabel2'>Das Buch wurde <span class='rDText2'>0<\/span><span class='rDLabel2'> mal gelesen.<\/span><\/p><\/td><\/tr><tr><td colspan='2'><p class='rDLabel1'>Inhalt:<\/p><span class='rDText2'>\rDas kleine Einhorn ist sehr neugierig und will alles erkunden - doch pl\u00f6tzlich steht es ganz allein auf der Wiese. Seine Herde ist weg! Schnell macht das Einhorn sich auf die Suche und begegnet dabei einem funkelnden Stern, der vom Himmel gepurzelt ist. Finden sie gemeinsam den Weg nach Hause? Lesenlernen ganz einfach - mit den Erstleseb\u00fcchern der Reihe Lesel\u00f6wen f\u00fcr die 1. Klasse Die Kinderbuch-Bestseller unterst\u00fctzen mit vielen Features das Textverst\u00e4ndnis von Kindern ab 6 Jahren : - kurze S\u00e4tze - gut lesbare gro\u00dfe Fibelschrift - zahlreiche bunte Bilder Zusammen mit den Eltern oder alleine - f\u00fcr Spa\u00df am Lesen sorgen zudem: - kindgerechte Themen f\u00fcr M\u00e4dchen und Jungen - lustige R\u00e4tsel und Sticker - kostenlose Spiele, Downloads und Leseproben auf www.leseloewen.de<\/span><\/td><\/tr><tr><td colspan='2'><a href='#' onclick='history.back(); return false'>Zur\u00fcck<\/a><\/td><\/tr><\/tbody><\/table>\n","protected":false},"excerpt":{"rendered":"","protected":false},"author":1,"featured_media":0,"parent":0,"menu_order":0,"comment_status":"closed","ping_status":"closed","template":"","meta":[],"_links":{"self":[{"href":"https:\/\/www.web-rr.de\/GHS-Buecherei\/index.php\/wp-json\/wp\/v2\/pages\/6164"}],"collection":[{"href":"https:\/\/www.web-rr.de\/GHS-Buecherei\/index.php\/wp-json\/wp\/v2\/pages"}],"about":[{"href":"https:\/\/www.web-rr.de\/GHS-Buecherei\/index.php\/wp-json\/wp\/v2\/types\/page"}],"author":[{"embeddable":true,"href":"https:\/\/www.web-rr.de\/GHS-Buecherei\/index.php\/wp-json\/wp\/v2\/users\/1"}],"replies":[{"embeddable":true,"href":"https:\/\/www.web-rr.de\/GHS-Buecherei\/index.php\/wp-json\/wp\/v2\/comments?post=6164"}],"version-history":[{"count":0,"href":"https:\/\/www.web-rr.de\/GHS-Buecherei\/index.php\/wp-json\/wp\/v2\/pages\/6164\/revisions"}],"wp:attachment":[{"href":"https:\/\/www.web-rr.de\/GHS-Buecherei\/index.php\/wp-json\/wp\/v2\/media?parent=6164"}],"curies":[{"name":"wp","href":"https:\/\/api.w.org\/{rel}","templated":true}]}}