{"id":6162,"date":"2021-04-08T10:00:00","date_gmt":"2021-04-08T10:00:00","guid":{"rendered":"https:\/\/www.web-rr.de\/GHS-Buecherei\/?page_id=6162"},"modified":"2021-04-07T23:59:59","modified_gmt":"2021-04-07T23:59:59","slug":"p9783789124358","status":"publish","type":"page","link":"https:\/\/www.web-rr.de\/GHS-Buecherei\/index.php\/p9783789124358\/","title":{"rendered":"Erstlesen 266"},"content":{"rendered":"<table><tbody><tr><td class='rDTitel' colspan='2'>Theo und der gro\u00dfe Hund<\/td><\/tr><tr><td><span class='rDLabel1'>Status: <\/span><span class='rDText1Gruen'>vorhanden<\/span><\/td><td><span class='rDLabel1'>Antolin: <\/span><span class='rDText1Gruen'>ja, Empfehlung Klasse 1<\/span><\/td><\/tr><tr><td width=50%><img src='https:\/\/www.web-rr.de\/GHS-Buecherei\/wp-content\/uploads\/9783789124358.jpg' alt=''><\/td><td><p class='rDLabel2'>von <span class='rDText2'>Salah Naoura<\/span><\/p><p class='rDLabel2'>Verlag: <span class='rDText2'>Oetinger,  2016,  7.99 \u20ac<\/span><\/p><p class='rDLabel2'>B\u00fccherei-Barcode: <span class='rDText2'>9783789124358<\/span><\/p><p class='rDLabel2'>In der B\u00fccherei erfasst am: <span class='rDText2'>06.04.2021<\/span><\/p><p class='rDLabel2'>Stichw\u00f6rter: <span class='rDText2'>Schule, Hund, Wurst, Pausenbrot, verlaufen<\/span><\/p><p class='rDLabel2'>Lesealter ca. <span class='rDText2'>6<\/span><span class='rDLabel2'> Jahre<\/span><\/p><p class='rDLabel2'>Das Buch wurde <span class='rDText2'>0<\/span><span class='rDLabel2'> mal gelesen.<\/span><\/p><\/td><\/tr><tr><td colspan='2'><p class='rDLabel1'>Inhalt:<\/p><span class='rDText2'>Ein Kind und ein wurst-verr\u00fcckter Hund suchen den Weg zur Schule: Jeden Morgen auf dem Schulweg kommt Theo an dem gro\u00dfen Hund vorbei. Ohne ihn ausf\u00fchrlich zu begr\u00fc\u00dfen und ihn mit dem Wurstbelag seines Pausenbrots zu f\u00fcttern, kann Theo gar nicht in die Schule gehen! Doch eines Tages sitzt der gro\u00dfe Hund nicht wie \u00fcblich hinter dem Zaun und sofort ist Theo klar, dass etwas passiert sein muss. Also macht er sich auf die Suche: ganz allein und quer durch die Stadt. Tats\u00e4chlich findet er den Hund und nun m\u00fcssen sie es gemeinsam zur\u00fcck zur Schule schaffen. Das ist gar nicht so leicht und schlie\u00dflich verl\u00e4uft Theo sich. Kann der gro\u00dfe Hund ihm vielleicht den Weg zeigen?<\/span><\/td><\/tr><tr><td colspan='2'><a href='#' onclick='history.back(); return false'>Zur\u00fcck<\/a><\/td><\/tr><\/tbody><\/table>\n","protected":false},"excerpt":{"rendered":"","protected":false},"author":1,"featured_media":0,"parent":0,"menu_order":0,"comment_status":"closed","ping_status":"closed","template":"","meta":[],"_links":{"self":[{"href":"https:\/\/www.web-rr.de\/GHS-Buecherei\/index.php\/wp-json\/wp\/v2\/pages\/6162"}],"collection":[{"href":"https:\/\/www.web-rr.de\/GHS-Buecherei\/index.php\/wp-json\/wp\/v2\/pages"}],"about":[{"href":"https:\/\/www.web-rr.de\/GHS-Buecherei\/index.php\/wp-json\/wp\/v2\/types\/page"}],"author":[{"embeddable":true,"href":"https:\/\/www.web-rr.de\/GHS-Buecherei\/index.php\/wp-json\/wp\/v2\/users\/1"}],"replies":[{"embeddable":true,"href":"https:\/\/www.web-rr.de\/GHS-Buecherei\/index.php\/wp-json\/wp\/v2\/comments?post=6162"}],"version-history":[{"count":0,"href":"https:\/\/www.web-rr.de\/GHS-Buecherei\/index.php\/wp-json\/wp\/v2\/pages\/6162\/revisions"}],"wp:attachment":[{"href":"https:\/\/www.web-rr.de\/GHS-Buecherei\/index.php\/wp-json\/wp\/v2\/media?parent=6162"}],"curies":[{"name":"wp","href":"https:\/\/api.w.org\/{rel}","templated":true}]}}