{"id":6161,"date":"2021-04-08T10:00:00","date_gmt":"2021-04-08T10:00:00","guid":{"rendered":"https:\/\/www.web-rr.de\/GHS-Buecherei\/?page_id=6161"},"modified":"2021-04-07T23:59:59","modified_gmt":"2021-04-07T23:59:59","slug":"p9783789124501","status":"publish","type":"page","link":"https:\/\/www.web-rr.de\/GHS-Buecherei\/index.php\/p9783789124501\/","title":{"rendered":"Erstlesen 267"},"content":{"rendered":"<table><tbody><tr><td class='rDTitel' colspan='2'>Coolman und ich - Ran an den Ball!<\/td><\/tr><tr><td><span class='rDLabel1'>Status: <\/span><span class='rDText1Gruen'>vorhanden<\/span><\/td><td><span class='rDLabel1'>Antolin: <\/span><span class='rDText1Gruen'>ja, Empfehlung Klasse 1<\/span><\/td><\/tr><tr><td width=50%><img src='https:\/\/www.web-rr.de\/GHS-Buecherei\/wp-content\/uploads\/9783789124501.jpg' alt=''><\/td><td><p class='rDLabel2'>von <span class='rDText2'>R\u00fcdiger Bertram<\/span><\/p><p class='rDLabel2'>Verlag: <span class='rDText2'>Oetinger,  2016,  7.99 \u20ac<\/span><\/p><p class='rDLabel2'>B\u00fccherei-Barcode: <span class='rDText2'>9783789124501<\/span><\/p><p class='rDLabel2'>In der B\u00fccherei erfasst am: <span class='rDText2'>06.04.2021<\/span><\/p><p class='rDLabel2'>Stichw\u00f6rter: <span class='rDText2'>Chaos, Sportunterricht, Fussball<\/span><\/p><p class='rDLabel2'>Lesealter ca. <span class='rDText2'>6<\/span><span class='rDLabel2'> Jahre<\/span><\/p><p class='rDLabel2'>Das Buch wurde <span class='rDText2'>0<\/span><span class='rDLabel2'> mal gelesen.<\/span><\/p><\/td><\/tr><tr><td colspan='2'><p class='rDLabel1'>Inhalt:<\/p><span class='rDText2'>COOLMAN als Fussballexperte: Das kann ja nur im Chaos enden! Kai und seine Klasse spielen im Sportunterricht Fussball. Nicht gerade seine Lieblingsstunde, und dann muss er auch noch auf der Ersatzbank bleiben. Langweilig!, findet COOLMAN und st\u00fcrmt lieber selbst das Tor. Als Kai dann doch noch mitspielen darf, hat COOLMAN nat\u00fcrlich viele gute Tipps f\u00fcr ihn: Schiess links oben, nein rechts unten, doch lieber links unten. Kai ist ganz durcheinander und kriegt am Ende nur einen Kullerball hin. Da stellt der Lehrer ihn doch lieber ins Tor. Klar, dass COOLMAN genau weiss, wie man einen Ball h\u00e4lt: Einfach das Tor mit Ziegeln zumauern oder den St\u00fcrmer in Stein verzaubern! Kai wird so von COOLMAN abgelenkt, dass er jeden Ball reinl\u00e4sst. COOLMAN geht ihm ganz sch\u00f6n auf die Nerven. Da schnappt er sich selbst den Ball und kann sich am Ende doch noch als Torsch\u00fctze beweisen. Von Betram und Schulmeyer passend zur EM 2016 geschrieben: \"COOLMAN und ich. Ran an den Ball!\"<\/span><\/td><\/tr><tr><td colspan='2'><a href='#' onclick='history.back(); return false'>Zur\u00fcck<\/a><\/td><\/tr><\/tbody><\/table>\n","protected":false},"excerpt":{"rendered":"","protected":false},"author":1,"featured_media":0,"parent":0,"menu_order":0,"comment_status":"closed","ping_status":"closed","template":"","meta":[],"_links":{"self":[{"href":"https:\/\/www.web-rr.de\/GHS-Buecherei\/index.php\/wp-json\/wp\/v2\/pages\/6161"}],"collection":[{"href":"https:\/\/www.web-rr.de\/GHS-Buecherei\/index.php\/wp-json\/wp\/v2\/pages"}],"about":[{"href":"https:\/\/www.web-rr.de\/GHS-Buecherei\/index.php\/wp-json\/wp\/v2\/types\/page"}],"author":[{"embeddable":true,"href":"https:\/\/www.web-rr.de\/GHS-Buecherei\/index.php\/wp-json\/wp\/v2\/users\/1"}],"replies":[{"embeddable":true,"href":"https:\/\/www.web-rr.de\/GHS-Buecherei\/index.php\/wp-json\/wp\/v2\/comments?post=6161"}],"version-history":[{"count":0,"href":"https:\/\/www.web-rr.de\/GHS-Buecherei\/index.php\/wp-json\/wp\/v2\/pages\/6161\/revisions"}],"wp:attachment":[{"href":"https:\/\/www.web-rr.de\/GHS-Buecherei\/index.php\/wp-json\/wp\/v2\/media?parent=6161"}],"curies":[{"name":"wp","href":"https:\/\/api.w.org\/{rel}","templated":true}]}}