{"id":5958,"date":"2021-02-25T19:23:02","date_gmt":"2021-02-25T18:23:02","guid":{"rendered":"https:\/\/www.web-rr.de\/GHS-Buecherei\/?page_id=5958"},"modified":"2021-04-28T20:34:41","modified_gmt":"2021-04-28T18:34:41","slug":"preussler","status":"publish","type":"page","link":"https:\/\/www.web-rr.de\/GHS-Buecherei\/index.php\/preussler\/","title":{"rendered":"Preu\u00dfler"},"content":{"rendered":"<table class=\"wp-block-table alignfull is-style-regular\">\n<tbody>\n<tr>\n<td><td width=30%><a href='https:\/\/www.web-rr.de\/GHS-Buecherei\/index.php\/p9783522105903\/'><img src='https:\/\/www.web-rr.de\/GHS-Buecherei\/wp-content\/uploads\/9783522105903.jpg' alt='' ><\/a><\/td><td><p class='rHTitel'>Der R\u00e4uber Hotzenplotz<\/p><p class='rHLabel2'>von  <span class='rHText2'>Otfried Preu\u00dfler<\/span><\/p><p><a href='https:\/\/www.web-rr.de\/GHS-Buecherei\/index.php\/p9783522105903\/'>Preu\u00dfler 1<\/a><\/p><p class='rHLabel2'>Stichw\u00f6rter: <span class='rHText2'>R\u00e4uber, Kasperl, Seppel, Hotzenplotz<\/span><\/p><p><span class='rHLabel1'>Status: <\/span><span class='rHText1Gruen'>vorhanden<\/span><\/p><p><span class='rHLabel1'>Antolin: <\/span><span class='rHText1Gruen'>ja, Empfehlung Klasse 4<\/span><\/p><\/td><\/td>\n<\/tr>\n<tr>\n<td><td width=30%><a href='https:\/\/www.web-rr.de\/GHS-Buecherei\/index.php\/p9783522115209\/'><img src='https:\/\/www.web-rr.de\/GHS-Buecherei\/wp-content\/uploads\/9783522115209.jpg' alt='' ><\/a><\/td><td><p class='rHTitel'>Neues vom R\u00e4uber Hotzenplotz: Noch eine Kasperlgeschichte<\/p><p class='rHLabel2'>von  <span class='rHText2'>Otfried Preu\u00dfler<\/span><\/p><p><a href='https:\/\/www.web-rr.de\/GHS-Buecherei\/index.php\/p9783522115209\/'>Preu\u00dfler 2<\/a><\/p><p class='rHLabel2'>Stichw\u00f6rter: <span class='rHText2'>R\u00e4uber, Hotzenplotz, Kasperl, Seppel<\/span><\/p><p><span class='rHLabel1'>Status: <\/span><span class='rHText1Gruen'>vorhanden<\/span><\/p><p><span class='rHLabel1'>Antolin: <\/span><span class='rHText1Gruen'>ja, Empfehlung Klasse 4<\/span><\/p><\/td><\/td>\n<\/tr>\n<tr>\n<td><td width=30%><a href='https:\/\/www.web-rr.de\/GHS-Buecherei\/index.php\/p9783522119801\/'><img src='https:\/\/www.web-rr.de\/GHS-Buecherei\/wp-content\/uploads\/9783522119801.jpg' alt='' ><\/a><\/td><td><p class='rHTitel'>Hotzenplotz 3<\/p><p class='rHLabel2'>von  <span class='rHText2'>Otfried Preu\u00dfler<\/span><\/p><p><a href='https:\/\/www.web-rr.de\/GHS-Buecherei\/index.php\/p9783522119801\/'>Preu\u00dfler 3<\/a><\/p><p class='rHLabel2'>Stichw\u00f6rter: <span class='rHText2'>R\u00e4uber, Hotzenplotz<\/span><\/p><p><span class='rHLabel1'>Status: <\/span><span class='rHText1Gruen'>vorhanden<\/span><\/p><p><span class='rHLabel1'>Antolin: <\/span><span class='rHText1Gruen'>ja, Empfehlung Klasse 4<\/span><\/p><\/td><\/td>\n<\/tr>\n<tr>\n<td><td width=30%><a href='https:\/\/www.web-rr.de\/GHS-Buecherei\/index.php\/p9783522106207\/'><img src='https:\/\/www.web-rr.de\/GHS-Buecherei\/wp-content\/uploads\/9783522106207.jpg' alt='' ><\/a><\/td><td><p class='rHTitel'>Der kleine Wassermann<\/p><p class='rHLabel2'>von  <span class='rHText2'>Otfried Preu\u00dfler<\/span><\/p><p><a href='https:\/\/www.web-rr.de\/GHS-Buecherei\/index.php\/p9783522106207\/'>Preu\u00dfler 4<\/a><\/p><p class='rHLabel2'>Stichw\u00f6rter: <span class='rHText2'>Gew\u00e4sser, Wassermann, Teich<\/span><\/p><p><span class='rHLabel1'>Status: <\/span><span class='rHText1Gruen'>vorhanden<\/span><\/p><p><span class='rHLabel1'>Antolin: <\/span><span class='rHText1Gruen'>ja, Empfehlung Klasse 3<\/span><\/p><\/td><\/td>\n<\/tr>\n<tr>\n<td><td width=30%><a href='https:\/\/www.web-rr.de\/GHS-Buecherei\/index.php\/p9783522105804\/'><img src='https:\/\/www.web-rr.de\/GHS-Buecherei\/wp-content\/uploads\/9783522105804.jpg' alt='' ><\/a><\/td><td><p class='rHTitel'>Die kleine Hexe<\/p><p class='rHLabel2'>von  <span class='rHText2'>Otfried Preussler<\/span><\/p><p><a href='https:\/\/www.web-rr.de\/GHS-Buecherei\/index.php\/p9783522105804\/'>Preu\u00dfler 5<\/a><\/p><p class='rHLabel2'>Stichw\u00f6rter: <span class='rHText2'>Zauber, Hexe<\/span><\/p><p><span class='rHLabel1'>Status: <\/span><span class='rHText1Gruen'>vorhanden<\/span><\/p><p><span class='rHLabel1'>Antolin: <\/span><span class='rHText1Gruen'>ja, Empfehlung Klasse 3<\/span><\/p><\/td><\/td>\n<\/tr>\n<tr>\n<td><td width=30%><a href='https:\/\/www.web-rr.de\/GHS-Buecherei\/index.php\/p9783522110808\/'><img src='https:\/\/www.web-rr.de\/GHS-Buecherei\/wp-content\/uploads\/9783522110808.jpg' alt='' ><\/a><\/td><td><p class='rHTitel'>Das kleine Gespenst<\/p><p class='rHLabel2'>von  <span class='rHText2'>Otfried Preu\u00dfler<\/span><\/p><p><a href='https:\/\/www.web-rr.de\/GHS-Buecherei\/index.php\/p9783522110808\/'>Preu\u00dfler 6<\/a><\/p><p class='rHLabel2'>Stichw\u00f6rter: <span class='rHText2'>Gespenst, Geister, Gespenster<\/span><\/p><p><span class='rHLabel1'>Status: <\/span><span class='rHText1Gruen'>vorhanden<\/span><\/p><p><span class='rHLabel1'>Antolin: <\/span><span class='rHText1Gruen'>ja, Empfehlung Klasse 3<\/span><\/p><\/td><\/td>\n<\/tr>\n<tr>\n<td><td width=30%><a href='https:\/\/www.web-rr.de\/GHS-Buecherei\/index.php\/p9783522106009\/'><img src='https:\/\/www.web-rr.de\/GHS-Buecherei\/wp-content\/uploads\/9783522106009.jpg' alt='' ><\/a><\/td><td><p class='rHTitel'>Bei uns in Schilda: Die wahre Geschichte der Schildb\u00fcrger nach den Aufzeichnungen des Stadtschreibers Jeremias Punktum<\/p><p class='rHLabel2'>von  <span class='rHText2'>Otfried Preussler<\/span><\/p><p><a href='https:\/\/www.web-rr.de\/GHS-Buecherei\/index.php\/p9783522106009\/'>Preu\u00dfler 7<\/a><\/p><p class='rHLabel2'>Stichw\u00f6rter: <span class='rHText2'>lustig, Spa\u00df, Schildb\u00fcrger<\/span><\/p><p><span class='rHLabel1'>Status: <\/span><span class='rHText1Gruen'>vorhanden<\/span><\/p><p><span class='rHLabel1'>Antolin: <\/span><span class='rHText1Gruen'>ja, Empfehlung Klasse 4<\/span><\/p><\/td><\/td>\n<\/tr>\n<tr>\n<td><td width=30%><a href='https:\/\/www.web-rr.de\/GHS-Buecherei\/index.php\/p2000001021064\/'><img src='https:\/\/www.web-rr.de\/GHS-Buecherei\/wp-content\/uploads\/2000001021064.jpg' alt='' ><\/a><\/td><td><p class='rHTitel'>Die kleine Hexe<\/p><p class='rHLabel2'>von  <span class='rHText2'>Otfried Preussler<\/span><\/p><p><a href='https:\/\/www.web-rr.de\/GHS-Buecherei\/index.php\/p2000001021064\/'>Preu\u00dfler 8<\/a><\/p><p class='rHLabel2'>Stichw\u00f6rter: <span class='rHText2'>Zauber, Hexe<\/span><\/p><p><span class='rHLabel1'>Status: <\/span><span class='rHText1Gruen'>vorhanden<\/span><\/p><p><span class='rHLabel1'>Antolin: <\/span><span class='rHText1Gruen'>ja, Empfehlung Klasse 3<\/span><\/p><\/td><\/td>\n<\/tr>\n<tr>\n<td><td width=30%><a href='https:\/\/www.web-rr.de\/GHS-Buecherei\/index.php\/p9783522183062\/'><img src='https:\/\/www.web-rr.de\/GHS-Buecherei\/wp-content\/uploads\/9783522183062.jpg' alt='' ><\/a><\/td><td><p class='rHTitel'>Das gro\u00dfe H\u00f6rbe-Buch<\/p><p class='rHLabel2'>von  <span class='rHText2'>Otfried Preu\u00dfler<\/span><\/p><p><a href='https:\/\/www.web-rr.de\/GHS-Buecherei\/index.php\/p9783522183062\/'>Preu\u00dfler 9<\/a><\/p><p class='rHLabel2'>Stichw\u00f6rter: <span class='rHText2'>Wichtel, Zwerg<\/span><\/p><p><span class='rHLabel1'>Status: <\/span><span class='rHText1Gruen'>vorhanden<\/span><\/p><p><span class='rHLabel1'>Antolin: <\/span><span class='rHText1Gruen'>ja, Empfehlung Klasse 4<\/span><\/p><\/td><\/td>\n<\/tr>\n<tr>\n<td><td width=30%><a href='https:\/\/www.web-rr.de\/GHS-Buecherei\/index.php\/p9783522183635\/'><img src='https:\/\/www.web-rr.de\/GHS-Buecherei\/wp-content\/uploads\/9783522183635.jpg' alt='' ><\/a><\/td><td><p class='rHTitel'>Der kleine Wassermann, (4-farbig koloriert)<\/p><p class='rHLabel2'>von  <span class='rHText2'>Otfried Preu\u00dfler<\/span><\/p><p><a href='https:\/\/www.web-rr.de\/GHS-Buecherei\/index.php\/p9783522183635\/'>Preu\u00dfler 10<\/a><\/p><p class='rHLabel2'>Stichw\u00f6rter: <span class='rHText2'>Gew\u00e4sser, Wassermann, Teich<\/span><\/p><p><span class='rHLabel1'>Status: <\/span><span class='rHText1Gruen'>vorhanden<\/span><\/p><p><span class='rHLabel1'>Antolin: <\/span><span class='rHText1Gruen'>ja, Empfehlung Klasse 3<\/span><\/p><\/td><\/td>\n<\/tr>\n<\/tbody>\n<\/table>\n","protected":false},"excerpt":{"rendered":"","protected":false},"author":1,"featured_media":0,"parent":0,"menu_order":0,"comment_status":"closed","ping_status":"closed","template":"","meta":[],"_links":{"self":[{"href":"https:\/\/www.web-rr.de\/GHS-Buecherei\/index.php\/wp-json\/wp\/v2\/pages\/5958"}],"collection":[{"href":"https:\/\/www.web-rr.de\/GHS-Buecherei\/index.php\/wp-json\/wp\/v2\/pages"}],"about":[{"href":"https:\/\/www.web-rr.de\/GHS-Buecherei\/index.php\/wp-json\/wp\/v2\/types\/page"}],"author":[{"embeddable":true,"href":"https:\/\/www.web-rr.de\/GHS-Buecherei\/index.php\/wp-json\/wp\/v2\/users\/1"}],"replies":[{"embeddable":true,"href":"https:\/\/www.web-rr.de\/GHS-Buecherei\/index.php\/wp-json\/wp\/v2\/comments?post=5958"}],"version-history":[{"count":0,"href":"https:\/\/www.web-rr.de\/GHS-Buecherei\/index.php\/wp-json\/wp\/v2\/pages\/5958\/revisions"}],"wp:attachment":[{"href":"https:\/\/www.web-rr.de\/GHS-Buecherei\/index.php\/wp-json\/wp\/v2\/media?parent=5958"}],"curies":[{"name":"wp","href":"https:\/\/api.w.org\/{rel}","templated":true}]}}