{"id":5955,"date":"2021-02-25T19:19:03","date_gmt":"2021-02-25T18:19:03","guid":{"rendered":"https:\/\/www.web-rr.de\/GHS-Buecherei\/?page_id=5955"},"modified":"2021-04-28T20:24:53","modified_gmt":"2021-04-28T18:24:53","slug":"boie-chidolue-dahl-ende","status":"publish","type":"page","link":"https:\/\/www.web-rr.de\/GHS-Buecherei\/index.php\/boie-chidolue-dahl-ende\/","title":{"rendered":"Boie\/Chidolue\/Dahl\/Ende"},"content":{"rendered":"<table class=\"wp-block-table alignfull is-style-regular\">\n<tbody>\n<tr>\n<td><td width=30%><a href='https:\/\/www.web-rr.de\/GHS-Buecherei\/index.php\/p9783789131493\/'><img src='https:\/\/www.web-rr.de\/GHS-Buecherei\/wp-content\/uploads\/9783789131493.jpg' alt='' ><\/a><\/td><td><p class='rHTitel'>Geburtstag im  M\u00f6wenweg<\/p><p class='rHLabel2'>von  <span class='rHText2'>Kirsten Boie<\/span><\/p><p><a href='https:\/\/www.web-rr.de\/GHS-Buecherei\/index.php\/p9783789131493\/'>Boie 1<\/a><\/p><p class='rHLabel2'>Stichw\u00f6rter: <span class='rHText2'>Geburtstag<\/span><\/p><p><span class='rHLabel1'>Status: <\/span><span class='rHText1Gruen'>vorhanden<\/span><\/p><p><span class='rHLabel1'>Antolin: <\/span><span class='rHText1Gruen'>ja, Empfehlung Klasse 4<\/span><\/p><\/td><\/td>\n<\/tr>\n<tr>\n<td><td width=30%><a href='https:\/\/www.web-rr.de\/GHS-Buecherei\/index.php\/p9783789131448\/'><img src='https:\/\/www.web-rr.de\/GHS-Buecherei\/wp-content\/uploads\/9783789131448.jpg' alt='' ><\/a><\/td><td><p class='rHTitel'>Sommer im M\u00f6wenweg. Von Boie, Kirsten<\/p><p class='rHLabel2'>von  <span class='rHText2'>Kirsten Boie<\/span><\/p><p><a href='https:\/\/www.web-rr.de\/GHS-Buecherei\/index.php\/p9783789131448\/'>Boie 2<\/a><\/p><p class='rHLabel2'>Stichw\u00f6rter: <span class='rHText2'>Sommer, Freundschaft<\/span><\/p><p><span class='rHLabel1'>Status: <\/span><span class='rHText1Gruen'>vorhanden<\/span><\/p><p><span class='rHLabel1'>Antolin: <\/span><span class='rHText1Gruen'>ja, Empfehlung Klasse 3<\/span><\/p><\/td><\/td>\n<\/tr>\n<tr>\n<td><td width=30%><a href='https:\/\/www.web-rr.de\/GHS-Buecherei\/index.php\/p9783789106002\/'><img src='https:\/\/www.web-rr.de\/GHS-Buecherei\/wp-content\/uploads\/9783789106002.jpg' alt='' ><\/a><\/td><td><p class='rHTitel'>Vielleicht ist Lena in Lennart verliebt: Sonne, Mond und Sterne<\/p><p class='rHLabel2'>von  <span class='rHText2'>Kirsten Boie<\/span><\/p><p><a href='https:\/\/www.web-rr.de\/GHS-Buecherei\/index.php\/p9783789106002\/'>Boie 03<\/a><\/p><p class='rHLabel2'>Stichw\u00f6rter: <span class='rHText2'>Freundschaft, Liebe<\/span><\/p><p><span class='rHLabel1'>Status: <\/span><span class='rHText1Gruen'>vorhanden<\/span><\/p><p><span class='rHLabel1'>Antolin: <\/span><span class='rHText1Gruen'>ja, Empfehlung Klasse 3<\/span><\/p><\/td><\/td>\n<\/tr>\n<tr>\n<td><td width=30%><a href='https:\/\/www.web-rr.de\/GHS-Buecherei\/index.php\/p9783789131639\/'><img src='https:\/\/www.web-rr.de\/GHS-Buecherei\/wp-content\/uploads\/9783789131639.jpg' alt='' ><\/a><\/td><td><p class='rHTitel'>Der kleine Ritter Trenk<\/p><p class='rHLabel2'>von  <span class='rHText2'>Kirsten Boie<\/span><\/p><p><a href='https:\/\/www.web-rr.de\/GHS-Buecherei\/index.php\/p9783789131639\/'>Boie 4<\/a><\/p><p class='rHLabel2'>Stichw\u00f6rter: <span class='rHText2'>Mittelalter, Ritter<\/span><\/p><p><span class='rHLabel1'>Status: <\/span><span class='rHText1Gruen'>vorhanden<\/span><\/p><p><span class='rHLabel1'>Antolin: <\/span><span class='rHText1Gruen'>ja, Empfehlung Klasse 4<\/span><\/p><\/td><\/td>\n<\/tr>\n<tr>\n<td><td width=30%><a href='https:\/\/www.web-rr.de\/GHS-Buecherei\/index.php\/p2000001022146\/'><img src='https:\/\/www.web-rr.de\/GHS-Buecherei\/wp-content\/uploads\/2000001022146.jpg' alt='' ><\/a><\/td><td><p class='rHTitel'>Linnea findet einen Waisenhund<\/p><p class='rHLabel2'>von  <span class='rHText2'>Kirsten Boie<\/span><\/p><p><a href='https:\/\/www.web-rr.de\/GHS-Buecherei\/index.php\/p2000001022146\/'>Boie 05<\/a><\/p><p class='rHLabel2'>Stichw\u00f6rter: <span class='rHText2'>Haustiere<\/span><\/p><p><span class='rHLabel1'>Status: <\/span><span class='rHText1Gruen'>vorhanden<\/span><\/p><p><span class='rHLabel1'>Antolin: <\/span><span class='rHText1Gruen'>ja, Empfehlung Klasse 1<\/span><\/p><\/td><\/td>\n<\/tr>\n<tr>\n<td><td width=30%><a href='https:\/\/www.web-rr.de\/GHS-Buecherei\/index.php\/p9783791503912\/'><img src='https:\/\/www.web-rr.de\/GHS-Buecherei\/wp-content\/uploads\/9783791503912.jpg' alt='' ><\/a><\/td><td><p class='rHTitel'>Millie in London<\/p><p class='rHLabel2'>von  <span class='rHText2'>Dagmar Chidolue<\/span><\/p><p><a href='https:\/\/www.web-rr.de\/GHS-Buecherei\/index.php\/p9783791503912\/'>Chidolue 1<\/a><\/p><p class='rHLabel2'>Stichw\u00f6rter: <span class='rHText2'>Reise, England, London<\/span><\/p><p><span class='rHLabel1'>Status: <\/span><span class='rHText1Gruen'>vorhanden<\/span><\/p><p><span class='rHLabel1'>Antolin: <\/span><span class='rHText1Gruen'>ja, Empfehlung Klasse 4<\/span><\/p><\/td><\/td>\n<\/tr>\n<tr>\n<td><td width=30%><a href='https:\/\/www.web-rr.de\/GHS-Buecherei\/index.php\/p9783596803675\/'><img src='https:\/\/www.web-rr.de\/GHS-Buecherei\/wp-content\/uploads\/9783596803675.jpg' alt='' ><\/a><\/td><td><p class='rHTitel'>Millie geht zur Schule<\/p><p class='rHLabel2'>von  <span class='rHText2'>Dagmar Chidolue<\/span><\/p><p><a href='https:\/\/www.web-rr.de\/GHS-Buecherei\/index.php\/p9783596803675\/'>Chidolue 2<\/a><\/p><p class='rHLabel2'>Stichw\u00f6rter: <span class='rHText2'>Schule<\/span><\/p><p><span class='rHLabel1'>Status: <\/span><span class='rHText1Gruen'>vorhanden<\/span><\/p><p><span class='rHLabel1'>Antolin: <\/span><span class='rHText1Gruen'>ja, Empfehlung Klasse 4<\/span><\/p><\/td><\/td>\n<\/tr>\n<tr>\n<td><td width=30%><a href='https:\/\/www.web-rr.de\/GHS-Buecherei\/index.php\/p9783596805372\/'><img src='https:\/\/www.web-rr.de\/GHS-Buecherei\/wp-content\/uploads\/9783596805372.jpg' alt='' ><\/a><\/td><td><p class='rHTitel'>Millie auf Kreta<\/p><p class='rHLabel2'>von  <span class='rHText2'>Dagmar Chidolue<\/span><\/p><p><a href='https:\/\/www.web-rr.de\/GHS-Buecherei\/index.php\/p9783596805372\/'>Chidolue 3<\/a><\/p><p class='rHLabel2'>Stichw\u00f6rter: <span class='rHText2'>Reise, Griechenland, Kreta, Urlaub, andere L\u00e4nder<\/span><\/p><p><span class='rHLabel1'>Status: <\/span><span class='rHText1Gruen'>vorhanden<\/span><\/p><p><span class='rHLabel1'>Antolin: <\/span><span class='rHText1Gruen'>ja, Empfehlung Klasse 4<\/span><\/p><\/td><\/td>\n<\/tr>\n<tr>\n<td><td width=30%><a href='https:\/\/www.web-rr.de\/GHS-Buecherei\/index.php\/p9783841500779\/'><img src='https:\/\/www.web-rr.de\/GHS-Buecherei\/wp-content\/uploads\/9783841500779.jpg' alt='' ><\/a><\/td><td><p class='rHTitel'>Millie auf Mallorca<\/p><p class='rHLabel2'>von  <span class='rHText2'>Dagmar Chidolue<\/span><\/p><p><a href='https:\/\/www.web-rr.de\/GHS-Buecherei\/index.php\/p9783841500779\/'>Chidolue 4<\/a><\/p><p class='rHLabel2'>Stichw\u00f6rter: <span class='rHText2'>Reise, Spanien, Mallorca, Urlaub, Ferien<\/span><\/p><p><span class='rHLabel1'>Status: <\/span><span class='rHText1Gruen'>vorhanden<\/span><\/p><p><span class='rHLabel1'>Antolin: <\/span><span class='rHText1Gruen'>ja, Empfehlung Klasse 4<\/span><\/p><\/td><\/td>\n<\/tr>\n<tr>\n<td><td width=30%><a href='https:\/\/www.web-rr.de\/GHS-Buecherei\/index.php\/p9783791504087\/'><img src='https:\/\/www.web-rr.de\/GHS-Buecherei\/wp-content\/uploads\/9783791504087.jpg' alt='' ><\/a><\/td><td><p class='rHTitel'>Millie in Afrika<\/p><p class='rHLabel2'>von  <span class='rHText2'>Dagmar Chidolue<\/span><\/p><p><a href='https:\/\/www.web-rr.de\/GHS-Buecherei\/index.php\/p9783791504087\/'>Chidolue 5<\/a><\/p><p class='rHLabel2'>Stichw\u00f6rter: <span class='rHText2'>Urlaub, S\u00fcdafrika, Reise, andere L\u00e4nder<\/span><\/p><p><span class='rHLabel1'>Status: <\/span><span class='rHText1Gruen'>vorhanden<\/span><\/p><p><span class='rHLabel1'>Antolin: <\/span><span class='rHText1Gruen'>ja, Empfehlung Klasse 4<\/span><\/p><\/td><\/td>\n<\/tr>\n<tr>\n<td><td width=30%><a href='https:\/\/www.web-rr.de\/GHS-Buecherei\/index.php\/p9783737355353\/'><img src='https:\/\/www.web-rr.de\/GHS-Buecherei\/wp-content\/uploads\/9783737355353.jpg' alt='' ><\/a><\/td><td><p class='rHTitel'>Millie hat Geburtstag<\/p><p class='rHLabel2'>von  <span class='rHText2'>Dagmar Chidolue<\/span><\/p><p><a href='https:\/\/www.web-rr.de\/GHS-Buecherei\/index.php\/p9783737355353\/'>Chidolue 6<\/a><\/p><p class='rHLabel2'>Stichw\u00f6rter: <span class='rHText2'>Geburtstagsfest, Geburtstagsgeschenk, Prinzessinnenkleid, Aufregung<\/span><\/p><p><span class='rHLabel1'>Status: <\/span><span class='rHText1Gruen'>vorhanden<\/span><\/p><p><span class='rHLabel1'>Antolin: <\/span><span class='rHText1Gruen'>ja, Empfehlung Klasse 4<\/span><\/p><\/td><\/td>\n<\/tr>\n<tr>\n<td><td width=30%><a href='https:\/\/www.web-rr.de\/GHS-Buecherei\/index.php\/p9783499205828\/'><img src='https:\/\/www.web-rr.de\/GHS-Buecherei\/wp-content\/uploads\/9783499205828.jpg' alt='' ><\/a><\/td><td><p class='rHTitel'>Sophiechen und der Riese<\/p><p class='rHLabel2'>von  <span class='rHText2'>Roald Dahl<\/span><\/p><p><a href='https:\/\/www.web-rr.de\/GHS-Buecherei\/index.php\/p9783499205828\/'>Dahl 1<\/a><\/p><p class='rHLabel2'>Stichw\u00f6rter: <span class='rHText2'>Riesen<\/span><\/p><p><span class='rHLabel1'>Status: <\/span><span class='rHText1Gruen'>vorhanden<\/span><\/p><p><span class='rHLabel1'>Antolin: <\/span><span class='rHText1Gruen'>ja, Empfehlung Klasse 5<\/span><\/p><\/td><\/td>\n<\/tr>\n<tr>\n<td><td width=30%><a href='https:\/\/www.web-rr.de\/GHS-Buecherei\/index.php\/p9783499212116\/'><img src='https:\/\/www.web-rr.de\/GHS-Buecherei\/wp-content\/uploads\/9783499212116.jpg' alt='' ><\/a><\/td><td><p class='rHTitel'>Charlie und die Schokoladenfabrik<\/p><p class='rHLabel2'>von  <span class='rHText2'>Roald Dahl<\/span><\/p><p><a href='https:\/\/www.web-rr.de\/GHS-Buecherei\/index.php\/p9783499212116\/'>Dahl 2<\/a><\/p><p class='rHLabel2'>Stichw\u00f6rter: <span class='rHText2'>Fantasie<\/span><\/p><p><span class='rHLabel1'>Status: <\/span><span class='rHText1Gruen'>vorhanden<\/span><\/p><p><span class='rHLabel1'>Antolin: <\/span><span class='rHText1Gruen'>ja, Empfehlung Klasse 4<\/span><\/p><\/td><\/td>\n<\/tr>\n<tr>\n<td><td width=30%><a href='https:\/\/www.web-rr.de\/GHS-Buecherei\/index.php\/p9783499212123\/'><img src='https:\/\/www.web-rr.de\/GHS-Buecherei\/wp-content\/uploads\/9783499212123.jpg' alt='' ><\/a><\/td><td><p class='rHTitel'>Charlie und der gro\u00dfe gl\u00e4serne Fahrstuhl<\/p><p class='rHLabel2'>von  <span class='rHText2'>Roald Dahl<\/span><\/p><p><a href='https:\/\/www.web-rr.de\/GHS-Buecherei\/index.php\/p9783499212123\/'>Dahl 3<\/a><\/p><p class='rHLabel2'>Stichw\u00f6rter: <span class='rHText2'>Fantasie, Weltall, Weltraum, Erfinder, Erfindungen<\/span><\/p><p><span class='rHLabel1'>Status: <\/span><span class='rHText1Gruen'>vorhanden<\/span><\/p><p><span class='rHLabel1'>Antolin: <\/span><span class='rHText1Gruen'>ja, Empfehlung Klasse 4<\/span><\/p><\/td><\/td>\n<\/tr>\n<tr>\n<td><td width=30%><a href='https:\/\/www.web-rr.de\/GHS-Buecherei\/index.php\/p9783499211843\/'><img src='https:\/\/www.web-rr.de\/GHS-Buecherei\/wp-content\/uploads\/9783499211843.jpg' alt='' ><\/a><\/td><td><p class='rHTitel'>Danny oder Die Fasanenjagd<\/p><p class='rHLabel2'>von  <span class='rHText2'>Roald Dahl<\/span><\/p><p><a href='https:\/\/www.web-rr.de\/GHS-Buecherei\/index.php\/p9783499211843\/'>Dahl 4<\/a><\/p><p class='rHLabel2'>Stichw\u00f6rter: <span class='rHText2'>Familie, Jagd<\/span><\/p><p><span class='rHLabel1'>Status: <\/span><span class='rHText1Gruen'>vorhanden<\/span><\/p><p><span class='rHLabel1'>Antolin: <\/span><span class='rHText1Gruen'>ja, Empfehlung Klasse 5<\/span><\/p><\/td><\/td>\n<\/tr>\n<tr>\n<td><td width=30%><a href='https:\/\/www.web-rr.de\/GHS-Buecherei\/index.php\/p9783956402258\/'><img src='https:\/\/www.web-rr.de\/GHS-Buecherei\/wp-content\/uploads\/9783956402258.jpg' alt='' ><\/a><\/td><td><p class='rHTitel'>Hexen hexen<\/p><p class='rHLabel2'>von  <span class='rHText2'>Roald Dahl<\/span><\/p><p><a href='https:\/\/www.web-rr.de\/GHS-Buecherei\/index.php\/p9783956402258\/'>Dahl 05<\/a><\/p><p class='rHLabel2'>Stichw\u00f6rter: <span class='rHText2'>Hexe, Spannung<\/span><\/p><p><span class='rHLabel1'>Status: <\/span><span class='rHText1Gruen'>vorhanden<\/span><\/p><p><span class='rHLabel1'>Antolin: <\/span><span class='rHText1Gruen'>ja, Empfehlung Klasse 4<\/span><\/p><\/td><\/td>\n<\/tr>\n<tr>\n<td><td width=30%><a href='https:\/\/www.web-rr.de\/GHS-Buecherei\/index.php\/p9783328301622\/'><img src='https:\/\/www.web-rr.de\/GHS-Buecherei\/wp-content\/uploads\/9783328301622.jpg' alt='' ><\/a><\/td><td><p class='rHTitel'>Danny, der Weltmeister<\/p><p class='rHLabel2'>von  <span class='rHText2'>Roald Dahl , Quentin Blake<\/span><\/p><p><a href='https:\/\/www.web-rr.de\/GHS-Buecherei\/index.php\/p9783328301622\/'>Dahl 06<\/a><\/p><p class='rHLabel2'>Stichw\u00f6rter: <span class='rHText2'>Familie, Spannung, Lustig, Abenteuer<\/span><\/p><p><span class='rHLabel1'>Status: <\/span><span class='rHText1Gruen'>vorhanden<\/span><\/p><p><span class='rHLabel1'>Antolin: <\/span><span class='rHText1Gruen'>ja, Empfehlung Klasse 4<\/span><\/p><\/td><\/td>\n<\/tr>\n<tr>\n<td><td width=30%><a href='https:\/\/www.web-rr.de\/GHS-Buecherei\/index.php\/p9783522177504\/'><img src='https:\/\/www.web-rr.de\/GHS-Buecherei\/wp-content\/uploads\/9783522177504.jpg' alt='' ><\/a><\/td><td><p class='rHTitel'>Momo<\/p><p class='rHLabel2'>von  <span class='rHText2'>Michael Ende<\/span><\/p><p><a href='https:\/\/www.web-rr.de\/GHS-Buecherei\/index.php\/p9783522177504\/'>Ende 1<\/a><\/p><p class='rHLabel2'>Stichw\u00f6rter: <span class='rHText2'>Momo, Zeit, Fantasie, Philosophie, Stress, Hetzen, Eilen, Erwachsene<\/span><\/p><p><span class='rHLabel1'>Status: <\/span><span class='rHText1Gruen'>vorhanden<\/span><\/p><p><span class='rHLabel1'>Antolin: <\/span><span class='rHText1Gruen'>ja, Empfehlung Klasse 5<\/span><\/p><\/td><\/td>\n<\/tr>\n<tr>\n<td><td width=30%><a href='https:\/\/www.web-rr.de\/GHS-Buecherei\/index.php\/p9783522166102\/'><img src='https:\/\/www.web-rr.de\/GHS-Buecherei\/wp-content\/uploads\/9783522166102.jpg' alt='' ><\/a><\/td><td><p class='rHTitel'>Der satanarch\u00e4ol\u00fcgenialkoh\u00f6llische Wunschpunsch<\/p><p class='rHLabel2'>von  <span class='rHText2'>Michael Ende<\/span><\/p><p><a href='https:\/\/www.web-rr.de\/GHS-Buecherei\/index.php\/p9783522166102\/'>Ende 2<\/a><\/p><p class='rHLabel2'>Stichw\u00f6rter: <span class='rHText2'>Zauber, Magie, lustig, Spa\u00df, Silvester<\/span><\/p><p><span class='rHLabel1'>Status: <\/span><span class='rHText1Gruen'>vorhanden<\/span><\/p><p><span class='rHLabel1'>Antolin: <\/span><span class='rHText1Gruen'>ja, Empfehlung Klasse 6<\/span><\/p><\/td><\/td>\n<\/tr>\n<tr>\n<td><td width=30%><a href='https:\/\/www.web-rr.de\/GHS-Buecherei\/index.php\/p9783522176507\/'><img src='https:\/\/www.web-rr.de\/GHS-Buecherei\/wp-content\/uploads\/9783522176507.jpg' alt='' ><\/a><\/td><td><p class='rHTitel'>Jim Knopf und Lukas der Lokomotivf\u00fchrer.<\/p><p class='rHLabel2'>von  <span class='rHText2'>Michael Ende<\/span><\/p><p><a href='https:\/\/www.web-rr.de\/GHS-Buecherei\/index.php\/p9783522176507\/'>Ende 3<\/a><\/p><p class='rHLabel2'>Stichw\u00f6rter: <span class='rHText2'>Jim Knopf, Lummerland<\/span><\/p><p><span class='rHLabel1'>Status: <\/span><span class='rHText1Gruen'>vorhanden<\/span><\/p><p><span class='rHLabel1'>Antolin: <\/span><span class='rHText1Gruen'>ja, Empfehlung Klasse 4<\/span><\/p><\/td><\/td>\n<\/tr>\n<\/tbody>\n<\/table>\n","protected":false},"excerpt":{"rendered":"","protected":false},"author":1,"featured_media":0,"parent":0,"menu_order":0,"comment_status":"closed","ping_status":"closed","template":"","meta":[],"_links":{"self":[{"href":"https:\/\/www.web-rr.de\/GHS-Buecherei\/index.php\/wp-json\/wp\/v2\/pages\/5955"}],"collection":[{"href":"https:\/\/www.web-rr.de\/GHS-Buecherei\/index.php\/wp-json\/wp\/v2\/pages"}],"about":[{"href":"https:\/\/www.web-rr.de\/GHS-Buecherei\/index.php\/wp-json\/wp\/v2\/types\/page"}],"author":[{"embeddable":true,"href":"https:\/\/www.web-rr.de\/GHS-Buecherei\/index.php\/wp-json\/wp\/v2\/users\/1"}],"replies":[{"embeddable":true,"href":"https:\/\/www.web-rr.de\/GHS-Buecherei\/index.php\/wp-json\/wp\/v2\/comments?post=5955"}],"version-history":[{"count":0,"href":"https:\/\/www.web-rr.de\/GHS-Buecherei\/index.php\/wp-json\/wp\/v2\/pages\/5955\/revisions"}],"wp:attachment":[{"href":"https:\/\/www.web-rr.de\/GHS-Buecherei\/index.php\/wp-json\/wp\/v2\/media?parent=5955"}],"curies":[{"name":"wp","href":"https:\/\/api.w.org\/{rel}","templated":true}]}}