{"id":5940,"date":"2021-02-25T18:54:52","date_gmt":"2021-02-25T17:54:52","guid":{"rendered":"https:\/\/www.web-rr.de\/GHS-Buecherei\/?page_id=5940"},"modified":"2021-05-25T00:28:25","modified_gmt":"2021-05-24T22:28:25","slug":"funke","status":"publish","type":"page","link":"https:\/\/www.web-rr.de\/GHS-Buecherei\/index.php\/funke\/","title":{"rendered":"Funke, Cornelia"},"content":{"rendered":"<table class=\"wp-block-table alignfull is-style-regular\">\n<tbody>\n<tr>\n<td><td width=30%><a href='https:\/\/www.web-rr.de\/GHS-Buecherei\/index.php\/p9783791504452\/'><img src='https:\/\/www.web-rr.de\/GHS-Buecherei\/wp-content\/uploads\/9783791504452.jpg' alt='' ><\/a><\/td><td><p class='rHTitel'>Die Wilden H\u00fchner: Die wilden H\u00fchner: Bd 1<\/p><p class='rHLabel2'>von  <span class='rHText2'>Cornelia Funke<\/span><\/p><p><a href='https:\/\/www.web-rr.de\/GHS-Buecherei\/index.php\/p9783791504452\/'>Funke 1<\/a><\/p><p class='rHLabel2'>Stichw\u00f6rter: <span class='rHText2'>Freundschaft, M\u00e4dchen, Bande<\/span><\/p><p><span class='rHLabel1'>Status: <\/span><span class='rHText1Gruen'>vorhanden<\/span><\/p><p><span class='rHLabel1'>Antolin: <\/span><span class='rHText1Gruen'>ja, Empfehlung Klasse 5<\/span><\/p><\/td><\/td>\n<\/tr>\n<tr>\n<td><td width=30%><a href='https:\/\/www.web-rr.de\/GHS-Buecherei\/index.php\/p9783791504568\/'><img src='https:\/\/www.web-rr.de\/GHS-Buecherei\/wp-content\/uploads\/9783791504568.jpg' alt='' ><\/a><\/td><td><p class='rHTitel'>Die Wilden H\u00fchner. Fuchsalarm: BD 3<\/p><p class='rHLabel2'>von  <span class='rHText2'>Cornelia Funke<\/span><\/p><p><a href='https:\/\/www.web-rr.de\/GHS-Buecherei\/index.php\/p9783791504568\/'>Funke 2<\/a><\/p><p class='rHLabel2'>Stichw\u00f6rter: <span class='rHText2'>Freundschaft, Bande, M\u00e4dchen<\/span><\/p><p><span class='rHLabel1'>Status: <\/span><span class='rHText1Gruen'>vorhanden<\/span><\/p><p><span class='rHLabel1'>Antolin: <\/span><span class='rHText1Gruen'>ja, Empfehlung Klasse 5<\/span><\/p><\/td><\/td>\n<\/tr>\n<tr>\n<td><td width=30%><a href='https:\/\/www.web-rr.de\/GHS-Buecherei\/index.php\/p9783791504513\/'><img src='https:\/\/www.web-rr.de\/GHS-Buecherei\/wp-content\/uploads\/9783791504513.jpg' alt='' ><\/a><\/td><td><p class='rHTitel'>Die wilden H\u00fchner auf Klassenfahrt: BD 2<\/p><p class='rHLabel2'>von  <span class='rHText2'>Cornelia Funke<\/span><\/p><p><a href='https:\/\/www.web-rr.de\/GHS-Buecherei\/index.php\/p9783791504513\/'>Funke 3<\/a><\/p><p class='rHLabel2'>Stichw\u00f6rter: <span class='rHText2'>Freundschaft, M\u00e4dchen, Bande, spannend, Schule, Klassenfahrt<\/span><\/p><p><span class='rHLabel1'>Status: <\/span><span class='rHText1Gruen'>vorhanden<\/span><\/p><p><span class='rHLabel1'>Antolin: <\/span><span class='rHText1Gruen'>ja, Empfehlung Klasse 5<\/span><\/p><\/td><\/td>\n<\/tr>\n<tr>\n<td><td width=30%><a href='https:\/\/www.web-rr.de\/GHS-Buecherei\/index.php\/p9783791504469\/'><img src='https:\/\/www.web-rr.de\/GHS-Buecherei\/wp-content\/uploads\/9783791504469.jpg' alt='' ><\/a><\/td><td><p class='rHTitel'>Zwei wilde kleine Hexen<\/p><p class='rHLabel2'>von  <span class='rHText2'>Cornelia Funke<\/span><\/p><p><a href='https:\/\/www.web-rr.de\/GHS-Buecherei\/index.php\/p9783791504469\/'>Funke 4<\/a><\/p><p class='rHLabel2'>Stichw\u00f6rter: <span class='rHText2'>Hexen<\/span><\/p><p><span class='rHLabel1'>Status: <\/span><span class='rHText1Gruen'>vorhanden<\/span><\/p><p><span class='rHLabel1'>Antolin: <\/span><span class='rHText1Gruen'>ja, Empfehlung Klasse 4<\/span><\/p><\/td><\/td>\n<\/tr>\n<tr>\n<td><td width=30%><a href='https:\/\/www.web-rr.de\/GHS-Buecherei\/index.php\/p9783791504599\/'><img src='https:\/\/www.web-rr.de\/GHS-Buecherei\/wp-content\/uploads\/9783791504599.jpg' alt='' ><\/a><\/td><td><p class='rHTitel'>Die Wilden H\u00fchner und das Gl\u00fcck der Erde: BD 4<\/p><p class='rHLabel2'>von  <span class='rHText2'>Cornelia Funke<\/span><\/p><p><a href='https:\/\/www.web-rr.de\/GHS-Buecherei\/index.php\/p9783791504599\/'>Funke 5<\/a><\/p><p class='rHLabel2'>Stichw\u00f6rter: <span class='rHText2'>M\u00e4dchen, Freundschaft, Ferien, Reiten, Pferde, Bande, Liebe<\/span><\/p><p><span class='rHLabel1'>Status: <\/span><span class='rHText1Gruen'>vorhanden<\/span><\/p><p><span class='rHLabel1'>Antolin: <\/span><span class='rHText1Gruen'>ja, Empfehlung Klasse 5<\/span><\/p><\/td><\/td>\n<\/tr>\n<tr>\n<td><td width=30%><a href='https:\/\/www.web-rr.de\/GHS-Buecherei\/index.php\/p9783791504711\/'><img src='https:\/\/www.web-rr.de\/GHS-Buecherei\/wp-content\/uploads\/9783791504711.jpg' alt='' ><\/a><\/td><td><p class='rHTitel'>Igraine Ohnefurcht. Von Funke, Cornelia<\/p><p class='rHLabel2'>von  <span class='rHText2'>Cornelia Funke<\/span><\/p><p><a href='https:\/\/www.web-rr.de\/GHS-Buecherei\/index.php\/p9783791504711\/'>Funke 6<\/a><\/p><p class='rHLabel2'>Stichw\u00f6rter: <span class='rHText2'>Ritter, Mittelalter, starke Frauen<\/span><\/p><p><span class='rHLabel1'>Status: <\/span><span class='rHText1Gruen'>vorhanden<\/span><\/p><p><span class='rHLabel1'>Antolin: <\/span><span class='rHText1Gruen'>ja, Empfehlung Klasse 4<\/span><\/p><\/td><\/td>\n<\/tr>\n<tr>\n<td><td width=30%><a href='https:\/\/www.web-rr.de\/GHS-Buecherei\/index.php\/p9783791504629\/'><img src='https:\/\/www.web-rr.de\/GHS-Buecherei\/wp-content\/uploads\/9783791504629.jpg' alt='' ><\/a><\/td><td><p class='rHTitel'>Emma und der Blaue Dschinn<\/p><p class='rHLabel2'>von  <span class='rHText2'>Cornelia Funke<\/span><\/p><p><a href='https:\/\/www.web-rr.de\/GHS-Buecherei\/index.php\/p9783791504629\/'>Funke 7<\/a><\/p><p class='rHLabel2'>Stichw\u00f6rter: <span class='rHText2'>Orient, Morgenland, Flaschengeist<\/span><\/p><p><span class='rHLabel1'>Status: <\/span><span class='rHText1Gruen'>vorhanden<\/span><\/p><p><span class='rHLabel1'>Antolin: <\/span><span class='rHText1Gruen'>ja, Empfehlung Klasse 4<\/span><\/p><\/td><\/td>\n<\/tr>\n<tr>\n<td><td width=30%><a href='https:\/\/www.web-rr.de\/GHS-Buecherei\/index.php\/p9783791504667\/'><img src='https:\/\/www.web-rr.de\/GHS-Buecherei\/wp-content\/uploads\/9783791504667.jpg' alt='' ><\/a><\/td><td><p class='rHTitel'>Potilla. Von Funke, Cornelia<\/p><p class='rHLabel2'>von  <span class='rHText2'>Cornelia Funke<\/span><\/p><p><a href='https:\/\/www.web-rr.de\/GHS-Buecherei\/index.php\/p9783791504667\/'>Funke 8<\/a><\/p><p class='rHLabel2'>Stichw\u00f6rter: <span class='rHText2'><\/span><\/p><p><span class='rHLabel1'>Status: <\/span><span class='rHText1Gruen'>vorhanden<\/span><\/p><p><span class='rHLabel1'>Antolin: <\/span><span class='rHText1Gruen'>ja, Empfehlung Klasse 4<\/span><\/p><\/td><\/td>\n<\/tr>\n<tr>\n<td><td width=30%><a href='https:\/\/www.web-rr.de\/GHS-Buecherei\/index.php\/p9783791504612\/'><img src='https:\/\/www.web-rr.de\/GHS-Buecherei\/wp-content\/uploads\/9783791504612.jpg' alt='' ><\/a><\/td><td><p class='rHTitel'>Als der Weihnachtsmann vom Himmel fiel<\/p><p class='rHLabel2'>von  <span class='rHText2'>Cornelia Funke<\/span><\/p><p><a href='https:\/\/www.web-rr.de\/GHS-Buecherei\/index.php\/p9783791504612\/'>Funke 9<\/a><\/p><p class='rHLabel2'>Stichw\u00f6rter: <span class='rHText2'>Weihnachten, Weihnachtsmann<\/span><\/p><p><span class='rHLabel1'>Status: <\/span><span class='rHText1Gruen'>vorhanden<\/span><\/p><p><span class='rHLabel1'>Antolin: <\/span><span class='rHText1Gruen'>ja, Empfehlung Klasse 3<\/span><\/p><\/td><\/td>\n<\/tr>\n<tr>\n<td><td width=30%><a href='https:\/\/www.web-rr.de\/GHS-Buecherei\/index.php\/p9783791504735\/'><img src='https:\/\/www.web-rr.de\/GHS-Buecherei\/wp-content\/uploads\/9783791504735.jpg' alt='' ><\/a><\/td><td><p class='rHTitel'>H\u00e4nde weg von Mississippi!. Von Funke,<\/p><p class='rHLabel2'>von  <span class='rHText2'>Cornelia Funke<\/span><\/p><p><a href='https:\/\/www.web-rr.de\/GHS-Buecherei\/index.php\/p9783791504735\/'>Funke 10<\/a><\/p><p class='rHLabel2'>Stichw\u00f6rter: <span class='rHText2'>Pferde, Reiten, Krimi<\/span><\/p><p><span class='rHLabel1'>Status: <\/span><span class='rHText1Gruen'>vorhanden<\/span><\/p><p><span class='rHLabel1'>Antolin: <\/span><span class='rHText1Gruen'>ja, Empfehlung Klasse 4<\/span><\/p><\/td><\/td>\n<\/tr>\n<tr>\n<td><td width=30%><a href='https:\/\/www.web-rr.de\/GHS-Buecherei\/index.php\/p2000001020449\/'><img src='https:\/\/www.web-rr.de\/GHS-Buecherei\/wp-content\/uploads\/2000001020449.jpg' alt='' ><\/a><\/td><td><p class='rHTitel'>Die sch\u00f6nsten Erstlesegeschichten von Cornelia Funke<\/p><p class='rHLabel2'>von  <span class='rHText2'>Cornelia Funke<\/span><\/p><p><a href='https:\/\/www.web-rr.de\/GHS-Buecherei\/index.php\/p2000001020449\/'>Funke 11<\/a><\/p><p class='rHLabel2'>Stichw\u00f6rter: <span class='rHText2'><\/span><\/p><p><span class='rHLabel1'>Status: <\/span><span class='rHText1Gruen'>vorhanden<\/span><\/p><p><span class='rHLabel1'>Antolin: <\/span><span class='rHText1Gruen'>ja, Empfehlung Klasse 2<\/span><\/p><\/td><\/td>\n<\/tr>\n<tr>\n<td><td width=30%><a href='https:\/\/www.web-rr.de\/GHS-Buecherei\/index.php\/p2000001021262\/'><img src='https:\/\/www.web-rr.de\/GHS-Buecherei\/wp-content\/uploads\/2000001021262.jpg' alt='' ><\/a><\/td><td><p class='rHTitel'>Die Wilden H\u00fchner: Die wilden H\u00fchner: Bd 1<\/p><p class='rHLabel2'>von  <span class='rHText2'>Cornelia Funke<\/span><\/p><p><a href='https:\/\/www.web-rr.de\/GHS-Buecherei\/index.php\/p2000001021262\/'>Funke 12<\/a><\/p><p class='rHLabel2'>Stichw\u00f6rter: <span class='rHText2'>Freundschaft, M\u00e4dchen, Bande<\/span><\/p><p><span class='rHLabel1'>Status: <\/span><span class='rHText1Gruen'>vorhanden<\/span><\/p><p><span class='rHLabel1'>Antolin: <\/span><span class='rHText1Gruen'>ja, Empfehlung Klasse 5<\/span><\/p><\/td><\/td>\n<\/tr>\n<tr>\n<td><td width=30%><a href='https:\/\/www.web-rr.de\/GHS-Buecherei\/index.php\/p2000001021323\/'><img src='https:\/\/www.web-rr.de\/GHS-Buecherei\/wp-content\/uploads\/2000001021323.jpg' alt='' ><\/a><\/td><td><p class='rHTitel'>Die wilden H\u00fchner auf Klassenfahrt: BD 2<\/p><p class='rHLabel2'>von  <span class='rHText2'>Cornelia Funke<\/span><\/p><p><a href='https:\/\/www.web-rr.de\/GHS-Buecherei\/index.php\/p2000001021323\/'>Funke 13<\/a><\/p><p class='rHLabel2'>Stichw\u00f6rter: <span class='rHText2'>Freundschaft, M\u00e4dchen, Bande, spannend, Schule, Klassenfahrt<\/span><\/p><p><span class='rHLabel1'>Status: <\/span><span class='rHText1Gruen'>vorhanden<\/span><\/p><p><span class='rHLabel1'>Antolin: <\/span><span class='rHText1Gruen'>ja, Empfehlung Klasse 5<\/span><\/p><\/td><\/td>\n<\/tr>\n<tr>\n<td><td width=30%><a href='https:\/\/www.web-rr.de\/GHS-Buecherei\/index.php\/p2000001021316\/'><img src='https:\/\/www.web-rr.de\/GHS-Buecherei\/wp-content\/uploads\/2000001021316.jpg' alt='' ><\/a><\/td><td><p class='rHTitel'>Die Wilden H\u00fchner. Fuchsalarm: BD 3<\/p><p class='rHLabel2'>von  <span class='rHText2'>Cornelia Funke<\/span><\/p><p><a href='https:\/\/www.web-rr.de\/GHS-Buecherei\/index.php\/p2000001021316\/'>Funke 14<\/a><\/p><p class='rHLabel2'>Stichw\u00f6rter: <span class='rHText2'>Freundschaft, Bande, M\u00e4dchen<\/span><\/p><p><span class='rHLabel1'>Status: <\/span><span class='rHText1Gruen'>vorhanden<\/span><\/p><p><span class='rHLabel1'>Antolin: <\/span><span class='rHText1Gruen'>ja, Empfehlung Klasse 5<\/span><\/p><\/td><\/td>\n<\/tr>\n<tr>\n<td><td width=30%><a href='https:\/\/www.web-rr.de\/GHS-Buecherei\/index.php\/p2000001021279\/'><img src='https:\/\/www.web-rr.de\/GHS-Buecherei\/wp-content\/uploads\/2000001021279.jpg' alt='' ><\/a><\/td><td><p class='rHTitel'>Die Wilden H\u00fchner und das Gl\u00fcck der Erde: BD 4<\/p><p class='rHLabel2'>von  <span class='rHText2'>Cornelia Funke<\/span><\/p><p><a href='https:\/\/www.web-rr.de\/GHS-Buecherei\/index.php\/p2000001021279\/'>Funke 15<\/a><\/p><p class='rHLabel2'>Stichw\u00f6rter: <span class='rHText2'>M\u00e4dchen, Freundschaft, Ferien, Reiten, Pferde, Bande, Liebe<\/span><\/p><p><span class='rHLabel1'>Status: <\/span><span class='rHText1Gruen'>vorhanden<\/span><\/p><p><span class='rHLabel1'>Antolin: <\/span><span class='rHText1Gruen'>ja, Empfehlung Klasse 5<\/span><\/p><\/td><\/td>\n<\/tr>\n<tr>\n<td><td width=30%><a href='https:\/\/www.web-rr.de\/GHS-Buecherei\/index.php\/p9783791519142\/'><img src='https:\/\/www.web-rr.de\/GHS-Buecherei\/wp-content\/uploads\/9783791519142.jpg' alt='' ><\/a><\/td><td><p class='rHTitel'>Cornelia Funkes Die Wilden H\u00fchner und das Leben: Mit Filmbildern<\/p><p class='rHLabel2'>von  <span class='rHText2'>Thomas Schmid<\/span><\/p><p><a href='https:\/\/www.web-rr.de\/GHS-Buecherei\/index.php\/p9783791519142\/'>Funke 16<\/a><\/p><p class='rHLabel2'>Stichw\u00f6rter: <span class='rHText2'>Klassenfahrt, Freundin, M\u00e4dchenbande<\/span><\/p><p><span class='rHLabel1'>Status: <\/span><span class='rHText1Gruen'>vorhanden<\/span><\/p><p><span class='rHLabel1'>Antolin: <\/span><span class='rHText1Gruen'>ja, Empfehlung Klasse 7<\/span><\/p><\/td><\/td>\n<\/tr>\n<tr>\n<td><td width=30%><a href='https:\/\/www.web-rr.de\/GHS-Buecherei\/index.php\/p9783791504582\/'><img src='https:\/\/www.web-rr.de\/GHS-Buecherei\/wp-content\/uploads\/9783791504582.jpg' alt='' ><\/a><\/td><td><p class='rHTitel'>Das Piratenschwein<\/p><p class='rHLabel2'>von  <span class='rHText2'>Cornelia Funke<\/span><\/p><p><a href='https:\/\/www.web-rr.de\/GHS-Buecherei\/index.php\/p9783791504582\/'>Funke 17<\/a><\/p><p class='rHLabel2'>Stichw\u00f6rter: <span class='rHText2'>Klasse 2, Seeb\u00e4ren, Piraten, Schatz<\/span><\/p><p><span class='rHLabel1'>Status: <\/span><span class='rHText1Gruen'>vorhanden<\/span><\/p><p><span class='rHLabel1'>Antolin: <\/span><span class='rHText1Gruen'>ja, Empfehlung Klasse 2<\/span><\/p><\/td><\/td>\n<\/tr>\n<tr>\n<td><td width=30%><a href='https:\/\/www.web-rr.de\/GHS-Buecherei\/index.php\/p9783596852260\/'><img src='https:\/\/www.web-rr.de\/GHS-Buecherei\/wp-content\/uploads\/9783596852260.jpg' alt='' ><\/a><\/td><td><p class='rHTitel'>Das Monster vom blauen Planeten<\/p><p class='rHLabel2'>von  <span class='rHText2'>Cornelia Funke<\/span><\/p><p><a href='https:\/\/www.web-rr.de\/GHS-Buecherei\/index.php\/p9783596852260\/'>Funke 18<\/a><\/p><p class='rHLabel2'>Stichw\u00f6rter: <span class='rHText2'>Klasse 2, Planet, Menschenmonster, Freunde, Haustiere, Toleranz, Respekt, Andersartige<\/span><\/p><p><span class='rHLabel1'>Status: <\/span><span class='rHText1Gruen'>vorhanden<\/span><\/p><p><span class='rHLabel1'>Antolin: <\/span><span class='rHText1Gruen'>ja, Empfehlung Klasse 2<\/span><\/p><\/td><\/td>\n<\/tr>\n<tr>\n<td><td width=30%><a href='https:\/\/www.web-rr.de\/GHS-Buecherei\/index.php\/p9783791504681\/'><img src='https:\/\/www.web-rr.de\/GHS-Buecherei\/wp-content\/uploads\/9783791504681.jpg' alt='' ><\/a><\/td><td><p class='rHTitel'>Zottelkralle<\/p><p class='rHLabel2'>von  <span class='rHText2'>Cornelia Funke<\/span><\/p><p><a href='https:\/\/www.web-rr.de\/GHS-Buecherei\/index.php\/p9783791504681\/'>Funke 19<\/a><\/p><p class='rHLabel2'>Stichw\u00f6rter: <span class='rHText2'>Monster, Chaos, M\u00fcllhalde, Kalli, gefr\u00e4\u00dfig, faul, chaotisch<\/span><\/p><p><span class='rHLabel1'>Status: <\/span><span class='rHText1Gruen'>vorhanden<\/span><\/p><p><span class='rHLabel1'>Antolin: <\/span><span class='rHText1Gruen'>ja, Empfehlung Klasse 4<\/span><\/p><\/td><\/td>\n<\/tr>\n<tr>\n<td><td width=30%><a href='https:\/\/www.web-rr.de\/GHS-Buecherei\/index.php\/p9783841502940\/'><img src='https:\/\/www.web-rr.de\/GHS-Buecherei\/wp-content\/uploads\/9783841502940.jpg' alt='' ><\/a><\/td><td><p class='rHTitel'>Herr der Diebe<\/p><p class='rHLabel2'>von  <span class='rHText2'>Cornelia Funke<\/span><\/p><p><a href='https:\/\/www.web-rr.de\/GHS-Buecherei\/index.php\/p9783841502940\/'>Funke 20<\/a><\/p><p class='rHLabel2'>Stichw\u00f6rter: <span class='rHText2'>Gefahr, Detektiv, Spannung, Venedig, Kinderbande<\/span><\/p><p><span class='rHLabel1'>Status: <\/span><span class='rHText1Gruen'>vorhanden<\/span><\/p><p><span class='rHLabel1'>Antolin: <\/span><span class='rHText1Gruen'>ja, Empfehlung Klasse 7<\/span><\/p><\/td><\/td>\n<\/tr>\n<tr>\n<td><td width=30%><a href='https:\/\/www.web-rr.de\/GHS-Buecherei\/index.php\/p2000001022160\/'><img src='https:\/\/www.web-rr.de\/GHS-Buecherei\/wp-content\/uploads\/2000001022160.jpg' alt='' ><\/a><\/td><td><p class='rHTitel'>Das Pferd des Grafen<\/p><p class='rHLabel2'>von  <span class='rHText2'>Cornellia Funke, Sara-Christin Richter<\/span><\/p><p><a href='https:\/\/www.web-rr.de\/GHS-Buecherei\/index.php\/p2000001022160\/'>Funke 21<\/a><\/p><p class='rHLabel2'>Stichw\u00f6rter: <span class='rHText2'>Pferde, Feen, Tiere, Wunder, Fantasie<\/span><\/p><p><span class='rHLabel1'>Status: <\/span><span class='rHText1Gruen'>vorhanden<\/span><\/p><p><span class='rHLabel1'>Antolin: <\/span><span class='rHText1Rot'>Quiz nicht vorhanden.<\/span><\/p><\/td><\/td>\n<\/tr>\n<tr>\n<td><td width=30%><a href='https:\/\/www.web-rr.de\/GHS-Buecherei\/index.php\/p9783785574874\/'><img src='https:\/\/www.web-rr.de\/GHS-Buecherei\/wp-content\/uploads\/9783785574874.jpg' alt='' ><\/a><\/td><td><p class='rHTitel'>Der Mondscheindrache<\/p><p class='rHLabel2'>von  <span class='rHText2'>Cornelia Funke<\/span><\/p><p><a href='https:\/\/www.web-rr.de\/GHS-Buecherei\/index.php\/p9783785574874\/'>Funke 22<\/a><\/p><p class='rHLabel2'>Stichw\u00f6rter: <span class='rHText2'>Drache, Ritter, Gefahr, Abenteuer, Spannung, Mut<\/span><\/p><p><span class='rHLabel1'>Status: <\/span><span class='rHText1Rot'>ausgeliehen<\/span><\/p><p><span class='rHLabel1'>Antolin: <\/span><span class='rHText1Gruen'>ja, Empfehlung Klasse 2<\/span><\/p><\/td><\/td>\n<\/tr>\n<\/tbody>\n<\/table>\n","protected":false},"excerpt":{"rendered":"","protected":false},"author":1,"featured_media":0,"parent":0,"menu_order":0,"comment_status":"closed","ping_status":"closed","template":"","meta":[],"_links":{"self":[{"href":"https:\/\/www.web-rr.de\/GHS-Buecherei\/index.php\/wp-json\/wp\/v2\/pages\/5940"}],"collection":[{"href":"https:\/\/www.web-rr.de\/GHS-Buecherei\/index.php\/wp-json\/wp\/v2\/pages"}],"about":[{"href":"https:\/\/www.web-rr.de\/GHS-Buecherei\/index.php\/wp-json\/wp\/v2\/types\/page"}],"author":[{"embeddable":true,"href":"https:\/\/www.web-rr.de\/GHS-Buecherei\/index.php\/wp-json\/wp\/v2\/users\/1"}],"replies":[{"embeddable":true,"href":"https:\/\/www.web-rr.de\/GHS-Buecherei\/index.php\/wp-json\/wp\/v2\/comments?post=5940"}],"version-history":[{"count":0,"href":"https:\/\/www.web-rr.de\/GHS-Buecherei\/index.php\/wp-json\/wp\/v2\/pages\/5940\/revisions"}],"wp:attachment":[{"href":"https:\/\/www.web-rr.de\/GHS-Buecherei\/index.php\/wp-json\/wp\/v2\/media?parent=5940"}],"curies":[{"name":"wp","href":"https:\/\/api.w.org\/{rel}","templated":true}]}}