{"id":5924,"date":"2021-02-25T18:36:06","date_gmt":"2021-02-25T17:36:06","guid":{"rendered":"https:\/\/www.web-rr.de\/GHS-Buecherei\/?page_id=5924"},"modified":"2021-04-28T21:29:09","modified_gmt":"2021-04-28T19:29:09","slug":"plattdeutsch","status":"publish","type":"page","link":"https:\/\/www.web-rr.de\/GHS-Buecherei\/index.php\/plattdeutsch\/","title":{"rendered":"Plattdeutsch"},"content":{"rendered":"<table class=\"wp-block-table alignfull is-style-regular\">\n<tbody>\n<tr>\n<td><td width=30%><a href='https:\/\/www.web-rr.de\/GHS-Buecherei\/index.php\/p9783980713283\/'><img src='https:\/\/www.web-rr.de\/GHS-Buecherei\/wp-content\/uploads\/9783980713283.jpg' alt='' ><\/a><\/td><td><p class='rHTitel'>Wenn de S\u00fcnn m\u00f6\u00f6d slapen geiht...:'n Book f\u00f6r l\u00fcttje L\u00fc\u00fcd, de na Bett hin sch\u00fcllt<\/p><p class='rHLabel2'>von  <span class='rHText2'>Birgit Lemmermann<\/span><\/p><p><a href='https:\/\/www.web-rr.de\/GHS-Buecherei\/index.php\/p9783980713283\/'>Plattdeutsch 1<\/a><\/p><p class='rHLabel2'>Stichw\u00f6rter: <span class='rHText2'>Gutenacht, Gute-Nacht<\/span><\/p><p><span class='rHLabel1'>Status: <\/span><span class='rHText1Gruen'>vorhanden<\/span><\/p><p><span class='rHLabel1'>Antolin: <\/span><span class='rHText1Rot'>Quiz nicht vorhanden.<\/span><\/p><\/td><\/td>\n<\/tr>\n<tr>\n<td><td width=30%><a href='https:\/\/www.web-rr.de\/GHS-Buecherei\/index.php\/p9783980138840\/'><img src='https:\/\/www.web-rr.de\/GHS-Buecherei\/wp-content\/uploads\/9783980138840.jpg' alt='' ><\/a><\/td><td><p class='rHTitel'>Ut'n Leven von Emil<\/p><p class='rHLabel2'>von  <span class='rHText2'>Birgit Lemmermann<\/span><\/p><p><a href='https:\/\/www.web-rr.de\/GHS-Buecherei\/index.php\/p9783980138840\/'>Plattdeutsch 2<\/a><\/p><p class='rHLabel2'>Stichw\u00f6rter: <span class='rHText2'>Teddy, Kuscheltier, Alltag<\/span><\/p><p><span class='rHLabel1'>Status: <\/span><span class='rHText1Gruen'>vorhanden<\/span><\/p><p><span class='rHLabel1'>Antolin: <\/span><span class='rHText1Rot'>Quiz nicht vorhanden.<\/span><\/p><\/td><\/td>\n<\/tr>\n<tr>\n<td><td width=30%><a href='https:\/\/www.web-rr.de\/GHS-Buecherei\/index.php\/p9783980138857\/'><img src='https:\/\/www.web-rr.de\/GHS-Buecherei\/wp-content\/uploads\/9783980138857.jpg' alt='' ><\/a><\/td><td><p class='rHTitel'>Ut de Kinnertiet von Emil:'n Book f\u00f6r l\u00fcttje L\u00fc\u00fcd un Grote<\/p><p class='rHLabel2'>von  <span class='rHText2'>Birgit Lemmermann<\/span><\/p><p><a href='https:\/\/www.web-rr.de\/GHS-Buecherei\/index.php\/p9783980138857\/'>Plattdeutsch 3<\/a><\/p><p class='rHLabel2'>Stichw\u00f6rter: <span class='rHText2'><\/span><\/p><p><span class='rHLabel1'>Status: <\/span><span class='rHText1Gruen'>vorhanden<\/span><\/p><p><span class='rHLabel1'>Antolin: <\/span><span class='rHText1Rot'>Quiz nicht vorhanden.<\/span><\/p><\/td><\/td>\n<\/tr>\n<tr>\n<td><td width=30%><a href='https:\/\/www.web-rr.de\/GHS-Buecherei\/index.php\/p9783833729379\/'><img src='https:\/\/www.web-rr.de\/GHS-Buecherei\/wp-content\/uploads\/9783833729379.jpg' alt='' ><\/a><\/td><td><p class='rHTitel'>Emily und das Meer \/ Emily un dat Meer<\/p><p class='rHLabel2'>von  <span class='rHText2'>Andrea Reitmeyer<\/span><\/p><p><a href='https:\/\/www.web-rr.de\/GHS-Buecherei\/index.php\/p9783833729379\/'>Plattdeutsch 4<\/a><\/p><p class='rHLabel2'>Stichw\u00f6rter: <span class='rHText2'>Meer, Nordsee<\/span><\/p><p><span class='rHLabel1'>Status: <\/span><span class='rHText1Gruen'>vorhanden<\/span><\/p><p><span class='rHLabel1'>Antolin: <\/span><span class='rHText1Gruen'>ja, Empfehlung Klasse 2<\/span><\/p><\/td><\/td>\n<\/tr>\n<tr>\n<td><td width=30%><a href='https:\/\/www.web-rr.de\/GHS-Buecherei\/index.php\/p2000001000823\/'><img src='https:\/\/www.web-rr.de\/GHS-Buecherei\/wp-content\/uploads\/2000001000823.jpg' alt='' ><\/a><\/td><td><p class='rHTitel'>Grote Jan un L\u00fcttje Jan<\/p><p class='rHLabel2'>von  <span class='rHText2'>Albrecht Janssen<\/span><\/p><p><a href='https:\/\/www.web-rr.de\/GHS-Buecherei\/index.php\/p2000001000823\/'>Plattdeutsch 5<\/a><\/p><p class='rHLabel2'>Stichw\u00f6rter: <span class='rHText2'>Wangerooge, Sturm, Nordsee<\/span><\/p><p><span class='rHLabel1'>Status: <\/span><span class='rHText1Gruen'>vorhanden<\/span><\/p><p><span class='rHLabel1'>Antolin: <\/span><span class='rHText1Rot'>Quiz nicht vorhanden.<\/span><\/p><\/td><\/td>\n<\/tr>\n<tr>\n<td><td width=30%><a href='https:\/\/www.web-rr.de\/GHS-Buecherei\/index.php\/p2000001020746\/'><img src='https:\/\/www.web-rr.de\/GHS-Buecherei\/wp-content\/uploads\/2000001020746.jpg' alt='' ><\/a><\/td><td><p class='rHTitel'>Avent\u00fc\u00fcr in L\u00fcttfriesenwichtelfehn \/Abenteuer in L\u00fcttfriesenwichtelfehn: Geschichten f\u00f6r l\u00fctte un grote L\u00fc\u00fcd \/Geschichten f\u00fcr kleine und gro\u00dfe Leute<\/p><p class='rHLabel2'>von  <span class='rHText2'>Renate Detje<\/span><\/p><p><a href='https:\/\/www.web-rr.de\/GHS-Buecherei\/index.php\/p2000001020746\/'>Plattdeutsch 6<\/a><\/p><p class='rHLabel2'>Stichw\u00f6rter: <span class='rHText2'>Nordsee, Fischerdorf, Freunde, Wichtel<\/span><\/p><p><span class='rHLabel1'>Status: <\/span><span class='rHText1Gruen'>vorhanden<\/span><\/p><p><span class='rHLabel1'>Antolin: <\/span><span class='rHText1Rot'>Quiz nicht vorhanden.<\/span><\/p><\/td><\/td>\n<\/tr>\n<tr>\n<td><td width=30%><a href='https:\/\/www.web-rr.de\/GHS-Buecherei\/index.php\/p2000001020739\/'><img src='https:\/\/www.web-rr.de\/GHS-Buecherei\/wp-content\/uploads\/2000001020739.jpg' alt='' ><\/a><\/td><td><p class='rHTitel'>Paba, ick schick di een Dr\u00f6m: Platt- und hochdeutsche B\u00e4rengeschichten<\/p><p class='rHLabel2'>von  <span class='rHText2'>S\u00fcntka Janssen<\/span><\/p><p><a href='https:\/\/www.web-rr.de\/GHS-Buecherei\/index.php\/p2000001020739\/'>Plattdeutsch 7<\/a><\/p><p class='rHLabel2'>Stichw\u00f6rter: <span class='rHText2'>Alltag, Arbeit, Tr\u00e4ume<\/span><\/p><p><span class='rHLabel1'>Status: <\/span><span class='rHText1Gruen'>vorhanden<\/span><\/p><p><span class='rHLabel1'>Antolin: <\/span><span class='rHText1Rot'>Quiz nicht vorhanden.<\/span><\/p><\/td><\/td>\n<\/tr>\n<tr>\n<td><td width=30%><a href='https:\/\/www.web-rr.de\/GHS-Buecherei\/index.php\/p9783986510114\/'><img src='https:\/\/www.web-rr.de\/GHS-Buecherei\/wp-content\/uploads\/9783986510114.jpg' alt='' ><\/a><\/td><td><p class='rHTitel'>Oh, wat moi is Panama<\/p><p class='rHLabel2'>von  <span class='rHText2'>Janosch (Autor), Rita Kropp (\u00dcbersetzer)<\/span><\/p><p><a href='https:\/\/www.web-rr.de\/GHS-Buecherei\/index.php\/p9783986510114\/'>Plattdeutsch 08<\/a><\/p><p class='rHLabel2'>Stichw\u00f6rter: <span class='rHText2'>Fernweh, Heimat, Reise<\/span><\/p><p><span class='rHLabel1'>Status: <\/span><span class='rHText1Rot'>ausgeliehen<\/span><\/p><p><span class='rHLabel1'>Antolin: <\/span><span class='rHText1Rot'>Quiz nicht vorhanden.<\/span><\/p><\/td><\/td>\n<\/tr>\n<\/tbody>\n<\/table>\n","protected":false},"excerpt":{"rendered":"","protected":false},"author":1,"featured_media":0,"parent":0,"menu_order":0,"comment_status":"closed","ping_status":"closed","template":"","meta":[],"_links":{"self":[{"href":"https:\/\/www.web-rr.de\/GHS-Buecherei\/index.php\/wp-json\/wp\/v2\/pages\/5924"}],"collection":[{"href":"https:\/\/www.web-rr.de\/GHS-Buecherei\/index.php\/wp-json\/wp\/v2\/pages"}],"about":[{"href":"https:\/\/www.web-rr.de\/GHS-Buecherei\/index.php\/wp-json\/wp\/v2\/types\/page"}],"author":[{"embeddable":true,"href":"https:\/\/www.web-rr.de\/GHS-Buecherei\/index.php\/wp-json\/wp\/v2\/users\/1"}],"replies":[{"embeddable":true,"href":"https:\/\/www.web-rr.de\/GHS-Buecherei\/index.php\/wp-json\/wp\/v2\/comments?post=5924"}],"version-history":[{"count":0,"href":"https:\/\/www.web-rr.de\/GHS-Buecherei\/index.php\/wp-json\/wp\/v2\/pages\/5924\/revisions"}],"wp:attachment":[{"href":"https:\/\/www.web-rr.de\/GHS-Buecherei\/index.php\/wp-json\/wp\/v2\/media?parent=5924"}],"curies":[{"name":"wp","href":"https:\/\/api.w.org\/{rel}","templated":true}]}}